{"id":900,"date":"2025-01-16T13:02:14","date_gmt":"2025-01-16T12:02:14","guid":{"rendered":"https:\/\/inspire-sport.com\/?page_id=900"},"modified":"2025-01-28T14:30:38","modified_gmt":"2025-01-28T13:30:38","slug":"servicios-personalizados","status":"publish","type":"page","link":"https:\/\/inspire-sport.com\/index.php\/es\/servicios-personalizados\/","title":{"rendered":"Servicios personalizados"},"content":{"rendered":"\n<div class=\"wp-block-media-text is-stacked-on-mobile\"><figure class=\"wp-block-media-text__media\"><img loading=\"lazy\" decoding=\"async\" width=\"1024\" height=\"806\" src=\"https:\/\/inspire-sport.com\/wp-content\/uploads\/2025\/01\/Stage-decouverte-1-3-1024x806.png\" alt=\"\" class=\"wp-image-1179 size-full\" srcset=\"https:\/\/inspire-sport.com\/wp-content\/uploads\/2025\/01\/Stage-decouverte-1-3-1024x806.png 1024w, https:\/\/inspire-sport.com\/wp-content\/uploads\/2025\/01\/Stage-decouverte-1-3-300x236.png 300w, https:\/\/inspire-sport.com\/wp-content\/uploads\/2025\/01\/Stage-decouverte-1-3-768x605.png 768w, https:\/\/inspire-sport.com\/wp-content\/uploads\/2025\/01\/Stage-decouverte-1-3.png 1260w\" sizes=\"auto, (max-width: 1024px) 100vw, 1024px\" \/><\/figure><div class=\"wp-block-media-text__content\">\n<p><strong>Pasant\u00edas de descubrimiento cultural internacional<\/strong><\/p>\n\n\n\n<p>Ofrecemos pr\u00e1cticas inmersivas en el extranjero para ofrecer a los j\u00f3venes talentos una experiencia \u00fanica que combina f\u00fatbol y descubrimiento cultural. Estos cursos permiten a los participantes formarse en entornos variados, interactuar con jugadores internacionales y sumergirse en nuevas culturas, lo que enriquece su desarrollo personal y profesional.<\/p>\n\n\n\n<p><strong>Objetivos :<\/strong><\/p>\n\n\n\n<ul class=\"wp-block-list\">\n<li>Fomentar la apertura mental y la adaptabilidad en los j\u00f3venes deportistas.<\/li>\n\n\n\n<li>Ofrecerles una experiencia formativa diversa y de alto nivel.<\/li>\n\n\n\n<li>Crear oportunidades de visibilidad en el escenario internacional.<\/li>\n<\/ul>\n<\/div><\/div>\n\n\n\n<div class=\"wp-block-media-text has-media-on-the-right is-stacked-on-mobile is-vertically-aligned-center\"><div class=\"wp-block-media-text__content\">\n<p><strong>Detecciones con Pruebas Profesionales<\/strong><\/p>\n\n\n\n<p>Nuestras sesiones de detecci\u00f3n est\u00e1n dise\u00f1adas para evaluar a los j\u00f3venes talentos seg\u00fan criterios profesionales. Estas evaluaciones incluyen pruebas f\u00edsicas, t\u00e9cnicas, t\u00e1cticas y mentales para identificar a los jugadores con potencial para ingresar al f\u00fatbol profesional. Cada jugador recibe una evaluaci\u00f3n detallada, con recomendaciones para su desarrollo.<\/p>\n\n\n\n<p><strong>Objetivos :<\/strong><\/p>\n\n\n\n<ul class=\"wp-block-list\">\n<li>Identificar talentos prometedores y orientarlos hacia caminos adecuados.<\/li>\n\n\n\n<li>Proporcionar a los clubes evaluaciones precisas para facilitar el reclutamiento.<\/li>\n\n\n\n<li>Ayude a los jugadores a comprender sus fortalezas y \u00e1reas de mejora.<\/li>\n<\/ul>\n<\/div><figure class=\"wp-block-media-text__media\"><img loading=\"lazy\" decoding=\"async\" width=\"1024\" height=\"678\" src=\"https:\/\/inspire-sport.com\/wp-content\/uploads\/2025\/01\/Detection-et-test-1-3-1024x678.png\" alt=\"\" class=\"wp-image-1180 size-full\" srcset=\"https:\/\/inspire-sport.com\/wp-content\/uploads\/2025\/01\/Detection-et-test-1-3-1024x678.png 1024w, https:\/\/inspire-sport.com\/wp-content\/uploads\/2025\/01\/Detection-et-test-1-3-300x199.png 300w, https:\/\/inspire-sport.com\/wp-content\/uploads\/2025\/01\/Detection-et-test-1-3-768x509.png 768w, https:\/\/inspire-sport.com\/wp-content\/uploads\/2025\/01\/Detection-et-test-1-3.png 1258w\" sizes=\"auto, (max-width: 1024px) 100vw, 1024px\" \/><\/figure><\/div>\n\n\n\n<div class=\"wp-block-media-text is-stacked-on-mobile\"><figure class=\"wp-block-media-text__media\"><img loading=\"lazy\" decoding=\"async\" width=\"1024\" height=\"691\" src=\"https:\/\/inspire-sport.com\/wp-content\/uploads\/2025\/01\/suivi-personnalise-2-1024x691.png\" alt=\"\" class=\"wp-image-1139 size-full\" srcset=\"https:\/\/inspire-sport.com\/wp-content\/uploads\/2025\/01\/suivi-personnalise-2-1024x691.png 1024w, https:\/\/inspire-sport.com\/wp-content\/uploads\/2025\/01\/suivi-personnalise-2-300x203.png 300w, https:\/\/inspire-sport.com\/wp-content\/uploads\/2025\/01\/suivi-personnalise-2-768x518.png 768w, https:\/\/inspire-sport.com\/wp-content\/uploads\/2025\/01\/suivi-personnalise-2.png 1265w\" sizes=\"auto, (max-width: 1024px) 100vw, 1024px\" \/><\/figure><div class=\"wp-block-media-text__content\">\n<p><strong>Seguimiento personalizado de deportistas<\/strong><\/p>\n\n\n\n<p>Ofrecemos apoyo personalizado para cada deportista, cubriendo todos los aspectos de su progresi\u00f3n deportiva. Este seguimiento incluye planes de entrenamiento personalizados, evaluaciones peri\u00f3dicas del rendimiento y apoyo mental para garantizar un progreso constante y equilibrado.<\/p>\n\n\n\n<p><strong>Objetivos :<\/strong><\/p>\n\n\n\n<ul class=\"wp-block-list\">\n<li>Maximizar el potencial de cada atleta a trav\u00e9s de una supervisi\u00f3n adecuada.<\/li>\n\n\n\n<li>Garantizar un desarrollo armonioso a nivel f\u00edsico, t\u00e9cnico y mental.<\/li>\n\n\n\n<li>Brindar apoyo continuo para mantener la motivaci\u00f3n y el rendimiento.<\/li>\n<\/ul>\n<\/div><\/div>\n\n\n\n<div class=\"wp-block-media-text has-media-on-the-right is-stacked-on-mobile\"><div class=\"wp-block-media-text__content\">\n<p><strong>Apoyo extradeportivo<\/strong><\/p>\n\n\n\n<p>Apoyamos a los atletas m\u00e1s all\u00e1 del campo, ayud\u00e1ndolos a administrar su vida personal y financiera. Nuestros servicios incluyen gesti\u00f3n patrimonial, asesoramiento fiscal personalizado y asistencia jur\u00eddica. El objetivo es garantizar la seguridad y la estabilidad de los atletas a lo largo de sus carreras y despu\u00e9s de su retirada del deporte.<\/p>\n\n\n\n<p><strong>Objetivos :<\/strong><\/p>\n\n\n\n<ul class=\"wp-block-list\">\n<li>Ayudamos a los atletas a asegurar su futuro financiero a trav\u00e9s de una gesti\u00f3n patrimonial eficaz.<\/li>\n\n\n\n<li>Brindar asesor\u00eda fiscal para optimizar sus ingresos y cumplir con las obligaciones legales.<\/li>\n\n\n\n<li>Brindar asistencia legal para proteger sus intereses en todos los aspectos de su vida profesional y personal.<\/li>\n<\/ul>\n<\/div><figure class=\"wp-block-media-text__media\"><img loading=\"lazy\" decoding=\"async\" width=\"1024\" height=\"723\" src=\"https:\/\/inspire-sport.com\/wp-content\/uploads\/2025\/01\/Accompagnement-Extra-Sportif-1-3-1024x723.png\" alt=\"\" class=\"wp-image-1181 size-full\" srcset=\"https:\/\/inspire-sport.com\/wp-content\/uploads\/2025\/01\/Accompagnement-Extra-Sportif-1-3-1024x723.png 1024w, https:\/\/inspire-sport.com\/wp-content\/uploads\/2025\/01\/Accompagnement-Extra-Sportif-1-3-300x212.png 300w, https:\/\/inspire-sport.com\/wp-content\/uploads\/2025\/01\/Accompagnement-Extra-Sportif-1-3-768x542.png 768w, https:\/\/inspire-sport.com\/wp-content\/uploads\/2025\/01\/Accompagnement-Extra-Sportif-1-3.png 1256w\" sizes=\"auto, (max-width: 1024px) 100vw, 1024px\" \/><\/figure><\/div>\n\n\n\n<p>Estos servicios personalizados est\u00e1n dise\u00f1ados para brindar apoyo integral a los j\u00f3venes talentos, asegurando su desarrollo deportivo y personal, y prepar\u00e1ndolos para tener \u00e9xito en todos los aspectos de sus carreras.<\/p>\n\n\n\n<div class=\"wp-block-group alignfull has-contrast-color has-nv-dark-bg-background-color has-text-color has-background is-vertical is-content-justification-center is-layout-flex wp-container-core-group-is-layout-f1198d31 wp-block-group-is-layout-flex\" style=\"min-height:40vh;margin-top:0;margin-bottom:0;padding-top:var(--wp--preset--spacing--60);padding-right:var(--wp--preset--spacing--50);padding-bottom:var(--wp--preset--spacing--60);padding-left:var(--wp--preset--spacing--50)\"><div style=\"margin-bottom:6px;\" class=\"is-default-size aligncenter wp-block-site-logo\"><a href=\"https:\/\/inspire-sport.com\/\" class=\"custom-logo-link\" rel=\"home\"><img loading=\"lazy\" decoding=\"async\" width=\"168\" height=\"168\" src=\"https:\/\/inspire-sport.com\/wp-content\/uploads\/2024\/04\/Sujet.png\" class=\"custom-logo\" alt=\"INSPIRE SPORT CONSULTING\" srcset=\"https:\/\/inspire-sport.com\/wp-content\/uploads\/2024\/04\/Sujet.png 168w, https:\/\/inspire-sport.com\/wp-content\/uploads\/2024\/04\/Sujet-150x150.png 150w\" sizes=\"auto, (max-width: 168px) 100vw, 168px\" \/><\/a><\/div>\n\n\n<p class=\"has-text-align-center has-text-color has-link-color has-medium-font-size wp-elements-b84488d770ba6ff4a6fd4cf436be9810\" style=\"color:#eee53a\">Win together on your<br>next project<\/p>\n<\/div>\n","protected":false},"excerpt":{"rendered":"<p>Estos servicios personalizados est\u00e1n dise\u00f1ados para brindar apoyo integral a los j\u00f3venes talentos, asegurando su desarrollo deportivo y personal, y prepar\u00e1ndolos para tener \u00e9xito en todos los aspectos de sus carreras. Win together on yournext project<\/p>\n","protected":false},"author":1,"featured_media":0,"parent":0,"menu_order":0,"comment_status":"closed","ping_status":"closed","template":"","meta":{"neve_meta_sidebar":"","neve_meta_container":"","neve_meta_enable_content_width":"","neve_meta_content_width":0,"neve_meta_title_alignment":"","neve_meta_author_avatar":"","neve_post_elements_order":"","neve_meta_disable_header":"","neve_meta_disable_footer":"","neve_meta_disable_title":"","_themeisle_gutenberg_block_has_review":false,"_ti_tpc_template_sync":false,"_ti_tpc_template_id":"","footnotes":""},"folder":[35],"class_list":["post-900","page","type-page","status-publish","hentry"],"_links":{"self":[{"href":"https:\/\/inspire-sport.com\/index.php\/wp-json\/wp\/v2\/pages\/900","targetHints":{"allow":["GET"]}}],"collection":[{"href":"https:\/\/inspire-sport.com\/index.php\/wp-json\/wp\/v2\/pages"}],"about":[{"href":"https:\/\/inspire-sport.com\/index.php\/wp-json\/wp\/v2\/types\/page"}],"author":[{"embeddable":true,"href":"https:\/\/inspire-sport.com\/index.php\/wp-json\/wp\/v2\/users\/1"}],"replies":[{"embeddable":true,"href":"https:\/\/inspire-sport.com\/index.php\/wp-json\/wp\/v2\/comments?post=900"}],"version-history":[{"count":3,"href":"https:\/\/inspire-sport.com\/index.php\/wp-json\/wp\/v2\/pages\/900\/revisions"}],"predecessor-version":[{"id":1182,"href":"https:\/\/inspire-sport.com\/index.php\/wp-json\/wp\/v2\/pages\/900\/revisions\/1182"}],"wp:attachment":[{"href":"https:\/\/inspire-sport.com\/index.php\/wp-json\/wp\/v2\/media?parent=900"}],"wp:term":[{"taxonomy":"folder","embeddable":true,"href":"https:\/\/inspire-sport.com\/index.php\/wp-json\/wp\/v2\/folder?post=900"}],"curies":[{"name":"wp","href":"https:\/\/api.w.org\/{rel}","templated":true}]}}