{"id":891,"date":"2025-01-16T12:58:42","date_gmt":"2025-01-16T11:58:42","guid":{"rendered":"https:\/\/inspire-sport.com\/?page_id=891"},"modified":"2025-01-29T17:08:40","modified_gmt":"2025-01-29T16:08:40","slug":"quienes-somos","status":"publish","type":"page","link":"https:\/\/inspire-sport.com\/index.php\/es\/quienes-somos\/","title":{"rendered":"\u00bfQuienes somos?"},"content":{"rendered":"\n<div class=\"wp-block-cover alignfull\" style=\"min-height:300px;aspect-ratio:unset;\"><span aria-hidden=\"true\" class=\"wp-block-cover__background has-nv-site-bg-background-color has-background-dim-100 has-background-dim\"><\/span><div class=\"wp-block-cover__inner-container is-layout-flow wp-block-cover-is-layout-flow\">\n<div class=\"wp-block-group\"><div class=\"wp-block-group__inner-container is-layout-flow wp-block-group-is-layout-flow\">\n<h2 class=\"wp-block-heading has-text-align-left has-neve-text-color-color has-text-color\">\u00bfQuienes somos?<\/h2>\n<\/div><\/div>\n<\/div><\/div>\n\n\n\n<div class=\"wp-block-cover alignfull\" style=\"min-height:600px;aspect-ratio:unset;\"><span aria-hidden=\"true\" class=\"wp-block-cover__background has-nv-light-bg-background-color has-background-dim-100 has-background-dim\"><\/span><div class=\"wp-block-cover__inner-container is-layout-flow wp-block-cover-is-layout-flow\">\n<div class=\"wp-block-group\"><div class=\"wp-block-group__inner-container is-layout-flow wp-block-group-is-layout-flow\">\n<div style=\"height:80px\" aria-hidden=\"true\" class=\"wp-block-spacer\"><\/div>\n\n\n\n<div class=\"wp-block-columns are-vertically-aligned-center has-neve-text-color-color has-text-color is-layout-flex wp-container-core-columns-is-layout-9d6595d7 wp-block-columns-is-layout-flex\">\n<div class=\"wp-block-column is-vertically-aligned-center is-layout-flow wp-block-column-is-layout-flow\" style=\"flex-basis:50%\">\n<figure class=\"wp-block-image size-large is-resized\"><img loading=\"lazy\" decoding=\"async\" width=\"1024\" height=\"576\" src=\"https:\/\/inspire-sport.com\/wp-content\/uploads\/2024\/04\/Design-sans-titre-3-1-1024x576.png\" alt=\"\" class=\"wp-image-565\" style=\"aspect-ratio:1.0272727272727273;object-fit:cover;width:551px;height:auto\" srcset=\"https:\/\/inspire-sport.com\/wp-content\/uploads\/2024\/04\/Design-sans-titre-3-1-1024x576.png 1024w, https:\/\/inspire-sport.com\/wp-content\/uploads\/2024\/04\/Design-sans-titre-3-1-300x169.png 300w, https:\/\/inspire-sport.com\/wp-content\/uploads\/2024\/04\/Design-sans-titre-3-1-768x432.png 768w, https:\/\/inspire-sport.com\/wp-content\/uploads\/2024\/04\/Design-sans-titre-3-1-1536x864.png 1536w, https:\/\/inspire-sport.com\/wp-content\/uploads\/2024\/04\/Design-sans-titre-3-1.png 1920w\" sizes=\"auto, (max-width: 1024px) 100vw, 1024px\" \/><\/figure>\n<\/div>\n\n\n\n<div class=\"wp-block-column is-vertically-aligned-center is-layout-flow wp-block-column-is-layout-flow\" style=\"flex-basis:50%\">\n<h2 class=\"wp-block-heading has-neve-text-color-color has-text-color\">Hist\u00f3rico<\/h2>\n\n\n\n<p><strong>Inspire Sport Consulting<\/strong> <strong>fue creada en 2019<\/strong>, es una empresa de scouting, gesti\u00f3n, consultor\u00eda e intermediaci\u00f3n comercial.<br>Especializado en apoyar a clubes, academias, federaciones, estados, ligas y j\u00f3venes talentos del f\u00fatbol.<\/p>\n\n\n\n<p>Tambi\u00e9n ofrece servicios de gesti\u00f3n y consultor\u00eda a sus clientes en todo el mundo.<br>ISC tiene 5 actividades principales llamadas Negocio del F\u00fatbol que son las siguientes:<\/p>\n\n\n\n<ul class=\"wp-block-list\">\n<li><strong>Auditor\u00eda\/Experiencia<\/strong> (desarrollo y estructuraci\u00f3n).<\/li>\n\n\n\n<li><strong>Derechos de imagen de apoyo a la carrera<\/strong> (deportistas profesionales).<\/li>\n\n\n\n<li><strong>Proveedor de oportunidades<\/strong> (redes de negocios).<\/li>\n\n\n\n<li><strong>Marketing de Eventos<\/strong> (Organizaci\u00f3n de partidos, torneos, cursos de formaci\u00f3n y detecciones).<\/li>\n\n\n\n<li><strong>Asesoramiento a clubes profesionales del scouting<\/strong> (base de datos de perfiles, colaboraciones con clubes profesionales y amateurs).<\/li>\n<\/ul>\n\n\n\n<p><\/p>\n<\/div>\n<\/div>\n\n\n\n<div style=\"height:40px\" aria-hidden=\"true\" class=\"wp-block-spacer\"><\/div>\n<\/div><\/div>\n<\/div><\/div>\n\n\n\n<p>Desde 2023, <strong>ISC <\/strong>cuenta con numerosos representantes en todo el mundo, que facilitan los distintos intercambios comerciales para todas sus actividades profesionales.<\/p>\n\n\n\n<p>Brasil, Argentina, Estados Unidos, Canad\u00e1, Singapur, Malasia, Tailandia, Indochina, Mal\u00ed, los dos Congos, la Rep\u00fablica de Guinea, Costa de Marfil, Kenia, Gab\u00f3n, Camer\u00fan, N\u00edger, Ben\u00edn y Europa.<\/p>\n\n\n\n<div class=\"wp-block-columns is-layout-flex wp-container-core-columns-is-layout-9d6595d7 wp-block-columns-is-layout-flex\">\n<div class=\"wp-block-column is-layout-flow wp-block-column-is-layout-flow\" style=\"flex-basis:100%\">\n<div class=\"wp-block-columns is-layout-flex wp-container-core-columns-is-layout-9d6595d7 wp-block-columns-is-layout-flex\">\n<div class=\"wp-block-column is-layout-flow wp-block-column-is-layout-flow\">\n<figure class=\"wp-block-table is-style-stripes\"><table class=\"has-fixed-layout\"><tbody><tr><td class=\"has-text-align-center\" data-align=\"center\"><img decoding=\"async\" src=\"https:\/\/inspire-sport.com\/wp-content\/uploads\/2025\/01\/32-brasil_400px.webp\" alt=\"\"><\/td><td><img decoding=\"async\" src=\"http:\/\/inspire-sport.com\/wp-content\/uploads\/2024\/12\/image-8.png\" alt=\"\" style=\"\"><\/td><td><img decoding=\"async\" src=\"http:\/\/inspire-sport.com\/wp-content\/uploads\/2024\/12\/image-10.png\" alt=\"\" style=\"\"><\/td><\/tr><tr><td class=\"has-text-align-center\" data-align=\"center\"><img decoding=\"async\" src=\"https:\/\/inspire-sport.com\/wp-content\/uploads\/2025\/01\/drapeau-angola.webp\" alt=\"\"><\/td><td><img decoding=\"async\" src=\"http:\/\/inspire-sport.com\/wp-content\/uploads\/2024\/12\/image-11.png\" alt=\"\"><\/td><td><img decoding=\"async\" src=\"https:\/\/inspire-sport.com\/wp-content\/uploads\/2025\/01\/spain-flag-png-large.webp\" alt=\"\"><\/td><\/tr><tr><td class=\"has-text-align-center\" data-align=\"center\"><img decoding=\"async\" src=\"https:\/\/inspire-sport.com\/wp-content\/uploads\/2025\/01\/union-jack-1027898_640.webp\" alt=\"\"><\/td><td><img decoding=\"async\" src=\"https:\/\/inspire-sport.com\/wp-content\/uploads\/2025\/01\/sg-1.webp\" alt=\"\"><\/td><td><img decoding=\"async\" src=\"https:\/\/inspire-sport.com\/wp-content\/uploads\/2025\/01\/drapeau-argentine.webp\" alt=\"\"><\/td><\/tr><\/tbody><\/table><\/figure>\n<\/div>\n<\/div>\n<\/div>\n<\/div>\n\n\n\n<p>Colabora con varios socios en el \u00e1mbito del f\u00fatbol y <strong>posee una acreditaci\u00f3n como representante exclusivo<\/strong> de clubes profesionales de Am\u00e9rica Latina, Europa, \u00c1frica y Asia con el fin de desarrollar y crear v\u00ednculos de intercambio e intercambios culturales entre las poblaciones.<\/p>\n\n\n\n<p>El equipo formado por Inspire Sport Consulting pone gran \u00e9nfasis en la calidad del trabajo que deber\u00e1 realizar. Para ello, este equipo intervendr\u00e1 sobre el terreno para realizar una auditor\u00eda completa.<\/p>\n\n\n\n<p><\/p>\n\n\n\n<p><\/p>\n\n\n\n<p class=\"has-text-align-center has-nv-dark-bg-color has-text-color has-link-color has-large-font-size wp-elements-0d73762efdaeb8b8a0219a263f423411\"><strong>Nuestras asociaciones de transferencia<\/strong><\/p>\n\n\n\n<div class=\"wp-block-cover alignfull\" style=\"min-height:872px;aspect-ratio:unset;\"><span aria-hidden=\"true\" class=\"wp-block-cover__background has-nv-site-bg-background-color has-background-dim-100 has-background-dim\"><\/span><div class=\"wp-block-cover__inner-container is-layout-flow wp-block-cover-is-layout-flow\">\n<div class=\"wp-block-group\"><div class=\"wp-block-group__inner-container is-layout-flow wp-block-group-is-layout-flow\">\n<div style=\"height:80px\" aria-hidden=\"true\" class=\"wp-block-spacer\"><\/div>\n\n\n\n<div class=\"wp-block-columns is-layout-flex wp-container-core-columns-is-layout-9d6595d7 wp-block-columns-is-layout-flex\">\n<div class=\"wp-block-column is-layout-flow wp-block-column-is-layout-flow\"><div class=\"wp-block-image is-style-default\">\n<figure class=\"aligncenter size-full is-resized\"><img loading=\"lazy\" decoding=\"async\" width=\"291\" height=\"296\" src=\"http:\/\/inspire-sport.com\/wp-content\/uploads\/2025\/01\/veretout-e1736955718946.webp\" alt=\"\" class=\"wp-image-807\" style=\"width:316px;height:auto\"\/><\/figure>\n<\/div>\n\n\n<div style=\"height:24px\" aria-hidden=\"true\" class=\"wp-block-spacer\"><\/div>\n\n\n\n<h3 class=\"wp-block-heading has-neve-text-color-color has-text-color\">Jordan Marcel Gilbert Veretout<\/h3>\n\n\n\n<p class=\"has-text-align-center has-neve-text-color-color has-text-color\">MEDIO AMBIENTE<\/p>\n\n\n\n<div style=\"height:40px\" aria-hidden=\"true\" class=\"wp-block-spacer\"><\/div>\n<\/div>\n\n\n\n<div class=\"wp-block-column is-layout-flow wp-block-column-is-layout-flow\"><div class=\"wp-block-image is-style-default\">\n<figure class=\"aligncenter size-full is-resized\"><img loading=\"lazy\" decoding=\"async\" width=\"350\" height=\"350\" src=\"http:\/\/inspire-sport.com\/wp-content\/uploads\/2024\/04\/bony.webp\" alt=\"\" class=\"wp-image-372\" style=\"width:320px;height:auto\" srcset=\"https:\/\/inspire-sport.com\/wp-content\/uploads\/2024\/04\/bony.webp 350w, https:\/\/inspire-sport.com\/wp-content\/uploads\/2024\/04\/bony-300x300.webp 300w, https:\/\/inspire-sport.com\/wp-content\/uploads\/2024\/04\/bony-150x150.webp 150w\" sizes=\"auto, (max-width: 350px) 100vw, 350px\" \/><\/figure>\n<\/div>\n\n\n<div style=\"height:24px\" aria-hidden=\"true\" class=\"wp-block-spacer\"><\/div>\n\n\n\n<h3 class=\"wp-block-heading has-text-align-center has-neve-text-color-color has-text-color\">Wilfried Guemiand Bony<\/h3>\n\n\n\n<p class=\"has-text-align-center has-neve-text-color-color has-text-color\">ATACANTE<\/p>\n\n\n\n<div style=\"height:40px\" aria-hidden=\"true\" class=\"wp-block-spacer\"><\/div>\n<\/div>\n\n\n\n<div class=\"wp-block-column is-layout-flow wp-block-column-is-layout-flow\"><div class=\"wp-block-image is-style-default\">\n<figure class=\"aligncenter size-full is-resized\"><img loading=\"lazy\" decoding=\"async\" width=\"512\" height=\"512\" src=\"http:\/\/inspire-sport.com\/wp-content\/uploads\/2024\/04\/P62573.png\" alt=\"\" class=\"wp-image-373\" style=\"width:324px;height:auto\" srcset=\"https:\/\/inspire-sport.com\/wp-content\/uploads\/2024\/04\/P62573.png 512w, https:\/\/inspire-sport.com\/wp-content\/uploads\/2024\/04\/P62573-300x300.png 300w, https:\/\/inspire-sport.com\/wp-content\/uploads\/2024\/04\/P62573-150x150.png 150w\" sizes=\"auto, (max-width: 512px) 100vw, 512px\" \/><\/figure>\n<\/div>\n\n\n<div style=\"height:24px\" aria-hidden=\"true\" class=\"wp-block-spacer\"><\/div>\n\n\n\n<h3 class=\"wp-block-heading has-text-align-center has-neve-text-color-color has-text-color\">Batista Ad\u00e9lino Mendy<\/h3>\n\n\n\n<p class=\"has-text-align-center has-neve-text-color-color has-text-color\">MEDIO AMBIENTE<\/p>\n\n\n\n<div style=\"height:40px\" aria-hidden=\"true\" class=\"wp-block-spacer\"><\/div>\n<\/div>\n<\/div>\n\n\n\n<div style=\"height:40px\" aria-hidden=\"true\" class=\"wp-block-spacer\"><\/div>\n<\/div><\/div>\n<\/div><\/div>\n\n\n\n<div class=\"wp-block-group alignfull has-contrast-color has-nv-dark-bg-background-color has-text-color has-background is-vertical is-content-justification-center is-layout-flex wp-container-core-group-is-layout-f1198d31 wp-block-group-is-layout-flex\" style=\"min-height:40vh;margin-top:0;margin-bottom:0;padding-top:var(--wp--preset--spacing--60);padding-right:var(--wp--preset--spacing--50);padding-bottom:var(--wp--preset--spacing--60);padding-left:var(--wp--preset--spacing--50)\"><div style=\"margin-bottom:6px;\" class=\"is-default-size aligncenter wp-block-site-logo\"><a href=\"https:\/\/inspire-sport.com\/\" class=\"custom-logo-link\" rel=\"home\"><img loading=\"lazy\" decoding=\"async\" width=\"168\" height=\"168\" src=\"https:\/\/inspire-sport.com\/wp-content\/uploads\/2024\/04\/Sujet.png\" class=\"custom-logo\" alt=\"INSPIRE SPORT CONSULTING\" srcset=\"https:\/\/inspire-sport.com\/wp-content\/uploads\/2024\/04\/Sujet.png 168w, https:\/\/inspire-sport.com\/wp-content\/uploads\/2024\/04\/Sujet-150x150.png 150w\" sizes=\"auto, (max-width: 168px) 100vw, 168px\" \/><\/a><\/div>\n\n\n<p class=\"has-text-align-center has-text-color has-link-color has-medium-font-size wp-elements-d218e058d60a49291c3646c910287a20\" style=\"color:#eee53a\"><strong>Win together on your<br>next project<\/strong><\/p>\n\n\n\n<p><\/p>\n<\/div>\n","protected":false},"excerpt":{"rendered":"<p>Desde 2023, ISC cuenta con numerosos representantes en todo el mundo, que facilitan los distintos intercambios comerciales para todas sus actividades profesionales. Brasil, Argentina, Estados Unidos, Canad\u00e1, Singapur, Malasia, Tailandia, Indochina, Mal\u00ed, los dos Congos, la Rep\u00fablica de Guinea, Costa de Marfil, Kenia, Gab\u00f3n, Camer\u00fan, N\u00edger, Ben\u00edn y Europa. Colabora con varios socios en el&hellip;&nbsp;<a href=\"https:\/\/inspire-sport.com\/index.php\/es\/quienes-somos\/\" class=\"\" rel=\"bookmark\">Lire la suite &raquo;<span class=\"screen-reader-text\">\u00bfQuienes somos?<\/span><\/a><\/p>\n","protected":false},"author":1,"featured_media":0,"parent":0,"menu_order":0,"comment_status":"closed","ping_status":"closed","template":"","meta":{"neve_meta_sidebar":"default","neve_meta_container":"default","neve_meta_enable_content_width":"on","neve_meta_content_width":100,"neve_meta_title_alignment":"","neve_meta_author_avatar":"","neve_post_elements_order":"","neve_meta_disable_header":"","neve_meta_disable_footer":"","neve_meta_disable_title":"on","_themeisle_gutenberg_block_has_review":false,"_ti_tpc_template_sync":false,"_ti_tpc_template_id":"","footnotes":""},"folder":[35],"class_list":["post-891","page","type-page","status-publish","hentry"],"_links":{"self":[{"href":"https:\/\/inspire-sport.com\/index.php\/wp-json\/wp\/v2\/pages\/891","targetHints":{"allow":["GET"]}}],"collection":[{"href":"https:\/\/inspire-sport.com\/index.php\/wp-json\/wp\/v2\/pages"}],"about":[{"href":"https:\/\/inspire-sport.com\/index.php\/wp-json\/wp\/v2\/types\/page"}],"author":[{"embeddable":true,"href":"https:\/\/inspire-sport.com\/index.php\/wp-json\/wp\/v2\/users\/1"}],"replies":[{"embeddable":true,"href":"https:\/\/inspire-sport.com\/index.php\/wp-json\/wp\/v2\/comments?post=891"}],"version-history":[{"count":11,"href":"https:\/\/inspire-sport.com\/index.php\/wp-json\/wp\/v2\/pages\/891\/revisions"}],"predecessor-version":[{"id":1317,"href":"https:\/\/inspire-sport.com\/index.php\/wp-json\/wp\/v2\/pages\/891\/revisions\/1317"}],"wp:attachment":[{"href":"https:\/\/inspire-sport.com\/index.php\/wp-json\/wp\/v2\/media?parent=891"}],"wp:term":[{"taxonomy":"folder","embeddable":true,"href":"https:\/\/inspire-sport.com\/index.php\/wp-json\/wp\/v2\/folder?post=891"}],"curies":[{"name":"wp","href":"https:\/\/api.w.org\/{rel}","templated":true}]}}