{"id":889,"date":"2025-01-16T12:48:08","date_gmt":"2025-01-16T11:48:08","guid":{"rendered":"https:\/\/inspire-sport.com\/?page_id=889"},"modified":"2025-01-16T12:48:08","modified_gmt":"2025-01-16T11:48:08","slug":"politica-de-privacidad","status":"publish","type":"page","link":"https:\/\/inspire-sport.com\/index.php\/es\/politica-de-privacidad\/","title":{"rendered":"Pol\u00edtica de privacidad"},"content":{"rendered":"\n<p class=\"has-large-font-size\"><strong>\u00bfQuienes somos?<\/strong><\/p>\n\n\n\n<p><strong>Texto sugerido: <\/strong>La direcci\u00f3n de nuestro sitio web es: http:\/\/inspire-sport.com.<\/p>\n\n\n\n<p class=\"has-large-font-size\"><strong>Comentarios<\/strong><\/p>\n\n\n\n<p><strong>Texto sugerido: <\/strong>Cuando los visitantes dejan comentarios en el sitio, recopilamos los datos que se muestran en el formulario de comentarios, as\u00ed como la direcci\u00f3n IP del visitante y la cadena del agente de usuario del navegador para ayudar a la detecci\u00f3n de spam.<\/p>\n\n\n\n<p>Es posible que se proporcione al servicio Gravatar una cadena an\u00f3nima creada a partir de su direcci\u00f3n de correo electr\u00f3nico (tambi\u00e9n llamada hash) para ver si la est\u00e1 utilizando. La pol\u00edtica de privacidad del servicio Gravatar est\u00e1 disponible aqu\u00ed: https:\/\/automattic.com\/privacy\/. Despu\u00e9s de validar tu comentario, tu foto de perfil ser\u00e1 visible p\u00fablicamente junto a tu comentario.<\/p>\n\n\n\n<p class=\"has-large-font-size\"><strong>Medios de comunicaci\u00f3n<\/strong><\/p>\n\n\n\n<p><strong>Texto sugerido:<\/strong> Si carga im\u00e1genes al sitio web, le recomendamos que evite cargar im\u00e1genes con datos GPS EXIF \u200b\u200b\u200b\u200bincluidos. Las personas que visitan su sitio pueden descargar y extraer datos de ubicaci\u00f3n de estas im\u00e1genes.<\/p>\n\n\n\n<p class=\"has-large-font-size\"><strong>Galletas<\/strong><\/p>\n\n\n\n<p><strong>Texto sugerido:<\/strong> Si deja un comentario en nuestro sitio, se le pedir\u00e1 que guarde su nombre, direcci\u00f3n de correo electr\u00f3nico y sitio web en cookies. Estos son s\u00f3lo para su conveniencia para que no tenga que completar sus datos nuevamente cuando deje otro comentario. Estas cookies caducan al cabo de un a\u00f1o.<\/p>\n\n\n\n<p>Si visita la p\u00e1gina de inicio de sesi\u00f3n, se instalar\u00e1 una cookie temporal para determinar si su navegador acepta cookies. No contiene ning\u00fan dato personal y se eliminar\u00e1 autom\u00e1ticamente cuando cierre su navegador.<\/p>\n\n\n\n<p>Cuando inicie sesi\u00f3n, tambi\u00e9n configuraremos varias cookies para guardar su informaci\u00f3n de inicio de sesi\u00f3n y sus opciones de visualizaci\u00f3n de pantalla. La vida \u00fatil de una cookie de conexi\u00f3n es de dos d\u00edas, la de una cookie de opci\u00f3n de pantalla es de un a\u00f1o. Si marca &#8220;Recordarme&#8221;, su cookie de inicio de sesi\u00f3n se conservar\u00e1 durante dos semanas. Si cierra la sesi\u00f3n de su cuenta, se eliminar\u00e1 la cookie de inicio de sesi\u00f3n.<\/p>\n\n\n\n<p>Al editar o publicar una entrada, se guardar\u00e1 una cookie adicional en su navegador. Esta cookie no incluye ning\u00fan dato personal. Simplemente indica el ID de la publicaci\u00f3n que acabas de editar. Caduca al cabo de un d\u00eda.<\/p>\n\n\n\n<p class=\"has-large-font-size\"><strong>Contenido incrustado de otros sitios<\/strong><\/p>\n\n\n\n<p><strong>Texto sugerido:<\/strong> Los art\u00edculos de este sitio pueden incluir contenido incrustado (por ejemplo, v\u00eddeos, im\u00e1genes, art\u00edculos, etc.). El contenido incrustado de otros sitios web se comporta exactamente de la misma manera que si el visitante hubiera visitado el otro sitio web.<\/p>\n\n\n\n<p>Estos sitios web pueden recopilar datos sobre usted, utilizar cookies, incrustar un seguimiento adicional de terceros y supervisar su interacci\u00f3n con ese contenido incrustado, incluido el seguimiento de su interacci\u00f3n con el contenido incrustado si tiene una cuenta y est\u00e1 conectado a ese sitio web.<\/p>\n\n\n\n<p class=\"has-large-font-size\"><strong>Uso y transmisi\u00f3n de sus datos personales<\/strong><\/p>\n\n\n\n<p><strong>Texto sugerido: <\/strong>Si solicita un restablecimiento de contrase\u00f1a, su direcci\u00f3n IP se incluir\u00e1 en el correo electr\u00f3nico de restablecimiento.<\/p>\n\n\n\n<p class=\"has-large-font-size\"><strong>Duraci\u00f3n del almacenamiento de sus datos<\/strong><\/p>\n\n\n\n<p>Texto sugerido: Si deja un comentario, el comentario y sus metadatos se conservan indefinidamente. Esto nos permite reconocer y aprobar autom\u00e1ticamente cualquier comentario de seguimiento en lugar de dejarlos en la cola de moderaci\u00f3n.<\/p>\n\n\n\n<p>Para las cuentas que se registran en nuestro sitio (si las hay), tambi\u00e9n almacenamos la informaci\u00f3n personal que proporcionan en su perfil. Todas las cuentas pueden ver, editar o eliminar su informaci\u00f3n personal en cualquier momento (excepto su nombre de usuario). Los administradores del sitio tambi\u00e9n pueden ver y editar esta informaci\u00f3n.<\/p>\n\n\n\n<p class=\"has-large-font-size\"><strong>Los derechos que tienes sobre tus datos<\/strong><\/p>\n\n\n\n<p><strong>Texto sugerido:<\/strong> Si tiene una cuenta en este sitio o ha dejado comentarios, puede solicitar recibir un archivo de los datos personales que tenemos sobre usted, incluyendo cualquier dato que nos haya proporcionado. Tambi\u00e9n puede solicitar la eliminaci\u00f3n de los datos personales que le conciernen. Esto no incluye ning\u00fan dato almacenado con fines administrativos, legales o de seguridad.<\/p>\n\n\n\n<p class=\"has-large-font-size\"><strong>Transmisi\u00f3n de sus datos personales<\/strong><\/p>\n\n\n\n<p><strong>Texto sugerido:<\/strong> Los comentarios de los visitantes pueden revisarse a trav\u00e9s de un servicio de detecci\u00f3n autom\u00e1tica de spam.<\/p>\n","protected":false},"excerpt":{"rendered":"<p>\u00bfQuienes somos? Texto sugerido: La direcci\u00f3n de nuestro sitio web es: http:\/\/inspire-sport.com. Comentarios Texto sugerido: Cuando los visitantes dejan comentarios en el sitio, recopilamos los datos que se muestran en el formulario de comentarios, as\u00ed como la direcci\u00f3n IP del visitante y la cadena del agente de usuario del navegador para ayudar a la detecci\u00f3n&hellip;&nbsp;<a href=\"https:\/\/inspire-sport.com\/index.php\/es\/politica-de-privacidad\/\" class=\"\" rel=\"bookmark\">Lire la suite &raquo;<span class=\"screen-reader-text\">Pol\u00edtica de privacidad<\/span><\/a><\/p>\n","protected":false},"author":1,"featured_media":0,"parent":0,"menu_order":0,"comment_status":"closed","ping_status":"closed","template":"","meta":{"neve_meta_sidebar":"","neve_meta_container":"","neve_meta_enable_content_width":"","neve_meta_content_width":0,"neve_meta_title_alignment":"","neve_meta_author_avatar":"","neve_post_elements_order":"","neve_meta_disable_header":"","neve_meta_disable_footer":"","neve_meta_disable_title":"","_themeisle_gutenberg_block_has_review":false,"_ti_tpc_template_sync":false,"_ti_tpc_template_id":"","footnotes":""},"folder":[35],"class_list":["post-889","page","type-page","status-publish","hentry"],"_links":{"self":[{"href":"https:\/\/inspire-sport.com\/index.php\/wp-json\/wp\/v2\/pages\/889","targetHints":{"allow":["GET"]}}],"collection":[{"href":"https:\/\/inspire-sport.com\/index.php\/wp-json\/wp\/v2\/pages"}],"about":[{"href":"https:\/\/inspire-sport.com\/index.php\/wp-json\/wp\/v2\/types\/page"}],"author":[{"embeddable":true,"href":"https:\/\/inspire-sport.com\/index.php\/wp-json\/wp\/v2\/users\/1"}],"replies":[{"embeddable":true,"href":"https:\/\/inspire-sport.com\/index.php\/wp-json\/wp\/v2\/comments?post=889"}],"version-history":[{"count":1,"href":"https:\/\/inspire-sport.com\/index.php\/wp-json\/wp\/v2\/pages\/889\/revisions"}],"predecessor-version":[{"id":890,"href":"https:\/\/inspire-sport.com\/index.php\/wp-json\/wp\/v2\/pages\/889\/revisions\/890"}],"wp:attachment":[{"href":"https:\/\/inspire-sport.com\/index.php\/wp-json\/wp\/v2\/media?parent=889"}],"wp:term":[{"taxonomy":"folder","embeddable":true,"href":"https:\/\/inspire-sport.com\/index.php\/wp-json\/wp\/v2\/folder?post=889"}],"curies":[{"name":"wp","href":"https:\/\/api.w.org\/{rel}","templated":true}]}}