{"id":881,"date":"2025-01-16T12:31:45","date_gmt":"2025-01-16T11:31:45","guid":{"rendered":"https:\/\/inspire-sport.com\/?page_id=881"},"modified":"2025-01-28T14:28:13","modified_gmt":"2025-01-28T13:28:13","slug":"nuestras-actividades","status":"publish","type":"page","link":"https:\/\/inspire-sport.com\/index.php\/es\/nuestras-actividades\/","title":{"rendered":"Nuestras actividades"},"content":{"rendered":"\n<div class=\"wp-block-cover alignfull\" style=\"min-height:300px;aspect-ratio:unset;\"><span aria-hidden=\"true\" class=\"wp-block-cover__background has-nv-site-bg-background-color has-background-dim-100 has-background-dim\"><\/span><div class=\"wp-block-cover__inner-container is-layout-flow wp-block-cover-is-layout-flow\">\n<div class=\"wp-block-group\"><div class=\"wp-block-group__inner-container is-layout-flow wp-block-group-is-layout-flow\">\n<p><\/p>\n\n\n\n<h2 class=\"wp-block-heading has-text-align-left has-neve-text-color-color has-text-color\">Nuestras actividades<\/h2>\n<\/div><\/div>\n\n\n\n<div class=\"wp-block-media-text is-stacked-on-mobile\"><figure class=\"wp-block-media-text__media\"><img loading=\"lazy\" decoding=\"async\" width=\"1013\" height=\"704\" src=\"https:\/\/inspire-sport.com\/wp-content\/uploads\/2025\/01\/audit-2.png\" alt=\"\" class=\"wp-image-1126 size-full\" srcset=\"https:\/\/inspire-sport.com\/wp-content\/uploads\/2025\/01\/audit-2.png 1013w, https:\/\/inspire-sport.com\/wp-content\/uploads\/2025\/01\/audit-2-300x208.png 300w, https:\/\/inspire-sport.com\/wp-content\/uploads\/2025\/01\/audit-2-768x534.png 768w\" sizes=\"auto, (max-width: 1013px) 100vw, 1013px\" \/><\/figure><div class=\"wp-block-media-text__content\">\n<p class=\"has-nv-dark-bg-color has-text-color has-link-color wp-elements-288371406c9586d7f56224a5a9ddb56f\"><strong>Auditor\u00eda\/Experiencia (Desarrollo y Estructuraci\u00f3n)<\/strong><\/p>\n\n\n\n<p class=\"has-nv-dark-bg-color has-text-color has-link-color wp-elements-7b4e85ba71da9f81ec369ff325f7bf4c\">Ofrecemos un servicio completo de auditor\u00eda para clubes, academias, federaciones y otras estructuras deportivas. Nuestros expertos realizan un an\u00e1lisis en profundidad de la organizaci\u00f3n, la infraestructura, las estrategias de desarrollo y el rendimiento general. A partir de esta evaluaci\u00f3n, brindamos recomendaciones espec\u00edficas para mejorar la estructura, optimizar procesos y maximizar resultados deportivos y operativos.<\/p>\n\n\n\n<p><strong>Objetivos :<\/strong><\/p>\n\n\n\n<ul class=\"wp-block-list\">\n<li class=\"has-nv-dark-bg-color has-text-color has-link-color wp-elements-11fa68f56447e42f931da786c274628b\">Identificar las fortalezas y debilidades de la organizaci\u00f3n.<\/li>\n\n\n\n<li class=\"has-nv-dark-bg-color has-text-color has-link-color wp-elements-7a10f319f8e8044e0feefa074a4b0342\">Proponer planes de desarrollo personalizados para fortalecer la competitividad.<\/li>\n\n\n\n<li class=\"has-nv-dark-bg-color has-text-color has-link-color wp-elements-9bed57b09466b62826d2277c84014ef6\">Estructuras de apoyo en la implementaci\u00f3n de recomendaciones.<\/li>\n\n\n\n<li class=\"has-nv-dark-bg-color has-text-color has-link-color wp-elements-9bed57b09466b62826d2277c84014ef6\">Estructuras de apoyo en la implementaci\u00f3n de recomendaciones.<\/li>\n<\/ul>\n<\/div><\/div>\n\n\n\n<div class=\"wp-block-media-text has-media-on-the-right is-stacked-on-mobile\"><div class=\"wp-block-media-text__content\">\n<p class=\"has-nv-dark-bg-color has-text-color has-link-color wp-elements-a228a45bdcfe33b23a168d47688648ab\"><strong>Apoyo a la carrera profesional (deportistas profesionales) y derechos de imagen<\/strong><\/p>\n\n\n\n<p class=\"has-nv-dark-bg-color has-text-color has-link-color wp-elements-d76c5b834ec6aa16137097124e35406b\">Ofrecemos una gesti\u00f3n integral de la carrera de deportistas profesionales, cubriendo todos los aspectos de su progresi\u00f3n deportiva y su imagen p\u00fablica. Nuestro servicio incluye planificaci\u00f3n de carrera, marca personal y negociaci\u00f3n de contratos de derechos de imagen.<\/p>\n\n\n\n<p><strong>Objetivos :<\/strong><\/p>\n\n\n\n<ul class=\"wp-block-list\">\n<li class=\"has-nv-dark-bg-color has-text-color has-link-color wp-elements-f5472eb846933b13167153b8d37198fc\">Brindar asesoramiento legal en materia de derechos de imagen y contratos.<\/li>\n\n\n\n<li class=\"has-nv-dark-bg-color has-text-color has-link-color wp-elements-66943358522c6ba259f2934cfc98566d\">Ayudar a los deportistas a alcanzar sus objetivos profesionales y gestionar eficazmente su notoriedad.<\/li>\n\n\n\n<li class=\"has-nv-dark-bg-color has-text-color has-link-color wp-elements-fcc6499690c669db69293d03b2cc5d5f\">Negociar las mejores oportunidades de negocio y patrocinio.<\/li>\n\n\n\n<li><\/li>\n<\/ul>\n<\/div><figure class=\"wp-block-media-text__media\"><img loading=\"lazy\" decoding=\"async\" width=\"1012\" height=\"677\" src=\"https:\/\/inspire-sport.com\/wp-content\/uploads\/2025\/01\/Accompagnement-de-Carriere-1-3.png\" alt=\"\" class=\"wp-image-1166 size-full\" srcset=\"https:\/\/inspire-sport.com\/wp-content\/uploads\/2025\/01\/Accompagnement-de-Carriere-1-3.png 1012w, https:\/\/inspire-sport.com\/wp-content\/uploads\/2025\/01\/Accompagnement-de-Carriere-1-3-300x201.png 300w, https:\/\/inspire-sport.com\/wp-content\/uploads\/2025\/01\/Accompagnement-de-Carriere-1-3-768x514.png 768w\" sizes=\"auto, (max-width: 1012px) 100vw, 1012px\" \/><\/figure><\/div>\n\n\n\n<div class=\"wp-block-media-text is-stacked-on-mobile\"><figure class=\"wp-block-media-text__media\"><img loading=\"lazy\" decoding=\"async\" width=\"1019\" height=\"678\" src=\"https:\/\/inspire-sport.com\/wp-content\/uploads\/2025\/01\/Apporteur-dOpportunites-1-2.png\" alt=\"\" class=\"wp-image-1167 size-full\" srcset=\"https:\/\/inspire-sport.com\/wp-content\/uploads\/2025\/01\/Apporteur-dOpportunites-1-2.png 1019w, https:\/\/inspire-sport.com\/wp-content\/uploads\/2025\/01\/Apporteur-dOpportunites-1-2-300x200.png 300w, https:\/\/inspire-sport.com\/wp-content\/uploads\/2025\/01\/Apporteur-dOpportunites-1-2-768x511.png 768w, https:\/\/inspire-sport.com\/wp-content\/uploads\/2025\/01\/Apporteur-dOpportunites-1-2-930x620.png 930w\" sizes=\"auto, (max-width: 1019px) 100vw, 1019px\" \/><\/figure><div class=\"wp-block-media-text__content\">\n<p class=\"has-nv-dark-bg-color has-text-color has-link-color wp-elements-f9b07b49f5427c9fb9aa68a5bd605de2\"><strong>Proveedor de Oportunidades (Redes Empresariales)<\/strong><\/p>\n\n\n\n<p class=\"has-nv-dark-bg-color has-text-color has-link-color wp-elements-77193d900947ca78d44777fb3738fc75\">Como intermediario comercial, conectamos clubes, federaciones y talentos deportivos con potenciales empresas y patrocinadores. Identificamos y facilitamos oportunidades de asociaci\u00f3n estrat\u00e9gica que puedan brindar apoyo financiero y log\u00edstico, al tiempo que crean nuevas fuentes de ingresos.<\/p>\n\n\n\n<p><strong>Objetivos :<\/strong><\/p>\n\n\n\n<ul class=\"wp-block-list\">\n<li class=\"has-nv-dark-bg-color has-text-color has-link-color wp-elements-b16b1741cc543ea4fee26a2f90bebf62\">Desarrollar una red s\u00f3lida de empresas asociadas para apoyar proyectos deportivos.<\/li>\n\n\n\n<li class=\"has-nv-dark-bg-color has-text-color has-link-color wp-elements-6439d1e6d93ee642127a645bb7c31384\">Creando oportunidades de crecimiento mutuo para el talento deportivo y las empresas.<\/li>\n\n\n\n<li class=\"has-nv-dark-bg-color has-text-color has-link-color wp-elements-d669eefd702e66bf196d477207ac3c24\">Negociar alianzas ventajosas y duraderas.<\/li>\n<\/ul>\n<\/div><\/div>\n\n\n\n<div class=\"wp-block-media-text has-media-on-the-right is-stacked-on-mobile\"><div class=\"wp-block-media-text__content\">\n<p class=\"has-nv-dark-bg-color has-text-color has-link-color wp-elements-bf4a564ee1b2b3e267e728199fd74f06\"><strong>Marketing de Eventos (Organizaci\u00f3n de Partidos, Torneos, Cursos de Formaci\u00f3n y Detecciones)<\/strong><\/p>\n\n\n\n<p class=\"has-nv-dark-bg-color has-text-color has-link-color wp-elements-27af8739172920ca75c4b50768a38b2c\">Organizamos eventos deportivos como partidos de exhibici\u00f3n, torneos, cursos de formaci\u00f3n y jornadas de detecci\u00f3n para destacar talentos emergentes. Estos eventos est\u00e1n dise\u00f1ados para dar la m\u00e1xima visibilidad a los j\u00f3venes talentos y atraer la atenci\u00f3n de los reclutadores.<\/p>\n\n\n\n<p><strong>Objetivos :<\/strong><\/p>\n\n\n\n<ul class=\"wp-block-list\">\n<li class=\"has-nv-dark-bg-color has-text-color has-link-color wp-elements-1684c7be8c9d8983b644ef37d8dbe40a\">Ofrecer a j\u00f3venes talentos plataformas para demostrar sus habilidades.<\/li>\n\n\n\n<li class=\"has-nv-dark-bg-color has-text-color has-link-color wp-elements-a45c5e409da2520f6d1aaf053697064e\">Atraer a cazatalentos y clubes que buscan nuevos jugadores prometedores.<\/li>\n\n\n\n<li class=\"has-nv-dark-bg-color has-text-color has-link-color wp-elements-abafd58524920fe154515ff9518d546b\">Crear experiencias memorables y enriquecedoras para los participantes.<\/li>\n\n\n\n<li><\/li>\n<\/ul>\n<\/div><figure class=\"wp-block-media-text__media\"><img loading=\"lazy\" decoding=\"async\" width=\"874\" height=\"846\" src=\"https:\/\/inspire-sport.com\/wp-content\/uploads\/2025\/01\/Marketing-Evenementiel-1-2.png\" alt=\"\" class=\"wp-image-1168 size-full\" srcset=\"https:\/\/inspire-sport.com\/wp-content\/uploads\/2025\/01\/Marketing-Evenementiel-1-2.png 874w, https:\/\/inspire-sport.com\/wp-content\/uploads\/2025\/01\/Marketing-Evenementiel-1-2-300x290.png 300w, https:\/\/inspire-sport.com\/wp-content\/uploads\/2025\/01\/Marketing-Evenementiel-1-2-768x743.png 768w\" sizes=\"auto, (max-width: 874px) 100vw, 874px\" \/><\/figure><\/div>\n\n\n\n<div class=\"wp-block-media-text is-stacked-on-mobile\"><figure class=\"wp-block-media-text__media\"><img loading=\"lazy\" decoding=\"async\" width=\"1011\" height=\"665\" src=\"https:\/\/inspire-sport.com\/wp-content\/uploads\/2025\/01\/scouting-lcub-pro-1-2.png\" alt=\"\" class=\"wp-image-1169 size-full\" srcset=\"https:\/\/inspire-sport.com\/wp-content\/uploads\/2025\/01\/scouting-lcub-pro-1-2.png 1011w, https:\/\/inspire-sport.com\/wp-content\/uploads\/2025\/01\/scouting-lcub-pro-1-2-300x197.png 300w, https:\/\/inspire-sport.com\/wp-content\/uploads\/2025\/01\/scouting-lcub-pro-1-2-768x505.png 768w\" sizes=\"auto, (max-width: 1011px) 100vw, 1011px\" \/><\/figure><div class=\"wp-block-media-text__content\">\n<p class=\"has-nv-dark-bg-color has-text-color has-link-color wp-elements-c5d4a0dcb86eb55efd025391acce2b26\"><strong>Asesoramiento Scout para Clubes Profesionales<\/strong><\/p>\n\n\n\n<p class=\"has-nv-dark-bg-color has-text-color has-link-color wp-elements-9c0dcd8c3bb100a6a9c03313e8268db9\">Ofrecemos servicios de consultor\u00eda de scouting para clubes profesionales, con acceso exclusivo a una base de datos detallada de perfiles de jugadores. Nuestra experiencia ayuda a los clubes a identificar y reclutar talentos que se adaptan perfectamente a sus necesidades estrat\u00e9gicas, estableciendo asociaciones con clubes amateurs y profesionales.<\/p>\n\n\n\n<p><strong>Objetivos :<\/strong><\/p>\n\n\n\n<ul class=\"wp-block-list has-nv-dark-bg-color has-text-color has-link-color wp-elements-4e6963f0ee7520e0c0e3c45bb49480fc\">\n<li>Optimice los esfuerzos de reclutamiento con datos precisos y an\u00e1lisis en profundidad.<\/li>\n\n\n\n<li class=\"has-nv-dark-bg-color has-text-color has-link-color wp-elements-a192fb8c7cfbbf0bafe812b0f6548955\">Facilitar las asociaciones entre clubes amateurs y profesionales para un intercambio efectivo de talentos.<\/li>\n\n\n\n<li>Ayudar a los clubes a implementar estrategias de exploraci\u00f3n ganadoras.<\/li>\n<\/ul>\n<\/div><\/div>\n<\/div><\/div>\n\n\n\n<div class=\"wp-block-group alignfull has-nv-site-bg-color has-nv-dark-bg-background-color has-text-color has-background is-vertical is-content-justification-center is-layout-flex wp-container-core-group-is-layout-f1198d31 wp-block-group-is-layout-flex\" style=\"min-height:40vh;margin-top:0;margin-bottom:0;padding-top:var(--wp--preset--spacing--60);padding-right:var(--wp--preset--spacing--50);padding-bottom:var(--wp--preset--spacing--60);padding-left:var(--wp--preset--spacing--50)\"><div style=\"margin-bottom:6px;\" class=\"is-default-size aligncenter wp-block-site-logo\"><a href=\"https:\/\/inspire-sport.com\/\" class=\"custom-logo-link\" rel=\"home\"><img loading=\"lazy\" decoding=\"async\" width=\"168\" height=\"168\" src=\"https:\/\/inspire-sport.com\/wp-content\/uploads\/2024\/04\/Sujet.png\" class=\"custom-logo\" alt=\"INSPIRE SPORT CONSULTING\" srcset=\"https:\/\/inspire-sport.com\/wp-content\/uploads\/2024\/04\/Sujet.png 168w, https:\/\/inspire-sport.com\/wp-content\/uploads\/2024\/04\/Sujet-150x150.png 150w\" sizes=\"auto, (max-width: 168px) 100vw, 168px\" \/><\/a><\/div>\n\n\n<p class=\"has-text-align-center has-text-color has-link-color has-medium-font-size wp-elements-a36faf683bba8da9e9ffdf809690f0dd\" style=\"color:#eee53a\"><strong>Win together on your<br>next project<\/strong><\/p>\n<\/div>\n","protected":false},"excerpt":{"rendered":"<p>Win together on yournext project<\/p>\n","protected":false},"author":1,"featured_media":0,"parent":0,"menu_order":0,"comment_status":"closed","ping_status":"closed","template":"","meta":{"neve_meta_sidebar":"full-width","neve_meta_container":"","neve_meta_enable_content_width":"on","neve_meta_content_width":100,"neve_meta_title_alignment":"","neve_meta_author_avatar":"","neve_post_elements_order":"","neve_meta_disable_header":"","neve_meta_disable_footer":"","neve_meta_disable_title":"on","_themeisle_gutenberg_block_has_review":false,"_ti_tpc_template_sync":false,"_ti_tpc_template_id":"","footnotes":""},"folder":[35],"class_list":["post-881","page","type-page","status-publish","hentry"],"_links":{"self":[{"href":"https:\/\/inspire-sport.com\/index.php\/wp-json\/wp\/v2\/pages\/881","targetHints":{"allow":["GET"]}}],"collection":[{"href":"https:\/\/inspire-sport.com\/index.php\/wp-json\/wp\/v2\/pages"}],"about":[{"href":"https:\/\/inspire-sport.com\/index.php\/wp-json\/wp\/v2\/types\/page"}],"author":[{"embeddable":true,"href":"https:\/\/inspire-sport.com\/index.php\/wp-json\/wp\/v2\/users\/1"}],"replies":[{"embeddable":true,"href":"https:\/\/inspire-sport.com\/index.php\/wp-json\/wp\/v2\/comments?post=881"}],"version-history":[{"count":4,"href":"https:\/\/inspire-sport.com\/index.php\/wp-json\/wp\/v2\/pages\/881\/revisions"}],"predecessor-version":[{"id":1170,"href":"https:\/\/inspire-sport.com\/index.php\/wp-json\/wp\/v2\/pages\/881\/revisions\/1170"}],"wp:attachment":[{"href":"https:\/\/inspire-sport.com\/index.php\/wp-json\/wp\/v2\/media?parent=881"}],"wp:term":[{"taxonomy":"folder","embeddable":true,"href":"https:\/\/inspire-sport.com\/index.php\/wp-json\/wp\/v2\/folder?post=881"}],"curies":[{"name":"wp","href":"https:\/\/api.w.org\/{rel}","templated":true}]}}