{"id":879,"date":"2025-01-16T12:27:32","date_gmt":"2025-01-16T11:27:32","guid":{"rendered":"https:\/\/inspire-sport.com\/?page_id=879"},"modified":"2025-01-29T16:05:28","modified_gmt":"2025-01-29T15:05:28","slug":"don","status":"publish","type":"page","link":"https:\/\/inspire-sport.com\/index.php\/es\/don\/","title":{"rendered":"Don"},"content":{"rendered":"\n<figure class=\"wp-block-image size-full is-resized\"><img loading=\"lazy\" decoding=\"async\" width=\"1006\" height=\"663\" src=\"https:\/\/inspire-sport.com\/wp-content\/uploads\/2025\/01\/don-1.png\" alt=\"\" class=\"wp-image-1194\" style=\"width:485px;height:auto\" srcset=\"https:\/\/inspire-sport.com\/wp-content\/uploads\/2025\/01\/don-1.png 1006w, https:\/\/inspire-sport.com\/wp-content\/uploads\/2025\/01\/don-1-300x198.png 300w, https:\/\/inspire-sport.com\/wp-content\/uploads\/2025\/01\/don-1-768x506.png 768w\" sizes=\"auto, (max-width: 1006px) 100vw, 1006px\" \/><\/figure>\n\n\n\n<p class=\"has-medium-font-size\"><strong>Un fuerte compromiso a trav\u00e9s del f\u00fatbol y el deporte<\/strong><br>A trav\u00e9s del f\u00fatbol, nuestra empresa se compromete a apoyar a ni\u00f1os y adolescentes (ni\u00f1os y ni\u00f1as) y a sus familias que se encuentran en situaciones precarias o son v\u00edctimas de discriminaci\u00f3n en todo el mundo.<\/p>\n\n\n\n<p class=\"has-medium-font-size\"><strong>Un proyecto social global<br><\/strong>Bajo el lema \u00abLa vida de los dem\u00e1s tambi\u00e9n importa\u00bb, llevamos a cabo iniciativas de marketing y eventos que integran aspectos sociales, sanitarios, deportivos y culturales. Estas iniciativas incluyen la organizaci\u00f3n de torneos y pr\u00e1cticas culturales a escala nacional e internacional, ofreciendo a los j\u00f3venes oportunidades de viaje educativas y enriquecedoras.<\/p>\n\n\n\n<p class=\"has-medium-font-size\"><strong>\u00bfPor qu\u00e9 ayudarnos?<\/strong><br>Nos enfrentamos a grandes retos econ\u00f3micos para financiar :<\/p>\n\n\n\n<ul class=\"wp-block-list\">\n<li class=\"has-medium-font-size\">Tr\u00e1mites administrativos y tasas de visado.<\/li>\n\n\n\n<li class=\"has-medium-font-size\">Atenci\u00f3n m\u00e9dica debido a las epidemias que afectan a mujeres y ni\u00f1os.<\/li>\n\n\n\n<li class=\"has-medium-font-size\">Acceso a alimentos y material escolar.<\/li>\n\n\n\n<li class=\"has-medium-font-size\">El acceso al agua potable y el apoyo a los hu\u00e9rfanos.<\/li>\n\n\n\n<li class=\"has-medium-font-size\">La reducci\u00f3n de los obst\u00e1culos geogr\u00e1ficos que privan a muchos ni\u00f1os de un futuro mejor.<\/li>\n<\/ul>\n\n\n\n<p class=\"has-medium-font-size\"><strong>Nuestra visi\u00f3n<\/strong><br>Creemos en un mundo m\u00e1s humano, rico en diversidad pero marcado por desigualdades que podemos reducir. A trav\u00e9s del f\u00fatbol, trabajamos por un futuro mejor, llevando esperanza y transformaci\u00f3n a las comunidades vulnerables.<\/p>\n\n\n\n<p class=\"has-medium-font-size\">Tu apoyo es esencial. Juntos, creemos un modelo de solidaridad y ejemplaridad, y ayudemos a cambiar vidas.<\/p>\n\n\n\n<div class=\"wp-block-file\"><a id=\"wp-block-file--media-10aa169a-36ed-43b8-bddb-445ff927e0bc\" href=\"https:\/\/inspire-sport.com\/wp-content\/uploads\/2025\/01\/FORMULAIRE-DEPOT-DONS-MECENAT-SPONSORING-ANGLAIS-3.pdf\">FORMULARIO DE DONACI\u00d3N DE PATROCINIO EN INGL\u00c9S<\/a><a href=\"https:\/\/inspire-sport.com\/wp-content\/uploads\/2025\/01\/FORMULAIRE-DEPOT-DONS-MECENAT-SPONSORING-ANGLAIS-3.pdf\" class=\"wp-block-file__button wp-element-button\" download aria-describedby=\"wp-block-file--media-10aa169a-36ed-43b8-bddb-445ff927e0bc\">Descargar<\/a><\/div>\n\n\n\n<p><\/p>\n","protected":false},"excerpt":{"rendered":"<p>Un fuerte compromiso a trav\u00e9s del f\u00fatbol y el deporteA trav\u00e9s del f\u00fatbol, nuestra empresa se compromete a apoyar a ni\u00f1os y adolescentes (ni\u00f1os y ni\u00f1as) y a sus familias que se encuentran en situaciones precarias o son v\u00edctimas de discriminaci\u00f3n en todo el mundo. Un proyecto social globalBajo el lema \u00abLa vida de los&hellip;&nbsp;<a href=\"https:\/\/inspire-sport.com\/index.php\/es\/don\/\" class=\"\" rel=\"bookmark\">Lire la suite &raquo;<span class=\"screen-reader-text\">Don<\/span><\/a><\/p>\n","protected":false},"author":1,"featured_media":0,"parent":0,"menu_order":0,"comment_status":"closed","ping_status":"closed","template":"","meta":{"neve_meta_sidebar":"","neve_meta_container":"","neve_meta_enable_content_width":"","neve_meta_content_width":0,"neve_meta_title_alignment":"","neve_meta_author_avatar":"","neve_post_elements_order":"","neve_meta_disable_header":"","neve_meta_disable_footer":"","neve_meta_disable_title":"","_themeisle_gutenberg_block_has_review":false,"_ti_tpc_template_sync":false,"_ti_tpc_template_id":"","footnotes":""},"folder":[35],"class_list":["post-879","page","type-page","status-publish","hentry"],"_links":{"self":[{"href":"https:\/\/inspire-sport.com\/index.php\/wp-json\/wp\/v2\/pages\/879","targetHints":{"allow":["GET"]}}],"collection":[{"href":"https:\/\/inspire-sport.com\/index.php\/wp-json\/wp\/v2\/pages"}],"about":[{"href":"https:\/\/inspire-sport.com\/index.php\/wp-json\/wp\/v2\/types\/page"}],"author":[{"embeddable":true,"href":"https:\/\/inspire-sport.com\/index.php\/wp-json\/wp\/v2\/users\/1"}],"replies":[{"embeddable":true,"href":"https:\/\/inspire-sport.com\/index.php\/wp-json\/wp\/v2\/comments?post=879"}],"version-history":[{"count":6,"href":"https:\/\/inspire-sport.com\/index.php\/wp-json\/wp\/v2\/pages\/879\/revisions"}],"predecessor-version":[{"id":1262,"href":"https:\/\/inspire-sport.com\/index.php\/wp-json\/wp\/v2\/pages\/879\/revisions\/1262"}],"wp:attachment":[{"href":"https:\/\/inspire-sport.com\/index.php\/wp-json\/wp\/v2\/media?parent=879"}],"wp:term":[{"taxonomy":"folder","embeddable":true,"href":"https:\/\/inspire-sport.com\/index.php\/wp-json\/wp\/v2\/folder?post=879"}],"curies":[{"name":"wp","href":"https:\/\/api.w.org\/{rel}","templated":true}]}}