{"id":875,"date":"2025-01-16T12:25:37","date_gmt":"2025-01-16T11:25:37","guid":{"rendered":"https:\/\/inspire-sport.com\/?page_id=875"},"modified":"2025-01-29T15:46:22","modified_gmt":"2025-01-29T14:46:22","slug":"bienvenido","status":"publish","type":"page","link":"https:\/\/inspire-sport.com\/index.php\/es\/bienvenido\/","title":{"rendered":"Bienvenido"},"content":{"rendered":"\n\n\n\n<p><\/p>\n\n\n\n<p><strong>Inspire Sport Consulting fue creada en 2019<\/strong>, es una empresa de <strong>scouting <\/strong>(reclutamiento) de j\u00f3venes deportistas talentosos. Tambi\u00e9n ofrece servicios de gesti\u00f3n y consultor\u00eda a sus clientes en todo el mundo.<\/p>\n\n\n\n<div style=\"height:80px\" aria-hidden=\"true\" class=\"wp-block-spacer\"><\/div>\n\n\n\n<div class=\"wp-block-columns is-layout-flex wp-container-core-columns-is-layout-9d6595d7 wp-block-columns-is-layout-flex\">\n<div class=\"wp-block-column is-layout-flow wp-block-column-is-layout-flow\">\n<div class=\"wp-block-group\"><div class=\"wp-block-group__inner-container is-layout-constrained wp-block-group-is-layout-constrained\"><div class=\"wp-block-image icon-style is-style-rounded wp-duotone-rgb23822958-rgb23822958-1\">\n<figure class=\"aligncenter size-full\"><img loading=\"lazy\" decoding=\"async\" width=\"100\" height=\"100\" src=\"https:\/\/inspire-sport.com\/wp-content\/uploads\/2024\/04\/telechargement.png\" alt=\"\" class=\"wp-image-416\" title=\"\"\/><\/figure>\n<\/div><\/div><\/div>\n\n\n\n<div style=\"height:20px\" aria-hidden=\"true\" class=\"wp-block-spacer\"><\/div>\n\n\n\n<h3 class=\"wp-block-heading has-text-align-center has-neve-text-color-color has-text-color\">Estrategia y desarrollo<\/h3>\n\n\n\n<p class=\"has-text-align-center\">Estructurar, desarrollar y profesionalizar clubes, federaciones, academias, ligas y estados.<\/p>\n\n\n\n<div style=\"height:20px\" aria-hidden=\"true\" class=\"wp-block-spacer\"><\/div>\n<\/div>\n\n\n\n<div class=\"wp-block-column is-layout-flow wp-block-column-is-layout-flow\">\n<div class=\"wp-block-group\"><div class=\"wp-block-group__inner-container is-layout-constrained wp-block-group-is-layout-constrained\"><div class=\"wp-block-image icon-style is-style-rounded wp-duotone-eee53a-rgb23822958-2\">\n<figure class=\"aligncenter size-full is-resized\"><img loading=\"lazy\" decoding=\"async\" width=\"48\" height=\"48\" src=\"https:\/\/inspire-sport.com\/wp-content\/uploads\/2024\/04\/telechargement-11.png\" alt=\"\" class=\"wp-image-445\" style=\"width:100px;height:auto\" title=\"\"\/><\/figure>\n<\/div><\/div><\/div>\n\n\n\n<div style=\"height:20px\" aria-hidden=\"true\" class=\"wp-block-spacer\"><\/div>\n\n\n\n<h3 class=\"wp-block-heading has-text-align-center has-neve-text-color-color has-text-color\">Gesti\u00f3n de im\u00e1genes<\/h3>\n\n\n\n<p class=\"has-text-align-center\">Nuestro compromiso de respetar su privacidad y su imagen est\u00e1 en el coraz\u00f3n de nuestros valores.<\/p>\n\n\n\n<div style=\"height:20px\" aria-hidden=\"true\" class=\"wp-block-spacer\"><\/div>\n<\/div>\n\n\n\n<div class=\"wp-block-column is-layout-flow wp-block-column-is-layout-flow\">\n<div class=\"wp-block-group\"><div class=\"wp-block-group__inner-container is-layout-constrained wp-block-group-is-layout-constrained\"><div class=\"wp-block-image icon-style is-style-rounded wp-duotone-rgb23822958-rgb23822958-3\">\n<figure class=\"aligncenter size-full is-resized\"><img loading=\"lazy\" decoding=\"async\" width=\"96\" height=\"96\" src=\"https:\/\/inspire-sport.com\/wp-content\/uploads\/2024\/04\/telechargement-7.png\" alt=\"\" class=\"wp-image-441\" style=\"width:98px;height:auto\" title=\"\"\/><\/figure>\n<\/div><\/div><\/div>\n\n\n\n<div style=\"height:20px\" aria-hidden=\"true\" class=\"wp-block-spacer\"><\/div>\n\n\n\n<h3 class=\"wp-block-heading has-text-align-center has-neve-text-color-color has-text-color\">Marketing de eventos<\/h3>\n\n\n\n<p class=\"has-text-align-center\">Creaci\u00f3n de eventos para lograr la m\u00e1xima participaci\u00f3n.<\/p>\n\n\n\n<div style=\"height:20px\" aria-hidden=\"true\" class=\"wp-block-spacer\"><\/div>\n<\/div>\n\n\n\n<div class=\"wp-block-column is-layout-flow wp-block-column-is-layout-flow\">\n<div class=\"wp-block-group\"><div class=\"wp-block-group__inner-container is-layout-constrained wp-block-group-is-layout-constrained\"><div class=\"wp-block-image icon-style is-style-rounded wp-duotone-rgb23822958-rgb23822958-4\">\n<figure class=\"aligncenter size-full is-resized\"><img loading=\"lazy\" decoding=\"async\" width=\"48\" height=\"48\" src=\"https:\/\/inspire-sport.com\/wp-content\/uploads\/2024\/04\/telechargement-2.png\" alt=\"\" class=\"wp-image-420\" style=\"width:94px;height:auto\"\/><\/figure>\n<\/div><\/div><\/div>\n\n\n\n<div style=\"height:20px\" aria-hidden=\"true\" class=\"wp-block-spacer\"><\/div>\n\n\n\n<h3 class=\"wp-block-heading has-text-align-center has-neve-text-color-color has-text-color\">Introductores de negocios<\/h3>\n\n\n\n<p class=\"has-text-align-center\">Mandato del jugador y del club en colaboraci\u00f3n con la agencia de agentes<\/p>\n\n\n\n<div style=\"height:20px\" aria-hidden=\"true\" class=\"wp-block-spacer\"><\/div>\n<\/div>\n\n\n\n<div class=\"wp-block-column is-layout-flow wp-block-column-is-layout-flow\">\n<div class=\"wp-block-group\"><div class=\"wp-block-group__inner-container is-layout-constrained wp-block-group-is-layout-constrained\"><div class=\"wp-block-image icon-style is-style-rounded wp-duotone-rgb23822958-rgb23822958-5\">\n<figure class=\"aligncenter size-full is-resized\"><img loading=\"lazy\" decoding=\"async\" width=\"100\" height=\"100\" src=\"https:\/\/inspire-sport.com\/wp-content\/uploads\/2024\/04\/telechargement-14.png\" alt=\"\" class=\"wp-image-551\" style=\"width:104px;height:auto\"\/><\/figure>\n<\/div><\/div><\/div>\n\n\n\n<div style=\"height:20px\" aria-hidden=\"true\" class=\"wp-block-spacer\"><\/div>\n\n\n\n<h3 class=\"wp-block-heading has-text-align-center has-neve-text-color-color has-text-color\">Clubes de scouting pro<\/h3>\n\n\n\n<p class=\"has-text-align-center\">Identificaci\u00f3n y captaci\u00f3n de talentos del f\u00fatbol.<\/p>\n\n\n\n<div style=\"height:20px\" aria-hidden=\"true\" class=\"wp-block-spacer\"><\/div>\n<\/div>\n<\/div>\n\n\n\n<div style=\"height:80px\" aria-hidden=\"true\" class=\"wp-block-spacer\"><\/div>\n\n\n\n<div class=\"wp-block-cover alignwide\" style=\"min-height:600px;aspect-ratio:unset;\"><span aria-hidden=\"true\" class=\"wp-block-cover__background has-nv-light-bg-background-color has-background-dim-100 has-background-dim\"><\/span><div class=\"wp-block-cover__inner-container is-layout-flow wp-block-cover-is-layout-flow\">\n<div class=\"wp-block-group\"><div class=\"wp-block-group__inner-container is-layout-flow wp-block-group-is-layout-flow\">\n<div style=\"height:80px\" aria-hidden=\"true\" class=\"wp-block-spacer\"><\/div>\n\n\n\n<div class=\"wp-block-columns are-vertically-aligned-center is-layout-flex wp-container-core-columns-is-layout-9d6595d7 wp-block-columns-is-layout-flex\">\n<div class=\"wp-block-column is-vertically-aligned-center is-layout-flow wp-block-column-is-layout-flow\" style=\"flex-basis:50%\">\n<figure class=\"wp-block-image size-large\"><img loading=\"lazy\" decoding=\"async\" width=\"1024\" height=\"576\" src=\"https:\/\/inspire-sport.com\/wp-content\/uploads\/2024\/04\/Design-sans-titre-4-1024x576.png\" alt=\"\" class=\"wp-image-412\" style=\"object-fit:cover\" srcset=\"https:\/\/inspire-sport.com\/wp-content\/uploads\/2024\/04\/Design-sans-titre-4-1024x576.png 1024w, https:\/\/inspire-sport.com\/wp-content\/uploads\/2024\/04\/Design-sans-titre-4-300x169.png 300w, https:\/\/inspire-sport.com\/wp-content\/uploads\/2024\/04\/Design-sans-titre-4-768x432.png 768w, https:\/\/inspire-sport.com\/wp-content\/uploads\/2024\/04\/Design-sans-titre-4-1536x864.png 1536w, https:\/\/inspire-sport.com\/wp-content\/uploads\/2024\/04\/Design-sans-titre-4.png 1920w\" sizes=\"auto, (max-width: 1024px) 100vw, 1024px\" \/><\/figure>\n<\/div>\n\n\n\n<div class=\"wp-block-column is-vertically-aligned-center is-layout-flow wp-block-column-is-layout-flow\" style=\"flex-basis:50%\">\n<h2 class=\"wp-block-heading has-text-align-left has-neve-text-color-color has-text-color\">    Actividades<\/h2>\n\n\n\n<p class=\"has-neve-text-color-color has-text-color has-link-color wp-elements-0b3a16fd85d308b58a14aa6acbae3d4b\">Nuestra empresa ofrece experiencia integral para estructurar, desarrollar y profesionalizar entidades del mundo del f\u00fatbol, \u200b\u200bincluidos clubes, federaciones y academias, a trav\u00e9s de auditor\u00edas y proyectos a medida. Ofrecemos tambi\u00e9n servicios de scouting profesional, networking con diversos partners, asesoramiento en gesti\u00f3n de carrera y organizaci\u00f3n de eventos deportivos, invitando a los interesados \u200b\u200ba rellenar un formulario de solicitud de cotizaci\u00f3n para cada servicio.<\/p>\n\n\n\n<div class=\"wp-block-buttons has-custom-font-size has-small-font-size is-horizontal is-content-justification-left is-layout-flex wp-container-core-buttons-is-layout-7e5fce0a wp-block-buttons-is-layout-flex\">\n<div class=\"wp-block-button is-style-primary\"><a class=\"wp-block-button__link has-background wp-element-button\" href=\"https:\/\/inspire-sport.com\/index.php\/15c42-web-agency-gb-portfolio\/\" style=\"background-color:#eee53a\">M\u00e1s informaci\u00f3n<\/a><\/div>\n<\/div>\n<\/div>\n<\/div>\n\n\n\n<div style=\"height:40px\" aria-hidden=\"true\" class=\"wp-block-spacer\"><\/div>\n<\/div><\/div>\n<\/div><\/div>\n\n\n\n<div class=\"wp-block-cover\" style=\"min-height:600px;aspect-ratio:unset;\"><span aria-hidden=\"true\" class=\"wp-block-cover__background has-nv-site-bg-background-color has-background-dim-100 has-background-dim\"><\/span><div class=\"wp-block-cover__inner-container is-layout-flow wp-block-cover-is-layout-flow\">\n<div class=\"wp-block-group\"><div class=\"wp-block-group__inner-container is-layout-flow wp-block-group-is-layout-flow\">\n<div style=\"height:80px\" aria-hidden=\"true\" class=\"wp-block-spacer\"><\/div>\n\n\n\n<div class=\"wp-block-columns are-vertically-aligned-center is-layout-flex wp-container-core-columns-is-layout-9d6595d7 wp-block-columns-is-layout-flex\">\n<div class=\"wp-block-column is-vertically-aligned-center is-layout-flow wp-block-column-is-layout-flow\" style=\"flex-basis:50%\">\n<h2 class=\"wp-block-heading has-text-align-left has-neve-text-color-color has-text-color\">Servicios personalizados<\/h2>\n\n\n\n<p class=\"has-text-align-left has-neve-text-color-color has-text-color\" style=\"font-size:17px\">Descubra nuestros servicios integrales para el mundo del f\u00fatbol y el deporte: auditor\u00eda, organizaci\u00f3n de torneos, cursos de formaci\u00f3n, detecci\u00f3n de talentos, captaci\u00f3n, redes profesionales, seguimiento personalizado de deportistas y apoyo extradeportivo.<\/p>\n\n\n\n<div class=\"wp-block-buttons is-horizontal is-content-justification-left is-layout-flex wp-container-core-buttons-is-layout-7e5fce0a wp-block-buttons-is-layout-flex\">\n<div class=\"wp-block-button is-style-primary\"><a class=\"wp-block-button__link has-background wp-element-button\" href=\"https:\/\/inspire-sport.com\/index.php\/prestations\/\" style=\"background-color:#eee53a\">M\u00e1s informaci\u00f3n<\/a><\/div>\n<\/div>\n\n\n\n<div style=\"height:40px\" aria-hidden=\"true\" class=\"wp-block-spacer\"><\/div>\n<\/div>\n\n\n\n<div class=\"wp-block-column is-vertically-aligned-center is-layout-flow wp-block-column-is-layout-flow\" style=\"flex-basis:50%\">\n<figure class=\"wp-block-image size-full\"><img loading=\"lazy\" decoding=\"async\" width=\"1172\" height=\"848\" src=\"https:\/\/inspire-sport.com\/wp-content\/uploads\/2025\/01\/image-4.png\" alt=\"\" class=\"wp-image-1210\" srcset=\"https:\/\/inspire-sport.com\/wp-content\/uploads\/2025\/01\/image-4.png 1172w, https:\/\/inspire-sport.com\/wp-content\/uploads\/2025\/01\/image-4-300x217.png 300w, https:\/\/inspire-sport.com\/wp-content\/uploads\/2025\/01\/image-4-1024x741.png 1024w, https:\/\/inspire-sport.com\/wp-content\/uploads\/2025\/01\/image-4-768x556.png 768w\" sizes=\"auto, (max-width: 1172px) 100vw, 1172px\" \/><\/figure>\n<\/div>\n<\/div>\n\n\n\n<div style=\"height:40px\" aria-hidden=\"true\" class=\"wp-block-spacer\"><\/div>\n<\/div><\/div>\n<\/div><\/div>\n\n\n\n<div class=\"wp-block-cover alignfull\" style=\"min-height:588px;aspect-ratio:unset;\"><span aria-hidden=\"true\" class=\"wp-block-cover__background has-nv-light-bg-background-color has-background-dim-100 has-background-dim\"><\/span><div class=\"wp-block-cover__inner-container is-layout-flow wp-block-cover-is-layout-flow\">\n<div class=\"wp-block-columns is-layout-flex wp-container-core-columns-is-layout-9d6595d7 wp-block-columns-is-layout-flex\">\n<div class=\"wp-block-column is-layout-flow wp-block-column-is-layout-flow\" style=\"flex-basis:100%\">\n<p><\/p>\n\n\n\n<h2 id=\"wp-block-themeisle-blocks-advanced-heading-89f1ba2c\" class=\"wp-block-themeisle-blocks-advanced-heading wp-block-themeisle-blocks-advanced-heading-89f1ba2c o-typing-delay-100ms o-typing-slower\"><span class=\"highlight\">Nuestros jugadores se formaron como j\u00f3venes<\/span><\/h2>\n<\/div>\n<\/div>\n\n\n\n<div class=\"wp-block-columns is-layout-flex wp-container-core-columns-is-layout-9d6595d7 wp-block-columns-is-layout-flex\">\n<div class=\"wp-block-column is-layout-flow wp-block-column-is-layout-flow\" style=\"flex-basis:100%\">\n<div class=\"wp-block-columns is-layout-flex wp-container-core-columns-is-layout-9d6595d7 wp-block-columns-is-layout-flex\">\n<div class=\"wp-block-column is-vertically-aligned-center ticss-4ce656f1 is-layout-flow wp-block-column-is-layout-flow\">\n<figure class=\"wp-block-image size-full is-style-rounded\"><img loading=\"lazy\" decoding=\"async\" width=\"400\" height=\"400\" src=\"https:\/\/inspire-sport.com\/wp-content\/uploads\/2024\/12\/image-13-edited.png\" alt=\"\" class=\"wp-image-746\" srcset=\"https:\/\/inspire-sport.com\/wp-content\/uploads\/2024\/12\/image-13-edited.png 400w, https:\/\/inspire-sport.com\/wp-content\/uploads\/2024\/12\/image-13-edited-300x300.png 300w, https:\/\/inspire-sport.com\/wp-content\/uploads\/2024\/12\/image-13-edited-150x150.png 150w\" sizes=\"auto, (max-width: 400px) 100vw, 400px\" \/><\/figure>\n\n\n\n<div style=\"height:24px\" aria-hidden=\"true\" class=\"wp-block-spacer\"><\/div>\n\n\n\n<p class=\"has-text-align-center has-neve-text-color-color has-text-color has-link-color wp-elements-db93462ad10c1f5d0ce3d43c28a3c01a\"><strong>Ibrahima konate<\/strong><br>&nbsp;Liverpool FC<\/p>\n\n\n\n<div style=\"height:20px\" aria-hidden=\"true\" class=\"wp-block-spacer\"><\/div>\n<\/div>\n\n\n\n<div class=\"wp-block-column is-vertically-aligned-center ticss-f6fc7494 is-layout-flow wp-block-column-is-layout-flow\">\n<figure class=\"wp-block-image size-full is-style-rounded\"><img loading=\"lazy\" decoding=\"async\" width=\"1071\" height=\"1083\" src=\"https:\/\/inspire-sport.com\/wp-content\/uploads\/2025\/01\/Capture-decran-2025-01-27-173639-1.png\" alt=\"\" class=\"wp-image-1097\" srcset=\"https:\/\/inspire-sport.com\/wp-content\/uploads\/2025\/01\/Capture-decran-2025-01-27-173639-1.png 1071w, https:\/\/inspire-sport.com\/wp-content\/uploads\/2025\/01\/Capture-decran-2025-01-27-173639-1-297x300.png 297w, https:\/\/inspire-sport.com\/wp-content\/uploads\/2025\/01\/Capture-decran-2025-01-27-173639-1-1013x1024.png 1013w, https:\/\/inspire-sport.com\/wp-content\/uploads\/2025\/01\/Capture-decran-2025-01-27-173639-1-768x777.png 768w\" sizes=\"auto, (max-width: 1071px) 100vw, 1071px\" \/><\/figure>\n\n\n\n<div style=\"height:24px\" aria-hidden=\"true\" class=\"wp-block-spacer\"><\/div>\n\n\n\n<p class=\"has-text-align-center has-neve-text-color-color has-text-color has-link-color wp-elements-157b4e43ee6a2a644189ca684207f16d\"><strong>Jonathan Bamba<\/strong><br>Celta Vigo<\/p>\n\n\n\n<div style=\"height:20px\" aria-hidden=\"true\" class=\"wp-block-spacer\"><\/div>\n<\/div>\n\n\n\n<div class=\"wp-block-column is-vertically-aligned-center ticss-a5b4df29 is-layout-flow wp-block-column-is-layout-flow\">\n<figure class=\"wp-block-image size-large is-style-rounded\"><img loading=\"lazy\" decoding=\"async\" width=\"1366\" height=\"1365\" src=\"https:\/\/inspire-sport.com\/wp-content\/uploads\/2024\/12\/image-16-edited.png\" alt=\"\" class=\"wp-image-752\" srcset=\"https:\/\/inspire-sport.com\/wp-content\/uploads\/2024\/12\/image-16-edited.png 1366w, https:\/\/inspire-sport.com\/wp-content\/uploads\/2024\/12\/image-16-edited-300x300.png 300w, https:\/\/inspire-sport.com\/wp-content\/uploads\/2024\/12\/image-16-edited-1024x1024.png 1024w, https:\/\/inspire-sport.com\/wp-content\/uploads\/2024\/12\/image-16-edited-150x150.png 150w, https:\/\/inspire-sport.com\/wp-content\/uploads\/2024\/12\/image-16-edited-768x767.png 768w\" sizes=\"auto, (max-width: 1366px) 100vw, 1366px\" \/><\/figure>\n\n\n\n<div style=\"height:24px\" aria-hidden=\"true\" class=\"wp-block-spacer\"><\/div>\n\n\n\n<p class=\"has-text-align-center has-neve-text-color-color has-text-color\"><strong>Rayan Ait-Nouri<\/strong><br>Wolverhampton FC<\/p>\n\n\n\n<div style=\"height:20px\" aria-hidden=\"true\" class=\"wp-block-spacer\"><\/div>\n<\/div>\n\n\n\n<div class=\"wp-block-column is-vertically-aligned-center ticss-a5b4df29 is-layout-flow wp-block-column-is-layout-flow\">\n<figure class=\"wp-block-image size-full is-style-rounded\"><img loading=\"lazy\" decoding=\"async\" width=\"961\" height=\"952\" src=\"https:\/\/inspire-sport.com\/wp-content\/uploads\/2025\/01\/Capture-decran-2025-01-27-173734-1.png\" alt=\"\" class=\"wp-image-1098\" srcset=\"https:\/\/inspire-sport.com\/wp-content\/uploads\/2025\/01\/Capture-decran-2025-01-27-173734-1.png 961w, https:\/\/inspire-sport.com\/wp-content\/uploads\/2025\/01\/Capture-decran-2025-01-27-173734-1-300x297.png 300w, https:\/\/inspire-sport.com\/wp-content\/uploads\/2025\/01\/Capture-decran-2025-01-27-173734-1-150x150.png 150w, https:\/\/inspire-sport.com\/wp-content\/uploads\/2025\/01\/Capture-decran-2025-01-27-173734-1-768x761.png 768w\" sizes=\"auto, (max-width: 961px) 100vw, 961px\" \/><\/figure>\n\n\n\n<div style=\"height:24px\" aria-hidden=\"true\" class=\"wp-block-spacer\"><\/div>\n\n\n\n<p class=\"has-text-align-center has-neve-text-color-color has-text-color\"><strong>&nbsp;Axel Bamba<\/strong><br>AC Ajaccio<\/p>\n\n\n\n<div style=\"height:20px\" aria-hidden=\"true\" class=\"wp-block-spacer\"><\/div>\n<\/div>\n<\/div>\n\n\n\n<h2 id=\"wp-block-themeisle-blocks-advanced-heading-5c9819b3\" class=\"wp-block-themeisle-blocks-advanced-heading wp-block-themeisle-blocks-advanced-heading-5c9819b3 o-typing-delay-100ms o-typing-slower\"><span class=\"highlight\">Nuestras referencias de reclutamiento<\/span><\/h2>\n<\/div>\n<\/div>\n\n\n\n<div class=\"wp-block-columns is-layout-flex wp-container-core-columns-is-layout-9d6595d7 wp-block-columns-is-layout-flex\">\n<div class=\"wp-block-column is-vertically-aligned-center ticss-4ce656f1 is-layout-flow wp-block-column-is-layout-flow\">\n<figure class=\"wp-block-image size-full is-resized is-style-rounded\"><img loading=\"lazy\" decoding=\"async\" width=\"1074\" height=\"1135\" src=\"https:\/\/inspire-sport.com\/wp-content\/uploads\/2025\/01\/Capture-decran-2025-01-29-154210.png\" alt=\"\" class=\"wp-image-1242\" style=\"object-fit:cover;width:536px;height:536px\" srcset=\"https:\/\/inspire-sport.com\/wp-content\/uploads\/2025\/01\/Capture-decran-2025-01-29-154210.png 1074w, https:\/\/inspire-sport.com\/wp-content\/uploads\/2025\/01\/Capture-decran-2025-01-29-154210-284x300.png 284w, https:\/\/inspire-sport.com\/wp-content\/uploads\/2025\/01\/Capture-decran-2025-01-29-154210-969x1024.png 969w, https:\/\/inspire-sport.com\/wp-content\/uploads\/2025\/01\/Capture-decran-2025-01-29-154210-768x812.png 768w\" sizes=\"auto, (max-width: 1074px) 100vw, 1074px\" \/><\/figure>\n\n\n\n<div style=\"height:24px\" aria-hidden=\"true\" class=\"wp-block-spacer\"><\/div>\n\n\n\n<p class=\"has-text-align-center has-neve-text-color-color has-text-color has-link-color wp-elements-369c5a95597b4eb02cbfda916633eab5\"><strong>Silas Katompa Mvumpa<\/strong><\/p>\n\n\n\n<p class=\"has-text-align-center has-neve-text-color-color has-text-color has-link-color wp-elements-81c3704b85d61b8ed6489c17756217b5\">\u00c9toile Rouge de Belgrade<\/p>\n<\/div>\n\n\n\n<div class=\"wp-block-column is-vertically-aligned-center ticss-f6fc7494 is-layout-flow wp-block-column-is-layout-flow\">\n<figure class=\"wp-block-image size-full is-resized is-style-rounded\"><img loading=\"lazy\" decoding=\"async\" width=\"1080\" height=\"616\" src=\"https:\/\/inspire-sport.com\/wp-content\/uploads\/2025\/01\/WhatsApp-Image-2025-01-29-a-11.01.42_da67b044.jpg\" alt=\"\" class=\"wp-image-1246\" style=\"object-fit:cover;width:536px;height:536px\" srcset=\"https:\/\/inspire-sport.com\/wp-content\/uploads\/2025\/01\/WhatsApp-Image-2025-01-29-a-11.01.42_da67b044.jpg 1080w, https:\/\/inspire-sport.com\/wp-content\/uploads\/2025\/01\/WhatsApp-Image-2025-01-29-a-11.01.42_da67b044-300x171.jpg 300w, https:\/\/inspire-sport.com\/wp-content\/uploads\/2025\/01\/WhatsApp-Image-2025-01-29-a-11.01.42_da67b044-1024x584.jpg 1024w, https:\/\/inspire-sport.com\/wp-content\/uploads\/2025\/01\/WhatsApp-Image-2025-01-29-a-11.01.42_da67b044-768x438.jpg 768w\" sizes=\"auto, (max-width: 1080px) 100vw, 1080px\" \/><\/figure>\n\n\n\n<div style=\"height:24px\" aria-hidden=\"true\" class=\"wp-block-spacer\"><\/div>\n\n\n\n<p class=\"has-text-align-center has-neve-text-color-color has-text-color has-link-color wp-elements-c6a4f45d9870e9362b3b5b7ae49f554a\"><strong>Jaouen Hadjam<\/strong><\/p>\n\n\n\n<p class=\"has-text-align-center has-neve-text-color-color has-text-color has-link-color wp-elements-ec6f57aa7053edd1030e3c74d114a8b9\">BSC Young Boys<\/p>\n<\/div>\n<\/div>\n<\/div><\/div>\n\n\n\n<div class=\"wp-block-group alignfull has-contrast-color has-nv-dark-bg-background-color has-text-color has-background is-vertical is-content-justification-center is-layout-flex wp-container-core-group-is-layout-f1198d31 wp-block-group-is-layout-flex\" style=\"min-height:40vh;margin-top:0;margin-bottom:0;padding-top:var(--wp--preset--spacing--60);padding-right:var(--wp--preset--spacing--50);padding-bottom:var(--wp--preset--spacing--60);padding-left:var(--wp--preset--spacing--50)\"><div style=\"margin-bottom:6px;\" class=\"aligncenter wp-block-site-logo\"><a href=\"https:\/\/inspire-sport.com\/\" class=\"custom-logo-link\" rel=\"home\"><img loading=\"lazy\" decoding=\"async\" width=\"185\" height=\"185\" src=\"https:\/\/inspire-sport.com\/wp-content\/uploads\/2024\/04\/Sujet.png\" class=\"custom-logo\" alt=\"INSPIRE SPORT CONSULTING\" srcset=\"https:\/\/inspire-sport.com\/wp-content\/uploads\/2024\/04\/Sujet.png 168w, https:\/\/inspire-sport.com\/wp-content\/uploads\/2024\/04\/Sujet-150x150.png 150w\" sizes=\"auto, (max-width: 185px) 100vw, 185px\" \/><\/a><\/div>\n\n\n<p class=\"has-text-align-center has-text-color has-link-color has-medium-font-size wp-elements-7aa3deb04303841839fa28851627f412\" style=\"color:#eee53a\">Win together on your <br>next project<\/p>\n\n\n\n<p><\/p>\n<\/div>\n","protected":false},"excerpt":{"rendered":"<p>Inspire Sport Consulting fue creada en 2019, es una empresa de scouting (reclutamiento) de j\u00f3venes deportistas talentosos. Tambi\u00e9n ofrece servicios de gesti\u00f3n y consultor\u00eda a sus clientes en todo el mundo. Estrategia y desarrollo Estructurar, desarrollar y profesionalizar clubes, federaciones, academias, ligas y estados. Gesti\u00f3n de im\u00e1genes Nuestro compromiso de respetar su privacidad y su&hellip;&nbsp;<a href=\"https:\/\/inspire-sport.com\/index.php\/es\/bienvenido\/\" class=\"\" rel=\"bookmark\">Lire la suite &raquo;<span class=\"screen-reader-text\">Bienvenido<\/span><\/a><\/p>\n","protected":false},"author":1,"featured_media":0,"parent":0,"menu_order":0,"comment_status":"closed","ping_status":"closed","template":"","meta":{"neve_meta_sidebar":"default","neve_meta_container":"default","neve_meta_enable_content_width":"on","neve_meta_content_width":100,"neve_meta_title_alignment":"","neve_meta_author_avatar":"","neve_post_elements_order":"","neve_meta_disable_header":"","neve_meta_disable_footer":"","neve_meta_disable_title":"on","_themeisle_gutenberg_block_has_review":false,"_ti_tpc_template_sync":false,"_ti_tpc_template_id":"","footnotes":""},"folder":[35],"class_list":["post-875","page","type-page","status-publish","hentry"],"_links":{"self":[{"href":"https:\/\/inspire-sport.com\/index.php\/wp-json\/wp\/v2\/pages\/875","targetHints":{"allow":["GET"]}}],"collection":[{"href":"https:\/\/inspire-sport.com\/index.php\/wp-json\/wp\/v2\/pages"}],"about":[{"href":"https:\/\/inspire-sport.com\/index.php\/wp-json\/wp\/v2\/types\/page"}],"author":[{"embeddable":true,"href":"https:\/\/inspire-sport.com\/index.php\/wp-json\/wp\/v2\/users\/1"}],"replies":[{"embeddable":true,"href":"https:\/\/inspire-sport.com\/index.php\/wp-json\/wp\/v2\/comments?post=875"}],"version-history":[{"count":8,"href":"https:\/\/inspire-sport.com\/index.php\/wp-json\/wp\/v2\/pages\/875\/revisions"}],"predecessor-version":[{"id":1249,"href":"https:\/\/inspire-sport.com\/index.php\/wp-json\/wp\/v2\/pages\/875\/revisions\/1249"}],"wp:attachment":[{"href":"https:\/\/inspire-sport.com\/index.php\/wp-json\/wp\/v2\/media?parent=875"}],"wp:term":[{"taxonomy":"folder","embeddable":true,"href":"https:\/\/inspire-sport.com\/index.php\/wp-json\/wp\/v2\/folder?post=875"}],"curies":[{"name":"wp","href":"https:\/\/api.w.org\/{rel}","templated":true}]}}