{"id":75,"date":"2020-01-27T08:29:32","date_gmt":"2020-01-27T08:29:32","guid":{"rendered":"https:\/\/demosites.io\/web-agency-gb\/?page_id=75"},"modified":"2025-01-29T17:07:13","modified_gmt":"2025-01-29T16:07:13","slug":"15c42-web-agency-gb-contact-us","status":"publish","type":"page","link":"https:\/\/inspire-sport.com\/index.php\/15c42-web-agency-gb-contact-us\/","title":{"rendered":"Nous contacter"},"content":{"rendered":"\n<div class=\"wp-block-cover alignfull\" style=\"min-height:300px;aspect-ratio:unset;\"><span aria-hidden=\"true\" class=\"wp-block-cover__background has-nv-site-bg-background-color has-background-dim-100 has-background-dim\"><\/span><div class=\"wp-block-cover__inner-container is-layout-flow wp-block-cover-is-layout-flow\">\n<h1 class=\"wp-block-heading has-text-align-left has-neve-text-color-color has-text-color\">Nous contacter<\/h1>\n<\/div><\/div>\n\n\n\n<figure class=\"wp-block-image size-full is-resized\"><img loading=\"lazy\" decoding=\"async\" width=\"1010\" height=\"669\" src=\"https:\/\/inspire-sport.com\/wp-content\/uploads\/2025\/01\/contact.png\" alt=\"\" class=\"wp-image-1186\" style=\"width:604px;height:auto\" srcset=\"https:\/\/inspire-sport.com\/wp-content\/uploads\/2025\/01\/contact.png 1010w, https:\/\/inspire-sport.com\/wp-content\/uploads\/2025\/01\/contact-300x199.png 300w, https:\/\/inspire-sport.com\/wp-content\/uploads\/2025\/01\/contact-768x509.png 768w\" sizes=\"auto, (max-width: 1010px) 100vw, 1010px\" \/><\/figure>\n\n\n\n<div class=\"wp-block-cover alignfull has-nv-dark-bg-color has-text-color has-link-color wp-elements-5fc8c52b4d13f6e697355aaf565d8d4b\" style=\"min-height:420px;aspect-ratio:unset;\"><span aria-hidden=\"true\" class=\"wp-block-cover__background has-nv-site-bg-background-color has-background-dim-100 has-background-dim\"><\/span><div class=\"wp-block-cover__inner-container is-layout-flow wp-block-cover-is-layout-flow\">\n<div id=\"wp-block-themeisle-blocks-advanced-columns-40db0924\" class=\"wp-block-themeisle-blocks-advanced-columns alignfull has-1-columns has-desktop-equal-layout has-tablet-equal-layout has-mobile-collapsedRows-layout has-vertical-top ticss-c00aadba\"><div class=\"wp-block-themeisle-blocks-advanced-columns-overlay\"><\/div><div class=\"innerblocks-wrap\">\n<div id=\"wp-block-themeisle-blocks-advanced-column-006aede9\" class=\"wp-block-themeisle-blocks-advanced-column\">\n<h2 id=\"wp-block-themeisle-blocks-advanced-heading-8e35b90f\" class=\"wp-block-themeisle-blocks-advanced-heading wp-block-themeisle-blocks-advanced-heading-8e35b90f\"><\/h2>\n\n\n<div class=\"wpforms-container wpforms-container-full wpforms-block wpforms-block-721991e7-31f7-41d1-8f24-b0c210181bf1 wpforms-render-modern\" id=\"wpforms-1144\"><form id=\"wpforms-form-1144\" class=\"wpforms-validate wpforms-form wpforms-ajax-form\" data-formid=\"1144\" method=\"post\" enctype=\"multipart\/form-data\" action=\"\/index.php\/wp-json\/wp\/v2\/pages\/75\" data-token=\"6897072c028dcae7821fffc8872ecde4\" data-token-time=\"1777516373\"><noscript class=\"wpforms-error-noscript\">Veuillez activer JavaScript dans votre navigateur pour remplir ce formulaire.<\/noscript><div class=\"wpforms-hidden\" id=\"wpforms-error-noscript\">Veuillez activer JavaScript dans votre navigateur pour remplir ce formulaire.<\/div><div class=\"wpforms-field-container\"><div id=\"wpforms-1144-field_1-container\" class=\"wpforms-field wpforms-field-name\" data-field-id=\"1\"><label class=\"wpforms-field-label\" for=\"wpforms-1144-field_1\">Nom <span class=\"wpforms-required-label\" aria-hidden=\"true\">*<\/span><\/label><input type=\"text\" id=\"wpforms-1144-field_1\" class=\"wpforms-field-medium wpforms-field-required\" name=\"wpforms[fields][1]\" aria-errormessage=\"wpforms-1144-field_1-error\" required><\/div><div id=\"wpforms-1144-field_6-container\" class=\"wpforms-field wpforms-field-name\" data-field-id=\"6\"><label class=\"wpforms-field-label\" for=\"wpforms-1144-field_6\">Pr\u00e9nom <span class=\"wpforms-required-label\" aria-hidden=\"true\">*<\/span><\/label><input type=\"text\" id=\"wpforms-1144-field_6\" class=\"wpforms-field-medium wpforms-field-required\" name=\"wpforms[fields][6]\" aria-errormessage=\"wpforms-1144-field_6-error\" required><\/div><div id=\"wpforms-1144-field_7-container\" class=\"wpforms-field wpforms-field-number\" data-field-id=\"7\"><label class=\"wpforms-field-label\" for=\"wpforms-1144-field_7\">T\u00e9l\u00e9phone <span class=\"wpforms-required-label\" aria-hidden=\"true\">*<\/span><\/label><input type=\"number\" id=\"wpforms-1144-field_7\" class=\"wpforms-field-medium wpforms-field-required\" name=\"wpforms[fields][7]\" aria-errormessage=\"wpforms-1144-field_7-error\" required><\/div><div id=\"wpforms-1144-field_2-container\" class=\"wpforms-field wpforms-field-email\" data-field-id=\"2\"><label class=\"wpforms-field-label\" for=\"wpforms-1144-field_2\">E-mail <span class=\"wpforms-required-label\" aria-hidden=\"true\">*<\/span><\/label><input type=\"email\" id=\"wpforms-1144-field_2\" class=\"wpforms-field-medium wpforms-field-required\" name=\"wpforms[fields][2]\" spellcheck=\"false\" aria-errormessage=\"wpforms-1144-field_2-error\" required><\/div><div id=\"wpforms-1144-field_8-container\" class=\"wpforms-field wpforms-field-text\" data-field-id=\"8\"><label class=\"wpforms-field-label\" for=\"wpforms-1144-field_8\">Adresse <span class=\"wpforms-required-label\" aria-hidden=\"true\">*<\/span><\/label><input type=\"text\" id=\"wpforms-1144-field_8\" class=\"wpforms-field-medium wpforms-field-required\" name=\"wpforms[fields][8]\" aria-errormessage=\"wpforms-1144-field_8-error\" required><\/div><div id=\"wpforms-1144-field_4-container\" class=\"wpforms-field wpforms-field-text\" data-field-id=\"4\"><label class=\"wpforms-field-label\" for=\"wpforms-1144-field_4\">Soci\u00e9t\u00e9 <span class=\"wpforms-required-label\" aria-hidden=\"true\">*<\/span><\/label><input type=\"text\" id=\"wpforms-1144-field_4\" class=\"wpforms-field-medium wpforms-field-required\" name=\"wpforms[fields][4]\" aria-errormessage=\"wpforms-1144-field_4-error\" required><\/div><div id=\"wpforms-1144-field_5-container\" class=\"wpforms-field wpforms-field-select wpforms-field-select-style-classic\" data-field-id=\"5\"><label class=\"wpforms-field-label\" for=\"wpforms-1144-field_5\">Demande d&#039;information <span class=\"wpforms-required-label\" aria-hidden=\"true\">*<\/span><\/label><select id=\"wpforms-1144-field_5\" class=\"wpforms-field-medium wpforms-field-required\" name=\"wpforms[fields][5]\" required=\"required\"><option value=\"Strat\u00e9gie et d\u00e9veloppement\" >Strat\u00e9gie et d\u00e9veloppement<\/option><option value=\"Gestion d\u2019images\" >Gestion d\u2019images<\/option><option value=\"Marketing \u00e9v\u00e9nementiel\" >Marketing \u00e9v\u00e9nementiel<\/option><option value=\"Apporteur d\u2019affaires\" >Apporteur d\u2019affaires<\/option><option value=\"Scouting club pro\" >Scouting club pro<\/option><option value=\"Services personnalis\u00e9s\" >Services personnalis\u00e9s<\/option><\/select><\/div><div id=\"wpforms-1144-field_3-container\" class=\"wpforms-field wpforms-field-textarea\" data-field-id=\"3\"><label class=\"wpforms-field-label\" for=\"wpforms-1144-field_3\">Message <span class=\"wpforms-required-label\" aria-hidden=\"true\">*<\/span><\/label><textarea id=\"wpforms-1144-field_3\" class=\"wpforms-field-medium wpforms-field-required\" name=\"wpforms[fields][3]\" aria-errormessage=\"wpforms-1144-field_3-error\" required><\/textarea><\/div><\/div><!-- .wpforms-field-container --><div class=\"wpforms-submit-container\" ><input type=\"hidden\" name=\"wpforms[id]\" value=\"1144\"><input type=\"hidden\" name=\"page_title\" value=\"\"><input type=\"hidden\" name=\"page_url\" value=\"https:\/\/inspire-sport.com\/index.php\/wp-json\/wp\/v2\/pages\/75\"><button type=\"submit\" name=\"wpforms[submit]\" id=\"wpforms-submit-1144\" class=\"wpforms-submit\" data-alt-text=\"Envoi...\" data-submit-text=\"Envoyer\" aria-live=\"assertive\" value=\"wpforms-submit\">Envoyer<\/button><img loading=\"lazy\" decoding=\"async\" src=\"https:\/\/inspire-sport.com\/wp-content\/plugins\/wpforms-lite\/assets\/images\/submit-spin.svg\" class=\"wpforms-submit-spinner\" style=\"display: none;\" width=\"26\" height=\"26\" alt=\"Chargement en cours\"><\/div><\/form><\/div>  <!-- .wpforms-container -->\n\n\n<div id=\"wp-block-themeisle-blocks-icon-list-dfc1fb3a\" class=\"wp-block-themeisle-blocks-icon-list\">\n<div id=\"wp-block-themeisle-blocks-icon-list-item-b923af57\" class=\"wp-block-themeisle-blocks-icon-list-item\"><i class=\"fas fa-phone wp-block-themeisle-blocks-icon-list-item-icon\"><\/i><p class=\"wp-block-themeisle-blocks-icon-list-item-content\">+6584612743<\/p><\/div>\n\n\n\n<div id=\"wp-block-themeisle-blocks-icon-list-item-f785004a\" class=\"wp-block-themeisle-blocks-icon-list-item\"><i class=\"fas fa-phone wp-block-themeisle-blocks-icon-list-item-icon\"><\/i><p class=\"wp-block-themeisle-blocks-icon-list-item-content\">c<a href=\"mailto:contact@inspire-sport.com\">ontact@inspire-sport.com<\/a><\/p><\/div>\n<\/div>\n<\/div>\n<\/div><\/div>\n\n\n\n<div class=\"wp-block-columns is-layout-flex wp-container-core-columns-is-layout-9d6595d7 wp-block-columns-is-layout-flex\">\n<div class=\"wp-block-column ticss-4ce656f1 is-layout-flow wp-block-column-is-layout-flow\">\n<div class=\"wp-block-group has-nv-site-bg-background-color has-background\"><div class=\"wp-block-group__inner-container is-layout-flow wp-block-group-is-layout-flow\">\n<div style=\"height:24px\" aria-hidden=\"true\" class=\"wp-block-spacer\"><\/div>\n\n\n<div class=\"wp-block-image icon-style is-style-default wp-duotone-dark-grayscale\">\n<figure class=\"aligncenter size-large\"><img loading=\"lazy\" decoding=\"async\" width=\"63\" height=\"63\" src=\"http:\/\/inspire-sport.com\/wp-content\/uploads\/2021\/06\/phone-sm.png\" alt=\"\" class=\"wp-image-304\"\/><\/figure>\n<\/div>\n\n\n<div style=\"height:24px\" aria-hidden=\"true\" class=\"wp-block-spacer\"><\/div>\n\n\n\n<h3 class=\"wp-block-heading has-text-align-center has-neve-text-color-color has-text-color\">Appelez nous<\/h3>\n\n\n\n<p class=\"has-text-align-center has-neve-text-color-color has-text-color\" style=\"font-size:15px\">+6584612743 | Monday &#8211; Friday<\/p>\n\n\n\n<div style=\"height:24px\" aria-hidden=\"true\" class=\"wp-block-spacer\"><\/div>\n<\/div><\/div>\n<\/div>\n\n\n\n<div class=\"wp-block-column ticss-f6fc7494 is-layout-flow wp-block-column-is-layout-flow\">\n<div class=\"wp-block-group has-nv-site-bg-background-color has-background\"><div class=\"wp-block-group__inner-container is-layout-flow wp-block-group-is-layout-flow\">\n<div style=\"height:24px\" aria-hidden=\"true\" class=\"wp-block-spacer\"><\/div>\n\n\n<div class=\"wp-block-image icon-style is-style-default wp-duotone-rgb23822958-rgb23822958-1\">\n<figure class=\"aligncenter size-large\"><img loading=\"lazy\" decoding=\"async\" width=\"65\" height=\"65\" src=\"http:\/\/inspire-sport.com\/wp-content\/uploads\/2021\/06\/email-sm.png\" alt=\"\" class=\"wp-image-306\"\/><\/figure>\n<\/div>\n\n\n<div style=\"height:24px\" aria-hidden=\"true\" class=\"wp-block-spacer\"><\/div>\n\n\n\n<h3 class=\"wp-block-heading has-text-align-center has-neve-text-color-color has-text-color\">Email<\/h3>\n\n\n\n<p class=\"has-text-align-center has-neve-text-color-color has-text-color\" style=\"font-size:15px\">c<a href=\"mailto:contact@inspire-sport.com\">ontact@inspire-sport.com<\/a><\/p>\n\n\n\n<div style=\"height:24px\" aria-hidden=\"true\" class=\"wp-block-spacer\"><\/div>\n<\/div><\/div>\n<\/div>\n<\/div>\n\n\n\n<p>NOS CONDITIONS DE TRAVAIL<\/p>\n\n\n\n<p>Notre soci\u00e9t\u00e9 est&nbsp;sp\u00e9cialis\u00e9e dans le d\u00e9veloppement administratif, \u00e9conomique, marketing et sportif des clubs, acad\u00e9mies, f\u00e9d\u00e9rations et \u00e9tats \u00e0 travers le monde. Nous accompagnons \u00e9galement les athl\u00e8tes de haut niveau dans l\u2019optimisation et la r\u00e9ussite de leur carri\u00e8re.<\/p>\n\n\n\n<p>Pour garantir la qualit\u00e9 de nos interventions, notre \u00e9quipe effectue des audits complets sur le terrain. Afin d&#8217;assurer une collaboration efficace et la satisfaction de nos clients, nous demandons le respect des conditions suivantes avant tout d\u00e9placement de nos consultants :<\/p>\n\n\n\n<ol class=\"wp-block-list\">\n<li><strong>Pr\u00e9sence requise de deux repr\u00e9sentants<\/strong>&nbsp;de notre entreprise lors des interventions.<\/li>\n\n\n\n<li><strong>Envoi d\u2019une invitation officielle<\/strong>&nbsp;pr\u00e9cisant les noms des invit\u00e9s, les dates, lieux et motifs des interventions.<\/li>\n\n\n\n<li><strong>Notification \u00e0 l&#8217;ambassade<\/strong>&nbsp;du pays d&#8217;origine de nos repr\u00e9sentants d\u00e8s leur arriv\u00e9e sur le territoire \u00e9tranger.<\/li>\n\n\n\n<li><strong>Garantie de s\u00e9curit\u00e9 optimale<\/strong>&nbsp;pour nos repr\u00e9sentants tout au long de leur s\u00e9jour.<\/li>\n\n\n\n<li><strong>Fourniture d&#8217;un moyen de communication<\/strong>&nbsp;en dehors des zones Wifi pour nos repr\u00e9sentants.<\/li>\n\n\n\n<li><strong>Versement de 70 % du montant de la prestation<\/strong>&nbsp;avant le d\u00e9placement.<\/li>\n<\/ol>\n\n\n\n<p>Les frais suivants sont \u00e0 la charge du client :<\/p>\n\n\n\n<ul class=\"wp-block-list\">\n<li>Visa, permis de s\u00e9jour et vaccinations recommand\u00e9es, si applicable.<\/li>\n\n\n\n<li>Billets d\u2019avion, h\u00e9bergement dans des h\u00f4tels s\u00e9curis\u00e9s avec acc\u00e8s Wifi, restauration et transport.<\/li>\n\n\n\n<li>D\u00e9placements locaux avec un membre de l\u2019\u00e9quipe de direction, voiture priv\u00e9e et chauffeur.<\/li>\n<\/ul>\n\n\n\n<p>Ces conditions sont mises en place pour assurer le bon d\u00e9roulement de nos missions et une collaboration en toute s\u00e9r\u00e9nit\u00e9.<\/p>\n\n\n\n<div style=\"height:30px\" aria-hidden=\"true\" class=\"wp-block-spacer\"><\/div>\n<\/div><\/div>\n\n\n\n<div class=\"wp-block-group alignfull has-contrast-color has-nv-dark-bg-background-color has-text-color has-background is-vertical is-content-justification-center is-layout-flex wp-container-core-group-is-layout-f1198d31 wp-block-group-is-layout-flex\" style=\"min-height:40vh;margin-top:0;margin-bottom:0;padding-top:var(--wp--preset--spacing--60);padding-right:var(--wp--preset--spacing--50);padding-bottom:var(--wp--preset--spacing--60);padding-left:var(--wp--preset--spacing--50)\"><div style=\"margin-bottom:6px;\" class=\"is-default-size aligncenter wp-block-site-logo\"><a href=\"https:\/\/inspire-sport.com\/\" class=\"custom-logo-link\" rel=\"home\"><img loading=\"lazy\" decoding=\"async\" width=\"168\" height=\"168\" src=\"https:\/\/inspire-sport.com\/wp-content\/uploads\/2024\/04\/Sujet.png\" class=\"custom-logo\" alt=\"INSPIRE SPORT CONSULTING\" srcset=\"https:\/\/inspire-sport.com\/wp-content\/uploads\/2024\/04\/Sujet.png 168w, https:\/\/inspire-sport.com\/wp-content\/uploads\/2024\/04\/Sujet-150x150.png 150w\" sizes=\"auto, (max-width: 168px) 100vw, 168px\" \/><\/a><\/div>\n\n\n<p class=\"has-text-align-center has-text-color has-link-color has-medium-font-size wp-elements-b84488d770ba6ff4a6fd4cf436be9810\" style=\"color:#eee53a\">Win together on your<br>next project<\/p>\n\n\n\n<p><\/p>\n<\/div>\n","protected":false},"excerpt":{"rendered":"<p>Win together on yournext project<\/p>\n","protected":false},"author":1,"featured_media":0,"parent":0,"menu_order":0,"comment_status":"closed","ping_status":"closed","template":"","meta":{"neve_meta_sidebar":"default","neve_meta_container":"","neve_meta_enable_content_width":"on","neve_meta_content_width":100,"neve_meta_title_alignment":"","neve_meta_author_avatar":"","neve_post_elements_order":"","neve_meta_disable_header":"","neve_meta_disable_footer":"","neve_meta_disable_title":"on","_themeisle_gutenberg_block_has_review":false,"_ti_tpc_template_sync":false,"_ti_tpc_template_id":"re55dar6wrbbpp35jwhf","footnotes":""},"folder":[33],"class_list":["post-75","page","type-page","status-publish","hentry"],"_links":{"self":[{"href":"https:\/\/inspire-sport.com\/index.php\/wp-json\/wp\/v2\/pages\/75","targetHints":{"allow":["GET"]}}],"collection":[{"href":"https:\/\/inspire-sport.com\/index.php\/wp-json\/wp\/v2\/pages"}],"about":[{"href":"https:\/\/inspire-sport.com\/index.php\/wp-json\/wp\/v2\/types\/page"}],"author":[{"embeddable":true,"href":"https:\/\/inspire-sport.com\/index.php\/wp-json\/wp\/v2\/users\/1"}],"replies":[{"embeddable":true,"href":"https:\/\/inspire-sport.com\/index.php\/wp-json\/wp\/v2\/comments?post=75"}],"version-history":[{"count":25,"href":"https:\/\/inspire-sport.com\/index.php\/wp-json\/wp\/v2\/pages\/75\/revisions"}],"predecessor-version":[{"id":1313,"href":"https:\/\/inspire-sport.com\/index.php\/wp-json\/wp\/v2\/pages\/75\/revisions\/1313"}],"wp:attachment":[{"href":"https:\/\/inspire-sport.com\/index.php\/wp-json\/wp\/v2\/media?parent=75"}],"wp:term":[{"taxonomy":"folder","embeddable":true,"href":"https:\/\/inspire-sport.com\/index.php\/wp-json\/wp\/v2\/folder?post=75"}],"curies":[{"name":"wp","href":"https:\/\/api.w.org\/{rel}","templated":true}]}}