{"id":69,"date":"2020-01-27T08:05:29","date_gmt":"2020-01-27T08:05:29","guid":{"rendered":"https:\/\/demosites.io\/web-agency-gb\/?page_id=69"},"modified":"2025-01-28T14:27:08","modified_gmt":"2025-01-28T13:27:08","slug":"15c42-web-agency-gb-portfolio","status":"publish","type":"page","link":"https:\/\/inspire-sport.com\/index.php\/15c42-web-agency-gb-portfolio\/","title":{"rendered":"Nos activit\u00e9s"},"content":{"rendered":"\n<div class=\"wp-block-cover alignfull\" style=\"min-height:300px;aspect-ratio:unset;\"><span aria-hidden=\"true\" class=\"wp-block-cover__background has-nv-site-bg-background-color has-background-dim-100 has-background-dim\"><\/span><div class=\"wp-block-cover__inner-container is-layout-flow wp-block-cover-is-layout-flow\">\n<div class=\"wp-block-group\"><div class=\"wp-block-group__inner-container is-layout-flow wp-block-group-is-layout-flow\">\n<p><\/p>\n\n\n\n<h2 class=\"wp-block-heading has-text-align-left has-neve-text-color-color has-text-color\">Nos activit\u00e9s<\/h2>\n<\/div><\/div>\n\n\n\n<div class=\"wp-block-media-text is-stacked-on-mobile\"><figure class=\"wp-block-media-text__media\"><img loading=\"lazy\" decoding=\"async\" width=\"1013\" height=\"704\" src=\"https:\/\/inspire-sport.com\/wp-content\/uploads\/2025\/01\/audit.png\" alt=\"\" class=\"wp-image-1117 size-full\" srcset=\"https:\/\/inspire-sport.com\/wp-content\/uploads\/2025\/01\/audit.png 1013w, https:\/\/inspire-sport.com\/wp-content\/uploads\/2025\/01\/audit-300x208.png 300w, https:\/\/inspire-sport.com\/wp-content\/uploads\/2025\/01\/audit-768x534.png 768w\" sizes=\"auto, (max-width: 1013px) 100vw, 1013px\" \/><\/figure><div class=\"wp-block-media-text__content\">\n<p class=\"has-text-align-left has-nv-dark-bg-color has-text-color has-link-color has-medium-font-size wp-elements-fc003c1ed8798f7c6a28a1854e1d2ba4\"><strong><strong>Audit\/Expertise (D\u00e9veloppement et Structuration)<\/strong><\/strong><\/p>\n\n\n\n<p class=\"has-text-align-left has-neve-text-color-color has-text-color has-link-color wp-elements-14f4afd94cbd093f12500736d60b26a1\">Nous offrons un service d&#8217;audit complet pour les clubs, acad\u00e9mies, f\u00e9d\u00e9rations, et autres structures sportives. Nos experts analysent en profondeur l&#8217;organisation, les infrastructures, les strat\u00e9gies de d\u00e9veloppement, et la performance globale. \u00c0 partir de cette \u00e9valuation, nous fournissons des recommandations pr\u00e9cises pour am\u00e9liorer la structure, optimiser les processus, et maximiser les r\u00e9sultats sportifs et op\u00e9rationnels.<\/p>\n\n\n\n<p class=\"has-nv-dark-bg-color has-text-color has-link-color wp-elements-b3d27accf045e5a7c165a8d883a2602f\"><strong>Objectifs :<\/strong><\/p>\n\n\n\n<ul class=\"wp-block-list\">\n<li class=\"has-nv-dark-bg-color has-text-color has-link-color wp-elements-b70a40360ac8aff1ac0bdc184586e697\">Identifier les points forts et les faiblesses de l&#8217;organisation.<\/li>\n\n\n\n<li class=\"has-nv-dark-bg-color has-text-color has-link-color wp-elements-e40a1be7837a57ee5aff329697a19150\">Proposer des plans de d\u00e9veloppement personnalis\u00e9s pour renforcer la comp\u00e9titivit\u00e9.<\/li>\n\n\n\n<li class=\"has-neve-text-color-color has-text-color has-link-color wp-elements-01f1eb787af493fc551b0b4920b8693d\">Accompagner les structures dans la mise en \u0153uvre des recommandations.<\/li>\n\n\n\n<li>Accompagner les structures dans la mise en \u0153uvre des recommandations.<\/li>\n<\/ul>\n\n\n\n<p><\/p>\n\n\n\n<p><\/p>\n\n\n\n<p class=\"has-text-align-left has-neve-text-color-color has-text-color has-link-color wp-elements-e33e50b672474958596678b5f036f540\"><\/p>\n<\/div><\/div>\n\n\n\n<div class=\"wp-block-media-text has-media-on-the-right is-stacked-on-mobile\"><div class=\"wp-block-media-text__content\">\n<p class=\"has-text-align-center has-nv-dark-bg-color has-text-color has-link-color has-medium-font-size wp-elements-d8959c4e1492fcfcb876fcb322349714\"><strong><strong>Accompagnement de Carri\u00e8re (Athl\u00e8tes Professionnels) et Droit d\u2019Images<\/strong><\/strong><\/p>\n\n\n\n<p class=\"has-text-align-left has-nv-dark-bg-color has-text-color has-link-color wp-elements-fb1b3de0a2c3280a9a9d2bbaeb9bb2ea\">Nous assurons une gestion de carri\u00e8re compl\u00e8te pour les athl\u00e8tes professionnels, couvrant tous les aspects de leur progression sportive et de leur image publique. Notre service inclut la planification de la carri\u00e8re, le d\u00e9veloppement de l&#8217;image de marque personnelle, et la n\u00e9gociation de contrats relatifs aux droits d&#8217;images.<\/p>\n\n\n\n<p class=\"has-nv-dark-bg-color has-text-color has-link-color wp-elements-b3d27accf045e5a7c165a8d883a2602f\"><strong>Objectifs :<\/strong><\/p>\n\n\n\n<ul class=\"wp-block-list\">\n<li class=\"has-nv-dark-bg-color has-text-color has-link-color wp-elements-000fa53f51c8c5854db26a082892df92\">Fournir des conseils juridiques sur les droits d&#8217;images et les contrats.<\/li>\n\n\n\n<li class=\"has-nv-dark-bg-color has-text-color has-link-color wp-elements-e0dbc036238ffa064c6722fd749e99ab\">Aider les athl\u00e8tes \u00e0 atteindre leurs objectifs professionnels et \u00e0 g\u00e9rer efficacement leur notori\u00e9t\u00e9.<\/li>\n\n\n\n<li class=\"has-nv-dark-bg-color has-text-color has-link-color wp-elements-2f6a944755e668f5f9bf1a7dd8eefa80\">N\u00e9gocier les meilleures opportunit\u00e9s commerciales et de sponsoring.<\/li>\n<\/ul>\n\n\n\n<p class=\"has-neve-text-color-color has-text-color has-link-color wp-elements-89a7747b89160ec192123be999c5d37c\"><\/p>\n<\/div><figure class=\"wp-block-media-text__media\"><img loading=\"lazy\" decoding=\"async\" width=\"1012\" height=\"677\" src=\"https:\/\/inspire-sport.com\/wp-content\/uploads\/2025\/01\/Accompagnement-de-Carriere-1-1.png\" alt=\"\" class=\"wp-image-1156 size-full\" srcset=\"https:\/\/inspire-sport.com\/wp-content\/uploads\/2025\/01\/Accompagnement-de-Carriere-1-1.png 1012w, https:\/\/inspire-sport.com\/wp-content\/uploads\/2025\/01\/Accompagnement-de-Carriere-1-1-300x201.png 300w, https:\/\/inspire-sport.com\/wp-content\/uploads\/2025\/01\/Accompagnement-de-Carriere-1-1-768x514.png 768w\" sizes=\"auto, (max-width: 1012px) 100vw, 1012px\" \/><\/figure><\/div>\n\n\n\n<div class=\"wp-block-media-text is-stacked-on-mobile\"><figure class=\"wp-block-media-text__media\"><img loading=\"lazy\" decoding=\"async\" width=\"1019\" height=\"678\" src=\"https:\/\/inspire-sport.com\/wp-content\/uploads\/2025\/01\/Apporteur-dOpportunites-1.png\" alt=\"\" class=\"wp-image-1157 size-full\" srcset=\"https:\/\/inspire-sport.com\/wp-content\/uploads\/2025\/01\/Apporteur-dOpportunites-1.png 1019w, https:\/\/inspire-sport.com\/wp-content\/uploads\/2025\/01\/Apporteur-dOpportunites-1-300x200.png 300w, https:\/\/inspire-sport.com\/wp-content\/uploads\/2025\/01\/Apporteur-dOpportunites-1-768x511.png 768w, https:\/\/inspire-sport.com\/wp-content\/uploads\/2025\/01\/Apporteur-dOpportunites-1-930x620.png 930w\" sizes=\"auto, (max-width: 1019px) 100vw, 1019px\" \/><\/figure><div class=\"wp-block-media-text__content\">\n<h3 class=\"wp-block-heading has-text-align-center has-neve-text-color-color has-text-color has-medium-font-size\"><strong><strong>Apporteur d\u2019Opportunit\u00e9s (R\u00e9seaux Entreprises)<\/strong><\/strong><\/h3>\n\n\n\n<p class=\"has-neve-text-color-color has-text-color has-link-color wp-elements-44576e82286d8d1f5d8f2c7ecc369ed0\">En tant qu\u2019interm\u00e9diaire commercial, nous connectons les clubs, les f\u00e9d\u00e9rations, et les talents sportifs avec des entreprises et des sponsors potentiels. Nous identifions et facilitons des opportunit\u00e9s de partenariats strat\u00e9giques qui peuvent apporter un soutien financier et logistique, tout en cr\u00e9ant de nouvelles sources de revenus.<\/p>\n\n\n\n<p><strong>Objectifs :<\/strong><\/p>\n\n\n\n<ul class=\"wp-block-list\">\n<li class=\"has-nv-dark-bg-color has-text-color has-link-color wp-elements-3c9f5239e3cb66339d7578ae1aa8ef79\">D\u00e9velopper un r\u00e9seau solide d&#8217;entreprises partenaires pour soutenir les projets sportifs.<\/li>\n\n\n\n<li class=\"has-nv-dark-bg-color has-text-color has-link-color wp-elements-3b1445bd1c3ae027bb918f90a2694e1f\">Cr\u00e9er des opportunit\u00e9s de croissance mutuelle pour les talents sportifs et les entreprises.<\/li>\n\n\n\n<li class=\"has-nv-dark-bg-color has-text-color has-link-color wp-elements-7811070cfaf9a41599616d04e6f9e49c\">N\u00e9gocier des partenariats avantageux et durables.<\/li>\n<\/ul>\n<\/div><\/div>\n\n\n\n<div class=\"wp-block-media-text has-media-on-the-right is-stacked-on-mobile\"><div class=\"wp-block-media-text__content\">\n<p class=\"has-text-align-center has-nv-dark-bg-color has-text-color has-link-color has-medium-font-size wp-elements-aac2a9411b5e0516573e58bf1f7be96f\"><strong><strong>Marketing \u00c9v\u00e9nementiel (Organisation de Matchs, Tournois, Stages et D\u00e9tections)<\/strong><\/strong><\/p>\n\n\n\n<p class=\"has-text-align-left has-neve-text-color-color has-text-color has-link-color wp-elements-6080c3446fc66f90c79767bf6c56a6fe\"><br>Nous organisons des \u00e9v\u00e9nements sportifs tels que des matchs d&#8217;exhibition, des tournois, des stages de formation, et des journ\u00e9es de d\u00e9tection pour mettre en lumi\u00e8re les talents \u00e9mergents. Ces \u00e9v\u00e9nements sont con\u00e7us pour offrir une visibilit\u00e9 maximale aux jeunes talents et pour attirer l\u2019attention des recruteurs.<\/p>\n\n\n\n<p class=\"has-text-align-left has-neve-text-color-color has-text-color has-link-color wp-elements-e5f4867b5f09064585c58359e3cc8a27\"><strong>Objectifs :<\/strong><\/p>\n\n\n\n<ul class=\"wp-block-list\">\n<li class=\"has-nv-dark-bg-color has-text-color has-link-color wp-elements-d150cf478866d443e8e4f9ff53458b60\">Offrir aux jeunes talents des plateformes pour d\u00e9montrer leurs comp\u00e9tences.<\/li>\n\n\n\n<li class=\"has-nv-dark-bg-color has-text-color has-link-color wp-elements-36e9df0b1b5ca1efee0ef297ca385634\">Attirer des recruteurs et des clubs \u00e0 la recherche de nouveaux joueurs prometteurs.<\/li>\n\n\n\n<li class=\"has-nv-dark-bg-color has-text-color has-link-color wp-elements-1d2b1fcf53c7b20d684b777a1b274366\">Cr\u00e9er des exp\u00e9riences m\u00e9morables et enrichissantes pour les participants.<\/li>\n<\/ul>\n\n\n\n<p class=\"has-text-align-left has-neve-text-color-color has-text-color has-link-color wp-elements-e33e50b672474958596678b5f036f540\"><\/p>\n<\/div><figure class=\"wp-block-media-text__media\"><img loading=\"lazy\" decoding=\"async\" width=\"874\" height=\"846\" src=\"https:\/\/inspire-sport.com\/wp-content\/uploads\/2025\/01\/Marketing-Evenementiel-1.png\" alt=\"\" class=\"wp-image-1158 size-full\" srcset=\"https:\/\/inspire-sport.com\/wp-content\/uploads\/2025\/01\/Marketing-Evenementiel-1.png 874w, https:\/\/inspire-sport.com\/wp-content\/uploads\/2025\/01\/Marketing-Evenementiel-1-300x290.png 300w, https:\/\/inspire-sport.com\/wp-content\/uploads\/2025\/01\/Marketing-Evenementiel-1-768x743.png 768w\" sizes=\"auto, (max-width: 874px) 100vw, 874px\" \/><\/figure><\/div>\n\n\n\n<div class=\"wp-block-media-text is-stacked-on-mobile\"><figure class=\"wp-block-media-text__media\"><img loading=\"lazy\" decoding=\"async\" width=\"1011\" height=\"665\" src=\"https:\/\/inspire-sport.com\/wp-content\/uploads\/2025\/01\/scouting-lcub-pro-1.png\" alt=\"\" class=\"wp-image-1159 size-full\" srcset=\"https:\/\/inspire-sport.com\/wp-content\/uploads\/2025\/01\/scouting-lcub-pro-1.png 1011w, https:\/\/inspire-sport.com\/wp-content\/uploads\/2025\/01\/scouting-lcub-pro-1-300x197.png 300w, https:\/\/inspire-sport.com\/wp-content\/uploads\/2025\/01\/scouting-lcub-pro-1-768x505.png 768w\" sizes=\"auto, (max-width: 1011px) 100vw, 1011px\" \/><\/figure><div class=\"wp-block-media-text__content\">\n<h3 class=\"wp-block-heading has-text-align-center has-neve-text-color-color has-text-color has-medium-font-size\"><strong><strong><strong>Consulting Scouting pour Clubs Professionnels<\/strong><\/strong><\/strong><\/h3>\n\n\n\n<p class=\"has-text-align-left has-neve-text-color-color has-text-color has-link-color wp-elements-013fa744a89d94602eef5b41938fcab3\">Nous fournissons des services de consulting en scouting pour les clubs professionnels, avec un acc\u00e8s exclusif \u00e0 une base de donn\u00e9es d\u00e9taill\u00e9e de profils de joueurs. Notre expertise aide les clubs \u00e0 identifier et recruter les talents qui correspondent parfaitement \u00e0 leurs besoins strat\u00e9giques, en \u00e9tablissant des partenariats avec des clubs amateurs et professionnels.<\/p>\n\n\n\n<p><strong>Objectifs :<\/strong><\/p>\n\n\n\n<ul class=\"wp-block-list\">\n<li class=\"has-nv-dark-bg-color has-text-color has-link-color wp-elements-29748ed680b68d91f7a80421a163ecc6\">Optimiser les efforts de recrutement gr\u00e2ce \u00e0 des donn\u00e9es pr\u00e9cises et des analyses approfondies.<\/li>\n\n\n\n<li class=\"has-nv-dark-bg-color has-text-color has-link-color wp-elements-9dd443981b4c51bc0e198f452020151c\">Faciliter les partenariats entre clubs amateurs et professionnels pour un \u00e9change de talents efficace.<\/li>\n\n\n\n<li class=\"has-nv-dark-bg-color has-text-color has-link-color wp-elements-4f6d6f995178e3cc1e7f44a82c6c21f9\">Assister les clubs dans la mise en place de strat\u00e9gies de scouting gagnantes.<\/li>\n<\/ul>\n\n\n\n<ul class=\"wp-block-list\">\n<li><\/li>\n\n\n\n<li><\/li>\n<\/ul>\n<\/div><\/div>\n<\/div><\/div>\n\n\n\n<div class=\"wp-block-group alignfull has-nv-site-bg-color has-nv-dark-bg-background-color has-text-color has-background is-vertical is-content-justification-center is-layout-flex wp-container-core-group-is-layout-f1198d31 wp-block-group-is-layout-flex\" style=\"min-height:40vh;margin-top:0;margin-bottom:0;padding-top:var(--wp--preset--spacing--60);padding-right:var(--wp--preset--spacing--50);padding-bottom:var(--wp--preset--spacing--60);padding-left:var(--wp--preset--spacing--50)\"><div style=\"margin-bottom:6px;\" class=\"is-default-size aligncenter wp-block-site-logo\"><a href=\"https:\/\/inspire-sport.com\/\" class=\"custom-logo-link\" rel=\"home\"><img loading=\"lazy\" decoding=\"async\" width=\"168\" height=\"168\" src=\"https:\/\/inspire-sport.com\/wp-content\/uploads\/2024\/04\/Sujet.png\" class=\"custom-logo\" alt=\"INSPIRE SPORT CONSULTING\" srcset=\"https:\/\/inspire-sport.com\/wp-content\/uploads\/2024\/04\/Sujet.png 168w, https:\/\/inspire-sport.com\/wp-content\/uploads\/2024\/04\/Sujet-150x150.png 150w\" sizes=\"auto, (max-width: 168px) 100vw, 168px\" \/><\/a><\/div>\n\n\n<p class=\"has-text-align-center has-text-color has-link-color has-medium-font-size wp-elements-a36faf683bba8da9e9ffdf809690f0dd\" style=\"color:#eee53a\"><strong>Win together on your<br>next project<\/strong><\/p>\n<\/div>\n","protected":false},"excerpt":{"rendered":"<p>Win together on yournext project<\/p>\n","protected":false},"author":1,"featured_media":0,"parent":0,"menu_order":0,"comment_status":"closed","ping_status":"closed","template":"","meta":{"neve_meta_sidebar":"full-width","neve_meta_container":"","neve_meta_enable_content_width":"on","neve_meta_content_width":100,"neve_meta_title_alignment":"","neve_meta_author_avatar":"","neve_post_elements_order":"","neve_meta_disable_header":"","neve_meta_disable_footer":"","neve_meta_disable_title":"on","_themeisle_gutenberg_block_has_review":false,"_ti_tpc_template_sync":false,"_ti_tpc_template_id":"94gtya0n2udx05knf121","footnotes":""},"folder":[33],"class_list":["post-69","page","type-page","status-publish","hentry"],"_links":{"self":[{"href":"https:\/\/inspire-sport.com\/index.php\/wp-json\/wp\/v2\/pages\/69","targetHints":{"allow":["GET"]}}],"collection":[{"href":"https:\/\/inspire-sport.com\/index.php\/wp-json\/wp\/v2\/pages"}],"about":[{"href":"https:\/\/inspire-sport.com\/index.php\/wp-json\/wp\/v2\/types\/page"}],"author":[{"embeddable":true,"href":"https:\/\/inspire-sport.com\/index.php\/wp-json\/wp\/v2\/users\/1"}],"replies":[{"embeddable":true,"href":"https:\/\/inspire-sport.com\/index.php\/wp-json\/wp\/v2\/comments?post=69"}],"version-history":[{"count":32,"href":"https:\/\/inspire-sport.com\/index.php\/wp-json\/wp\/v2\/pages\/69\/revisions"}],"predecessor-version":[{"id":1160,"href":"https:\/\/inspire-sport.com\/index.php\/wp-json\/wp\/v2\/pages\/69\/revisions\/1160"}],"wp:attachment":[{"href":"https:\/\/inspire-sport.com\/index.php\/wp-json\/wp\/v2\/media?parent=69"}],"wp:term":[{"taxonomy":"folder","embeddable":true,"href":"https:\/\/inspire-sport.com\/index.php\/wp-json\/wp\/v2\/folder?post=69"}],"curies":[{"name":"wp","href":"https:\/\/api.w.org\/{rel}","templated":true}]}}