{"id":61,"date":"2020-01-23T18:21:52","date_gmt":"2020-01-23T18:21:52","guid":{"rendered":"https:\/\/demosites.io\/web-agency-gb\/?page_id=61"},"modified":"2025-01-29T16:02:29","modified_gmt":"2025-01-29T15:02:29","slug":"15c42-web-agency-gb-about-us","status":"publish","type":"page","link":"https:\/\/inspire-sport.com\/index.php\/15c42-web-agency-gb-about-us\/","title":{"rendered":"Qui sommes nous ?"},"content":{"rendered":"\n<div class=\"wp-block-cover alignfull\" style=\"min-height:300px;aspect-ratio:unset;\"><span aria-hidden=\"true\" class=\"wp-block-cover__background has-nv-site-bg-background-color has-background-dim-100 has-background-dim\"><\/span><div class=\"wp-block-cover__inner-container is-layout-flow wp-block-cover-is-layout-flow\">\n<div class=\"wp-block-group\"><div class=\"wp-block-group__inner-container is-layout-flow wp-block-group-is-layout-flow\">\n<h2 class=\"wp-block-heading has-text-align-left has-neve-text-color-color has-text-color\"><strong>Qui sommes nous ?<\/strong><\/h2>\n<\/div><\/div>\n<\/div><\/div>\n\n\n\n<div class=\"wp-block-cover alignfull\" style=\"min-height:600px;aspect-ratio:unset;\"><span aria-hidden=\"true\" class=\"wp-block-cover__background has-nv-light-bg-background-color has-background-dim-100 has-background-dim\"><\/span><div class=\"wp-block-cover__inner-container is-layout-flow wp-block-cover-is-layout-flow\">\n<div class=\"wp-block-group\"><div class=\"wp-block-group__inner-container is-layout-flow wp-block-group-is-layout-flow\">\n<div style=\"height:80px\" aria-hidden=\"true\" class=\"wp-block-spacer\"><\/div>\n\n\n\n<div class=\"wp-block-columns are-vertically-aligned-center has-neve-text-color-color has-text-color is-layout-flex wp-container-core-columns-is-layout-9d6595d7 wp-block-columns-is-layout-flex\">\n<div class=\"wp-block-column is-vertically-aligned-center is-layout-flow wp-block-column-is-layout-flow\" style=\"flex-basis:50%\">\n<figure class=\"wp-block-image size-large is-resized\"><img loading=\"lazy\" decoding=\"async\" width=\"1024\" height=\"576\" src=\"https:\/\/inspire-sport.com\/wp-content\/uploads\/2024\/04\/Design-sans-titre-3-1-1024x576.png\" alt=\"\" class=\"wp-image-565\" style=\"aspect-ratio:1.0272727272727273;object-fit:cover;width:551px;height:auto\" srcset=\"https:\/\/inspire-sport.com\/wp-content\/uploads\/2024\/04\/Design-sans-titre-3-1-1024x576.png 1024w, https:\/\/inspire-sport.com\/wp-content\/uploads\/2024\/04\/Design-sans-titre-3-1-300x169.png 300w, https:\/\/inspire-sport.com\/wp-content\/uploads\/2024\/04\/Design-sans-titre-3-1-768x432.png 768w, https:\/\/inspire-sport.com\/wp-content\/uploads\/2024\/04\/Design-sans-titre-3-1-1536x864.png 1536w, https:\/\/inspire-sport.com\/wp-content\/uploads\/2024\/04\/Design-sans-titre-3-1.png 1920w\" sizes=\"auto, (max-width: 1024px) 100vw, 1024px\" \/><\/figure>\n<\/div>\n\n\n\n<div class=\"wp-block-column is-vertically-aligned-center is-layout-flow wp-block-column-is-layout-flow\" style=\"flex-basis:50%\">\n<h2 class=\"wp-block-heading has-neve-text-color-color has-text-color\">Historique<\/h2>\n\n\n\n<p><strong>Inspire Sport Consulting a \u00e9t\u00e9 cr\u00e9\u00e9 en 2019, <\/strong>est une soci\u00e9t\u00e9 de <strong>scouting<\/strong>, <em>Management, Conseils et Interm\u00e9diaire commercial.<\/em><em><br><\/em><em>Sp\u00e9cialis\u00e9e dans l\u2019accompagnement des clubs, acad\u00e9mies, f\u00e9d\u00e9rations, \u00e9tats, ligues et jeunes talents footballeurs<\/em>.<\/p>\n\n\n\n<p> Elle fait aussi de la&nbsp; prestation de services dans le management et dans les conseils aupr\u00e8s de ses clients \u00e0 travers le monde.&nbsp;<br>ISC a 5 grandes activit\u00e9s d\u00e9nomm\u00e9es <strong>Football Business<\/strong> qui se pr\u00e9sentent comme suit&nbsp;:<\/p>\n\n\n\n<ol class=\"wp-block-list\">\n<li><strong>Audit\/Expertise<\/strong> (d\u00e9veloppement et structuration).<\/li>\n\n\n\n<li><strong>Accompagnement de carri\u00e8re <\/strong>(athl\u00e8tes professionnels) droit d\u2019images.<strong>&nbsp;&nbsp;<\/strong><\/li>\n\n\n\n<li><strong>Apporteur d\u2019opportunit\u00e9s <\/strong>(r\u00e9seaux entreprises).<\/li>\n\n\n\n<li><strong>Marketing Ev\u00e9nementiel <\/strong>(Organisation de matchs, tournois, stages et d\u00e9tections).<\/li>\n\n\n\n<li><strong>Consulting Scouting clubs professionnels <\/strong>(base de donn\u00e9es profils, partenariats clubs pros et amateurs).<\/li>\n<\/ol>\n\n\n\n<p><\/p>\n<\/div>\n<\/div>\n\n\n\n<div style=\"height:40px\" aria-hidden=\"true\" class=\"wp-block-spacer\"><\/div>\n<\/div><\/div>\n<\/div><\/div>\n\n\n\n<p><strong>ISC<\/strong>, depuis 2023, a des nombreux repr\u00e9sentants dans le monde, qui lui facilitent les diff\u00e9rents \u00e9changes commerciaux pour l\u2019ensemble de ses activit\u00e9s professionnelles.<\/p>\n\n\n\n<p>Br\u00e9sil, Argentine, USA, Canada, Singapour, Malaisie, Tha\u00eflande, Indochine, Mali, les deux Congo, La R\u00e9publique de la Guin\u00e9e, C\u00f4te-d\u2019Ivoire, Kenya, Gabon, Cameroun, Niger, le Benin et l\u2019Europe.<\/p>\n\n\n\n<figure class=\"wp-block-table is-style-stripes\"><table class=\"has-fixed-layout\"><tbody><tr><td class=\"has-text-align-center\" data-align=\"center\"><img decoding=\"async\" src=\"https:\/\/inspire-sport.com\/wp-content\/uploads\/2025\/01\/32-brasil_400px.webp\" alt=\"\"><\/td><td><img decoding=\"async\" src=\"http:\/\/inspire-sport.com\/wp-content\/uploads\/2024\/12\/image-8.png\" alt=\"\" style=\"\"><\/td><td><img decoding=\"async\" src=\"http:\/\/inspire-sport.com\/wp-content\/uploads\/2024\/12\/image-10.png\" alt=\"\" style=\"\"><\/td><\/tr><tr><td class=\"has-text-align-center\" data-align=\"center\"><img decoding=\"async\" src=\"https:\/\/inspire-sport.com\/wp-content\/uploads\/2025\/01\/drapeau-angola.webp\" alt=\"\"><\/td><td><img decoding=\"async\" src=\"http:\/\/inspire-sport.com\/wp-content\/uploads\/2024\/12\/image-11.png\" alt=\"\"><\/td><td><img decoding=\"async\" src=\"https:\/\/inspire-sport.com\/wp-content\/uploads\/2025\/01\/spain-flag-png-large.webp\" alt=\"\"><\/td><\/tr><tr><td class=\"has-text-align-center\" data-align=\"center\"><img decoding=\"async\" src=\"https:\/\/inspire-sport.com\/wp-content\/uploads\/2025\/01\/union-jack-1027898_640.webp\" alt=\"\"><\/td><td><img decoding=\"async\" src=\"https:\/\/inspire-sport.com\/wp-content\/uploads\/2025\/01\/sg-1.webp\" alt=\"\"><\/td><td><img decoding=\"async\" src=\"https:\/\/inspire-sport.com\/wp-content\/uploads\/2025\/01\/drapeau-argentine.webp\" alt=\"\"><\/td><\/tr><\/tbody><\/table><\/figure>\n\n\n\n<p>Elle collabore avec plusieurs partenaires dans le domaine du football,<strong> et est d\u00e9tentrice d\u2019une accr\u00e9ditation en qualit\u00e9 de repr\u00e9sentante exclusive <\/strong>des clubs professionnels en Am\u00e9rique latine, d\u2019Europe, d\u2019Afrique et d\u2019Asie afin de d\u00e9velopper et cr\u00e9er des liens de partages et d\u2019\u00e9changes culturels entre les populations.<\/p>\n\n\n\n<p>L\u2019\u00e9quipe constitu\u00e9e par <strong>Inspire Sport Consulting<\/strong> met un trait d\u2019honneur \u00e0 la qualit\u00e9 des travaux qu\u2019elle sera amen\u00e9e \u00e0 effectuer. Pour ce faire, cette \u00e9quipe interviendra sur le terrain afin d\u2019y effectuer un audit complet.<\/p>\n\n\n\n<p><\/p>\n\n\n\n<p class=\"has-text-align-center has-nv-dark-bg-color has-text-color has-link-color has-large-font-size wp-elements-87a980f5e143d41ab14900c5bfd86185\"><strong>Nos&nbsp;partenariats&nbsp;transferts<\/strong><br><\/p>\n\n\n\n<div class=\"wp-block-cover alignfull\" style=\"min-height:872px;aspect-ratio:unset;\"><span aria-hidden=\"true\" class=\"wp-block-cover__background has-nv-site-bg-background-color has-background-dim-100 has-background-dim\"><\/span><div class=\"wp-block-cover__inner-container is-layout-flow wp-block-cover-is-layout-flow\">\n<div class=\"wp-block-group\"><div class=\"wp-block-group__inner-container is-layout-flow wp-block-group-is-layout-flow\">\n<div class=\"wp-block-columns is-layout-flex wp-container-core-columns-is-layout-9d6595d7 wp-block-columns-is-layout-flex\">\n<div class=\"wp-block-column is-layout-flow wp-block-column-is-layout-flow\"><div class=\"wp-block-image is-style-default\">\n<figure class=\"aligncenter size-full is-resized\"><img loading=\"lazy\" decoding=\"async\" width=\"291\" height=\"296\" src=\"http:\/\/inspire-sport.com\/wp-content\/uploads\/2025\/01\/veretout-e1736955718946.webp\" alt=\"\" class=\"wp-image-807\" style=\"width:316px;height:auto\"\/><\/figure>\n<\/div>\n\n\n<div style=\"height:24px\" aria-hidden=\"true\" class=\"wp-block-spacer\"><\/div>\n\n\n\n<h3 class=\"wp-block-heading has-neve-text-color-color has-text-color\">Jordan Marcel Gilbert Veretout<\/h3>\n\n\n\n<p class=\"has-text-align-center has-neve-text-color-color has-text-color\">MILIEU<\/p>\n\n\n\n<div style=\"height:40px\" aria-hidden=\"true\" class=\"wp-block-spacer\"><\/div>\n<\/div>\n\n\n\n<div class=\"wp-block-column is-layout-flow wp-block-column-is-layout-flow\"><div class=\"wp-block-image is-style-default\">\n<figure class=\"aligncenter size-full is-resized\"><img loading=\"lazy\" decoding=\"async\" width=\"350\" height=\"350\" src=\"http:\/\/inspire-sport.com\/wp-content\/uploads\/2024\/04\/bony.webp\" alt=\"\" class=\"wp-image-372\" style=\"width:320px;height:auto\" srcset=\"https:\/\/inspire-sport.com\/wp-content\/uploads\/2024\/04\/bony.webp 350w, https:\/\/inspire-sport.com\/wp-content\/uploads\/2024\/04\/bony-300x300.webp 300w, https:\/\/inspire-sport.com\/wp-content\/uploads\/2024\/04\/bony-150x150.webp 150w\" sizes=\"auto, (max-width: 350px) 100vw, 350px\" \/><\/figure>\n<\/div>\n\n\n<div style=\"height:24px\" aria-hidden=\"true\" class=\"wp-block-spacer\"><\/div>\n\n\n\n<h3 class=\"wp-block-heading has-text-align-center has-neve-text-color-color has-text-color\">Wilfried Guemiand Bony<\/h3>\n\n\n\n<p class=\"has-text-align-center has-neve-text-color-color has-text-color\">ATTAQUANT<\/p>\n\n\n\n<div style=\"height:40px\" aria-hidden=\"true\" class=\"wp-block-spacer\"><\/div>\n<\/div>\n\n\n\n<div class=\"wp-block-column is-layout-flow wp-block-column-is-layout-flow\"><div class=\"wp-block-image is-style-default\">\n<figure class=\"aligncenter size-full is-resized\"><img loading=\"lazy\" decoding=\"async\" width=\"512\" height=\"512\" src=\"http:\/\/inspire-sport.com\/wp-content\/uploads\/2024\/04\/P62573.png\" alt=\"\" class=\"wp-image-373\" style=\"width:324px;height:auto\" srcset=\"https:\/\/inspire-sport.com\/wp-content\/uploads\/2024\/04\/P62573.png 512w, https:\/\/inspire-sport.com\/wp-content\/uploads\/2024\/04\/P62573-300x300.png 300w, https:\/\/inspire-sport.com\/wp-content\/uploads\/2024\/04\/P62573-150x150.png 150w\" sizes=\"auto, (max-width: 512px) 100vw, 512px\" \/><\/figure>\n<\/div>\n\n\n<div style=\"height:24px\" aria-hidden=\"true\" class=\"wp-block-spacer\"><\/div>\n\n\n\n<h3 class=\"wp-block-heading has-text-align-center has-neve-text-color-color has-text-color\">Batista Ad\u00e9lino Mendy<\/h3>\n\n\n\n<p class=\"has-text-align-center has-neve-text-color-color has-text-color\">MILIEU<\/p>\n\n\n\n<div style=\"height:40px\" aria-hidden=\"true\" class=\"wp-block-spacer\"><\/div>\n<\/div>\n<\/div>\n\n\n\n<div style=\"height:40px\" aria-hidden=\"true\" class=\"wp-block-spacer\"><\/div>\n<\/div><\/div>\n<\/div><\/div>\n\n\n\n<div class=\"wp-block-group alignfull has-contrast-color has-nv-dark-bg-background-color has-text-color has-background is-vertical is-content-justification-center is-layout-flex wp-container-core-group-is-layout-f1198d31 wp-block-group-is-layout-flex\" style=\"min-height:40vh;margin-top:0;margin-bottom:0;padding-top:var(--wp--preset--spacing--60);padding-right:var(--wp--preset--spacing--50);padding-bottom:var(--wp--preset--spacing--60);padding-left:var(--wp--preset--spacing--50)\"><div style=\"margin-bottom:6px;\" class=\"is-default-size aligncenter wp-block-site-logo\"><a href=\"https:\/\/inspire-sport.com\/\" class=\"custom-logo-link\" rel=\"home\"><img loading=\"lazy\" decoding=\"async\" width=\"168\" height=\"168\" src=\"https:\/\/inspire-sport.com\/wp-content\/uploads\/2024\/04\/Sujet.png\" class=\"custom-logo\" alt=\"INSPIRE SPORT CONSULTING\" srcset=\"https:\/\/inspire-sport.com\/wp-content\/uploads\/2024\/04\/Sujet.png 168w, https:\/\/inspire-sport.com\/wp-content\/uploads\/2024\/04\/Sujet-150x150.png 150w\" sizes=\"auto, (max-width: 168px) 100vw, 168px\" \/><\/a><\/div>\n\n\n<p class=\"has-text-align-center has-text-color has-link-color has-medium-font-size wp-elements-d218e058d60a49291c3646c910287a20\" style=\"color:#eee53a\"><strong>Win together on your<br>next project<\/strong><\/p>\n<\/div>\n","protected":false},"excerpt":{"rendered":"<p>ISC, depuis 2023, a des nombreux repr\u00e9sentants dans le monde, qui lui facilitent les diff\u00e9rents \u00e9changes commerciaux pour l\u2019ensemble de ses activit\u00e9s professionnelles. Br\u00e9sil, Argentine, USA, Canada, Singapour, Malaisie, Tha\u00eflande, Indochine, Mali, les deux Congo, La R\u00e9publique de la Guin\u00e9e, C\u00f4te-d\u2019Ivoire, Kenya, Gabon, Cameroun, Niger, le Benin et l\u2019Europe. Elle collabore avec plusieurs partenaires dans&hellip;&nbsp;<a href=\"https:\/\/inspire-sport.com\/index.php\/15c42-web-agency-gb-about-us\/\" class=\"\" rel=\"bookmark\">Lire la suite &raquo;<span class=\"screen-reader-text\">Qui sommes nous ?<\/span><\/a><\/p>\n","protected":false},"author":1,"featured_media":0,"parent":0,"menu_order":0,"comment_status":"closed","ping_status":"closed","template":"","meta":{"neve_meta_sidebar":"default","neve_meta_container":"default","neve_meta_enable_content_width":"on","neve_meta_content_width":100,"neve_meta_title_alignment":"","neve_meta_author_avatar":"","neve_post_elements_order":"","neve_meta_disable_header":"","neve_meta_disable_footer":"","neve_meta_disable_title":"on","_themeisle_gutenberg_block_has_review":false,"_ti_tpc_template_sync":false,"_ti_tpc_template_id":"eex7gnweb2m8vo93cr1g","footnotes":""},"folder":[33],"class_list":["post-61","page","type-page","status-publish","hentry"],"_links":{"self":[{"href":"https:\/\/inspire-sport.com\/index.php\/wp-json\/wp\/v2\/pages\/61","targetHints":{"allow":["GET"]}}],"collection":[{"href":"https:\/\/inspire-sport.com\/index.php\/wp-json\/wp\/v2\/pages"}],"about":[{"href":"https:\/\/inspire-sport.com\/index.php\/wp-json\/wp\/v2\/types\/page"}],"author":[{"embeddable":true,"href":"https:\/\/inspire-sport.com\/index.php\/wp-json\/wp\/v2\/users\/1"}],"replies":[{"embeddable":true,"href":"https:\/\/inspire-sport.com\/index.php\/wp-json\/wp\/v2\/comments?post=61"}],"version-history":[{"count":30,"href":"https:\/\/inspire-sport.com\/index.php\/wp-json\/wp\/v2\/pages\/61\/revisions"}],"predecessor-version":[{"id":1254,"href":"https:\/\/inspire-sport.com\/index.php\/wp-json\/wp\/v2\/pages\/61\/revisions\/1254"}],"wp:attachment":[{"href":"https:\/\/inspire-sport.com\/index.php\/wp-json\/wp\/v2\/media?parent=61"}],"wp:term":[{"taxonomy":"folder","embeddable":true,"href":"https:\/\/inspire-sport.com\/index.php\/wp-json\/wp\/v2\/folder?post=61"}],"curies":[{"name":"wp","href":"https:\/\/api.w.org\/{rel}","templated":true}]}}