{"id":1286,"date":"2025-01-29T16:43:07","date_gmt":"2025-01-29T15:43:07","guid":{"rendered":"https:\/\/inspire-sport.com\/?page_id=1286"},"modified":"2025-01-29T16:49:42","modified_gmt":"2025-01-29T15:49:42","slug":"servicos-personalizados","status":"publish","type":"page","link":"https:\/\/inspire-sport.com\/index.php\/pt\/servicos-personalizados\/","title":{"rendered":"Servi\u00e7os personalizados"},"content":{"rendered":"\n<div class=\"wp-block-media-text is-stacked-on-mobile\"><figure class=\"wp-block-media-text__media\"><img loading=\"lazy\" decoding=\"async\" width=\"1024\" height=\"806\" src=\"https:\/\/inspire-sport.com\/wp-content\/uploads\/2025\/01\/Stage-decouverte-1-1-1024x806.png\" alt=\"\" class=\"wp-image-1171 size-full\" srcset=\"https:\/\/inspire-sport.com\/wp-content\/uploads\/2025\/01\/Stage-decouverte-1-1-1024x806.png 1024w, https:\/\/inspire-sport.com\/wp-content\/uploads\/2025\/01\/Stage-decouverte-1-1-300x236.png 300w, https:\/\/inspire-sport.com\/wp-content\/uploads\/2025\/01\/Stage-decouverte-1-1-768x605.png 768w, https:\/\/inspire-sport.com\/wp-content\/uploads\/2025\/01\/Stage-decouverte-1-1.png 1260w\" sizes=\"auto, (max-width: 1024px) 100vw, 1024px\" \/><\/figure><div class=\"wp-block-media-text__content\">\n<p class=\"has-nv-dark-bg-color has-text-color has-link-color wp-elements-54697175259b29259e00b8d3fd0e3429\"><strong>Est\u00e1gios culturais internacionais<\/strong><\/p>\n\n\n\n<p class=\"has-nv-dark-bg-color has-text-color has-link-color wp-elements-3c27bde0a01ee0391539239ec1a6bcc7\">Oferecemos cursos de imers\u00e3o no estrangeiro para proporcionar aos jovens talentosos uma experi\u00eancia \u00fanica que combina futebol e descoberta cultural. Estes est\u00e1gios permitem aos participantes treinar em diversos ambientes, interagir com jogadores internacionais e mergulhar em novas culturas, enriquecendo assim o seu desenvolvimento pessoal e profissional.<\/p>\n\n\n\n<p class=\"has-nv-dark-bg-color has-text-color has-link-color wp-elements-e5570200655e044d52edf2ac7613b624\"><strong>Objectivos :<\/strong><\/p>\n\n\n\n<ul class=\"wp-block-list\">\n<li class=\"has-nv-dark-bg-color has-text-color has-link-color wp-elements-60cb923f42328de7fed4469d073f7623\">Favorecer a abertura de esp\u00edrito e a adaptabilidade dos jovens atletas.<\/li>\n\n\n\n<li class=\"has-nv-dark-bg-color has-text-color has-link-color wp-elements-f2709a463b8e36845658bb2228a14dc3\">Oferecer-lhes uma experi\u00eancia de forma\u00e7\u00e3o variada e de alto n\u00edvel.<\/li>\n\n\n\n<li class=\"has-nv-dark-bg-color has-text-color has-link-color wp-elements-64e34ceb0a2c25de5819de6ca03e2ca7\">Criar oportunidades de visibilidade a n\u00edvel internacional.<\/li>\n<\/ul>\n<\/div><\/div>\n\n\n\n<div class=\"wp-block-media-text has-media-on-the-right is-stacked-on-mobile is-vertically-aligned-center\"><div class=\"wp-block-media-text__content\">\n<p><\/p>\n\n\n\n<p class=\"has-nv-dark-bg-color has-text-color has-link-color wp-elements-7d78d91f6730ace4b89067750273947e\"><strong>Scouting com testes profissionais<\/strong><\/p>\n\n\n\n<p class=\"has-nv-dark-bg-color has-text-color has-link-color wp-elements-cd54e1f1b36f24bc2a07ab11e1384a3a\">As nossas sess\u00f5es de scouting s\u00e3o concebidas para avaliar os jovens talentos segundo crit\u00e9rios profissionais. Estas sess\u00f5es de scouting incluem testes f\u00edsicos, t\u00e9cnicos, t\u00e1cticos e mentais para identificar os jogadores com potencial para entrar no futebol profissional. Cada jogador recebe uma avalia\u00e7\u00e3o pormenorizada, com recomenda\u00e7\u00f5es para o seu desenvolvimento.<\/p>\n\n\n\n<p class=\"has-nv-dark-bg-color has-text-color has-link-color wp-elements-2702b52ed57fd4a0fd71d2071e51fa64\"><strong>Objectivos:<\/strong><\/p>\n\n\n\n<ul class=\"wp-block-list\">\n<li class=\"has-nv-dark-bg-color has-text-color has-link-color wp-elements-2aca959a1d9bc7b0340ef71f9d28de7e\">Identificar talentos promissores e orient\u00e1-los para carreiras adequadas.<\/li>\n\n\n\n<li class=\"has-nv-dark-bg-color has-text-color has-link-color wp-elements-c61d4b68e7f641dd41633ab7618dfe8e\">Fornecer aos clubes avalia\u00e7\u00f5es exactas para facilitar o recrutamento.<\/li>\n\n\n\n<li>Ajudar os jogadores a compreender os seus pontos fortes e as \u00e1reas a melhorar.<\/li>\n<\/ul>\n<\/div><figure class=\"wp-block-media-text__media\"><img loading=\"lazy\" decoding=\"async\" width=\"1024\" height=\"678\" src=\"https:\/\/inspire-sport.com\/wp-content\/uploads\/2025\/01\/Detection-et-test-1-1-1024x678.png\" alt=\"\" class=\"wp-image-1172 size-full\" srcset=\"https:\/\/inspire-sport.com\/wp-content\/uploads\/2025\/01\/Detection-et-test-1-1-1024x678.png 1024w, https:\/\/inspire-sport.com\/wp-content\/uploads\/2025\/01\/Detection-et-test-1-1-300x199.png 300w, https:\/\/inspire-sport.com\/wp-content\/uploads\/2025\/01\/Detection-et-test-1-1-768x509.png 768w, https:\/\/inspire-sport.com\/wp-content\/uploads\/2025\/01\/Detection-et-test-1-1.png 1258w\" sizes=\"auto, (max-width: 1024px) 100vw, 1024px\" \/><\/figure><\/div>\n\n\n\n<div class=\"wp-block-media-text is-stacked-on-mobile\"><figure class=\"wp-block-media-text__media\"><img loading=\"lazy\" decoding=\"async\" width=\"1024\" height=\"691\" src=\"https:\/\/inspire-sport.com\/wp-content\/uploads\/2025\/01\/suivi-personnalise-1024x691.png\" alt=\"\" class=\"wp-image-1131 size-full\" srcset=\"https:\/\/inspire-sport.com\/wp-content\/uploads\/2025\/01\/suivi-personnalise-1024x691.png 1024w, https:\/\/inspire-sport.com\/wp-content\/uploads\/2025\/01\/suivi-personnalise-300x203.png 300w, https:\/\/inspire-sport.com\/wp-content\/uploads\/2025\/01\/suivi-personnalise-768x518.png 768w, https:\/\/inspire-sport.com\/wp-content\/uploads\/2025\/01\/suivi-personnalise.png 1265w\" sizes=\"auto, (max-width: 1024px) 100vw, 1024px\" \/><\/figure><div class=\"wp-block-media-text__content\">\n<p class=\"has-nv-dark-bg-color has-text-color has-link-color wp-elements-847147d8c0f3b6d28fac34b5af10668f\"><strong>Apoio personalizado aos atletas<\/strong><\/p>\n\n\n\n<p class=\"has-nv-dark-bg-color has-text-color has-link-color wp-elements-b81415533de40042cf7fff6dabea1f24\">Oferecemos apoio personalizado a cada atleta, abrangendo todos os aspectos do seu progresso desportivo. Isto inclui planos de treino personalizados, an\u00e1lises regulares do desempenho e apoio mental para garantir um desenvolvimento constante e equilibrado.<\/p>\n\n\n\n<p class=\"has-nv-dark-bg-color has-text-color has-link-color wp-elements-2702b52ed57fd4a0fd71d2071e51fa64\"><strong>Objectivos:<\/strong><\/p>\n\n\n\n<ul class=\"wp-block-list\">\n<li class=\"has-nv-dark-bg-color has-text-color has-link-color wp-elements-93afd0f000a85105705561e29a7621c4\">Maximizar o potencial de cada atleta atrav\u00e9s de um treino adequado.<\/li>\n\n\n\n<li class=\"has-nv-dark-bg-color has-text-color has-link-color wp-elements-a84698545de4c46a09d4a9d3e3b13aa4\">Assegurar um desenvolvimento f\u00edsico, t\u00e9cnico e mental harmonioso.<\/li>\n\n\n\n<li class=\"has-nv-dark-bg-color has-text-color has-link-color wp-elements-8649e6c38a99e3856825e5f4a4a09ee2\">Oferecer apoio cont\u00ednuo para manter a motiva\u00e7\u00e3o e o desempenho.<\/li>\n<\/ul>\n<\/div><\/div>\n\n\n\n<div class=\"wp-block-media-text has-media-on-the-right is-stacked-on-mobile\"><div class=\"wp-block-media-text__content\">\n<p><\/p>\n\n\n\n<p class=\"has-nv-dark-bg-color has-text-color has-link-color wp-elements-a09d95fc7ec34bd7497205ef48e21843\"><strong>Apoio extra-desportivo<\/strong><\/p>\n\n\n\n<p class=\"has-nv-dark-bg-color has-text-color has-link-color wp-elements-9afc41791cb5a1750eef94c90af88d3b\">Apoiamos os atletas para al\u00e9m do campo, ajudando-os a gerir a sua vida pessoal e financeira. Os nossos servi\u00e7os incluem gest\u00e3o de patrim\u00f3nio, aconselhamento fiscal personalizado e assist\u00eancia jur\u00eddica. O objetivo \u00e9 garantir a seguran\u00e7a e a estabilidade dos atletas ao longo da sua carreira e ap\u00f3s a sua retirada do desporto.<\/p>\n\n\n\n<p class=\"has-nv-dark-bg-color has-text-color has-link-color wp-elements-2702b52ed57fd4a0fd71d2071e51fa64\"><strong>Objectivos:<\/strong><\/p>\n\n\n\n<ul class=\"wp-block-list\">\n<li class=\"has-nv-dark-bg-color has-text-color has-link-color wp-elements-44a9bf2126b9666920d34472e631a548\">Ajudar os atletas a garantir o seu futuro financeiro atrav\u00e9s de uma gest\u00e3o eficaz do patrim\u00f3nio.<\/li>\n\n\n\n<li class=\"has-nv-dark-bg-color has-text-color has-link-color wp-elements-6bbf67727bc17f5155d41402e8e8af6a\">Prestar aconselhamento fiscal para otimizar os seus rendimentos e cumprir as obriga\u00e7\u00f5es legais.<\/li>\n\n\n\n<li class=\"has-nv-dark-bg-color has-text-color has-link-color wp-elements-fbe50602150eb2b094400efea34075ef\">Oferecer assist\u00eancia jur\u00eddica para proteger os seus interesses em todos os aspectos da sua vida profissional e pessoal.<\/li>\n<\/ul>\n<\/div><figure class=\"wp-block-media-text__media\"><img loading=\"lazy\" decoding=\"async\" width=\"1024\" height=\"723\" src=\"https:\/\/inspire-sport.com\/wp-content\/uploads\/2025\/01\/Accompagnement-Extra-Sportif-1-1-1024x723.png\" alt=\"\" class=\"wp-image-1173 size-full\" srcset=\"https:\/\/inspire-sport.com\/wp-content\/uploads\/2025\/01\/Accompagnement-Extra-Sportif-1-1-1024x723.png 1024w, https:\/\/inspire-sport.com\/wp-content\/uploads\/2025\/01\/Accompagnement-Extra-Sportif-1-1-300x212.png 300w, https:\/\/inspire-sport.com\/wp-content\/uploads\/2025\/01\/Accompagnement-Extra-Sportif-1-1-768x542.png 768w, https:\/\/inspire-sport.com\/wp-content\/uploads\/2025\/01\/Accompagnement-Extra-Sportif-1-1.png 1256w\" sizes=\"auto, (max-width: 1024px) 100vw, 1024px\" \/><\/figure><\/div>\n\n\n\n<p class=\"has-text-align-center\">Estes servi\u00e7os personalizados foram concebidos para prestar um apoio completo aos jovens talentos, assegurando o seu desenvolvimento desportivo e pessoal e preparando-os para serem bem sucedidos em todos os aspectos das suas carreiras.<\/p>\n\n\n\n<div class=\"wp-block-group alignfull has-contrast-color has-nv-dark-bg-background-color has-text-color has-background is-vertical is-content-justification-center is-layout-flex wp-container-core-group-is-layout-f1198d31 wp-block-group-is-layout-flex\" style=\"min-height:40vh;margin-top:0;margin-bottom:0;padding-top:var(--wp--preset--spacing--60);padding-right:var(--wp--preset--spacing--50);padding-bottom:var(--wp--preset--spacing--60);padding-left:var(--wp--preset--spacing--50)\"><div style=\"margin-bottom:6px;\" class=\"is-default-size aligncenter wp-block-site-logo\"><a href=\"https:\/\/inspire-sport.com\/\" class=\"custom-logo-link\" rel=\"home\"><img loading=\"lazy\" decoding=\"async\" width=\"168\" height=\"168\" src=\"https:\/\/inspire-sport.com\/wp-content\/uploads\/2024\/04\/Sujet.png\" class=\"custom-logo\" alt=\"INSPIRE SPORT CONSULTING\" srcset=\"https:\/\/inspire-sport.com\/wp-content\/uploads\/2024\/04\/Sujet.png 168w, https:\/\/inspire-sport.com\/wp-content\/uploads\/2024\/04\/Sujet-150x150.png 150w\" sizes=\"auto, (max-width: 168px) 100vw, 168px\" \/><\/a><\/div>\n\n\n<p class=\"has-text-align-center has-text-color has-link-color has-medium-font-size wp-elements-b84488d770ba6ff4a6fd4cf436be9810\" style=\"color:#eee53a\">Win together on your<br>next project<\/p>\n<\/div>\n","protected":false},"excerpt":{"rendered":"<p>Estes servi\u00e7os personalizados foram concebidos para prestar um apoio completo aos jovens talentos, assegurando o seu desenvolvimento desportivo e pessoal e preparando-os para serem bem sucedidos em todos os aspectos das suas carreiras. Win together on yournext project<\/p>\n","protected":false},"author":1,"featured_media":0,"parent":0,"menu_order":0,"comment_status":"closed","ping_status":"closed","template":"","meta":{"neve_meta_sidebar":"","neve_meta_container":"","neve_meta_enable_content_width":"","neve_meta_content_width":0,"neve_meta_title_alignment":"","neve_meta_author_avatar":"","neve_post_elements_order":"","neve_meta_disable_header":"","neve_meta_disable_footer":"","neve_meta_disable_title":"","_themeisle_gutenberg_block_has_review":false,"_ti_tpc_template_sync":false,"_ti_tpc_template_id":"","footnotes":""},"folder":[36],"class_list":["post-1286","page","type-page","status-publish","hentry"],"_links":{"self":[{"href":"https:\/\/inspire-sport.com\/index.php\/wp-json\/wp\/v2\/pages\/1286","targetHints":{"allow":["GET"]}}],"collection":[{"href":"https:\/\/inspire-sport.com\/index.php\/wp-json\/wp\/v2\/pages"}],"about":[{"href":"https:\/\/inspire-sport.com\/index.php\/wp-json\/wp\/v2\/types\/page"}],"author":[{"embeddable":true,"href":"https:\/\/inspire-sport.com\/index.php\/wp-json\/wp\/v2\/users\/1"}],"replies":[{"embeddable":true,"href":"https:\/\/inspire-sport.com\/index.php\/wp-json\/wp\/v2\/comments?post=1286"}],"version-history":[{"count":2,"href":"https:\/\/inspire-sport.com\/index.php\/wp-json\/wp\/v2\/pages\/1286\/revisions"}],"predecessor-version":[{"id":1299,"href":"https:\/\/inspire-sport.com\/index.php\/wp-json\/wp\/v2\/pages\/1286\/revisions\/1299"}],"wp:attachment":[{"href":"https:\/\/inspire-sport.com\/index.php\/wp-json\/wp\/v2\/media?parent=1286"}],"wp:term":[{"taxonomy":"folder","embeddable":true,"href":"https:\/\/inspire-sport.com\/index.php\/wp-json\/wp\/v2\/folder?post=1286"}],"curies":[{"name":"wp","href":"https:\/\/api.w.org\/{rel}","templated":true}]}}