{"id":1275,"date":"2025-01-29T16:41:39","date_gmt":"2025-01-29T15:41:39","guid":{"rendered":"https:\/\/inspire-sport.com\/?page_id=1275"},"modified":"2025-01-29T16:51:26","modified_gmt":"2025-01-29T15:51:26","slug":"as-nossas-actividades","status":"publish","type":"page","link":"https:\/\/inspire-sport.com\/index.php\/pt\/as-nossas-actividades\/","title":{"rendered":"As nossas actividades"},"content":{"rendered":"\n<div class=\"wp-block-cover alignfull\" style=\"min-height:300px;aspect-ratio:unset;\"><span aria-hidden=\"true\" class=\"wp-block-cover__background has-nv-site-bg-background-color has-background-dim-100 has-background-dim\"><\/span><div class=\"wp-block-cover__inner-container is-layout-flow wp-block-cover-is-layout-flow\">\n<div class=\"wp-block-group\"><div class=\"wp-block-group__inner-container is-layout-flow wp-block-group-is-layout-flow\">\n<p><\/p>\n\n\n\n<h2 class=\"wp-block-heading has-text-align-left has-neve-text-color-color has-text-color\">As nossas actividades<\/h2>\n<\/div><\/div>\n\n\n\n<div class=\"wp-block-media-text is-stacked-on-mobile\"><figure class=\"wp-block-media-text__media\"><img loading=\"lazy\" decoding=\"async\" width=\"1013\" height=\"704\" src=\"https:\/\/inspire-sport.com\/wp-content\/uploads\/2025\/01\/audit.png\" alt=\"\" class=\"wp-image-1117 size-full\" srcset=\"https:\/\/inspire-sport.com\/wp-content\/uploads\/2025\/01\/audit.png 1013w, https:\/\/inspire-sport.com\/wp-content\/uploads\/2025\/01\/audit-300x208.png 300w, https:\/\/inspire-sport.com\/wp-content\/uploads\/2025\/01\/audit-768x534.png 768w\" sizes=\"auto, (max-width: 1013px) 100vw, 1013px\" \/><\/figure><div class=\"wp-block-media-text__content\">\n<p class=\"has-nv-dark-bg-color has-text-color has-link-color wp-elements-8c7251ac037a7f2db99db776190e08f3\"><strong>Auditoria\/Especializa\u00e7\u00e3o (Desenvolvimento e Estrutura\u00e7\u00e3o<\/strong>)<\/p>\n\n\n\n<p class=\"has-nv-dark-bg-color has-text-color has-link-color wp-elements-07f3647349ce1cb41fb28442e1b9eda7\">Oferecemos um servi\u00e7o completo de auditoria para clubes, academias, federa\u00e7\u00f5es e outras estruturas desportivas. Os nossos peritos efectuam uma an\u00e1lise aprofundada da organiza\u00e7\u00e3o, das infra-estruturas, das estrat\u00e9gias de desenvolvimento e do desempenho global. Com base nesta avalia\u00e7\u00e3o, fornecemos recomenda\u00e7\u00f5es precisas para melhorar a estrutura, otimizar os processos e maximizar os resultados desportivos e operacionais.<\/p>\n\n\n\n<p class=\"has-nv-dark-bg-color has-text-color has-link-color wp-elements-e5570200655e044d52edf2ac7613b624\"><strong>Objectivos :<\/strong><\/p>\n\n\n\n<ul class=\"wp-block-list\">\n<li class=\"has-nv-dark-bg-color has-text-color has-link-color wp-elements-c47f9818eec5ea1a642bb992f75d544b\">Identificar os pontos fortes e fracos da organiza\u00e7\u00e3o.<\/li>\n\n\n\n<li class=\"has-nv-dark-bg-color has-text-color has-link-color wp-elements-1c77822d10abba1aebd4aac9ff30c143\">Propor planos de desenvolvimento personalizados para aumentar a competitividade.<\/li>\n\n\n\n<li class=\"has-nv-dark-bg-color has-text-color has-link-color wp-elements-c9086bd71ce1e2db6d463ba1d98c3ab6\">Acompanhar as estruturas na implementa\u00e7\u00e3o das recomenda\u00e7\u00f5es.<\/li>\n\n\n\n<li>Apoiar as estruturas na implementa\u00e7\u00e3o das recomenda\u00e7\u00f5es.<\/li>\n<\/ul>\n\n\n\n<p><\/p>\n\n\n\n<p><\/p>\n\n\n\n<p class=\"has-text-align-left has-neve-text-color-color has-text-color has-link-color wp-elements-e33e50b672474958596678b5f036f540\"><\/p>\n<\/div><\/div>\n\n\n\n<div class=\"wp-block-media-text has-media-on-the-right is-stacked-on-mobile\"><div class=\"wp-block-media-text__content\">\n<p class=\"has-nv-dark-bg-color has-text-color has-link-color wp-elements-2d19528f696459b995c29dcd50f96b82\"><strong>Gest\u00e3o de carreiras (atletas profissionais) e direitos de imagem<\/strong><\/p>\n\n\n\n<p class=\"has-nv-dark-bg-color has-text-color has-link-color wp-elements-c72a6b2a978ea52aa50c9a22551a7166\">Prestamos um servi\u00e7o completo de gest\u00e3o de carreira para atletas profissionais, abrangendo todos os aspectos da sua progress\u00e3o desportiva e imagem p\u00fablica. O nosso servi\u00e7o inclui planeamento de carreira, desenvolvimento de imagem pessoal e negocia\u00e7\u00e3o de contratos de direitos de imagem.<\/p>\n\n\n\n<p class=\"has-nv-dark-bg-color has-text-color has-link-color wp-elements-2702b52ed57fd4a0fd71d2071e51fa64\"><strong>Objectivos:<\/strong><\/p>\n\n\n\n<ul class=\"wp-block-list\">\n<li class=\"has-nv-dark-bg-color has-text-color has-link-color wp-elements-e2402838dcceab2e0281d113c2c55c8d\">Prestar aconselhamento jur\u00eddico em mat\u00e9ria de direitos de imagem e contratos.<\/li>\n\n\n\n<li class=\"has-nv-dark-bg-color has-text-color has-link-color wp-elements-ae8e671ee3ba1e93a2ac7490ebbf522d\">Ajudar os atletas a atingir os seus objectivos profissionais e a gerir eficazmente a sua imagem.<\/li>\n\n\n\n<li class=\"has-nv-dark-bg-color has-text-color has-link-color wp-elements-377b5d567b03958f74a054b3cc01a3e4\">Negociar as melhores oportunidades comerciais e de patroc\u00ednio.<\/li>\n\n\n\n<li><\/li>\n<\/ul>\n<\/div><figure class=\"wp-block-media-text__media\"><img loading=\"lazy\" decoding=\"async\" width=\"1012\" height=\"677\" src=\"https:\/\/inspire-sport.com\/wp-content\/uploads\/2025\/01\/Accompagnement-de-Carriere-1-1.png\" alt=\"\" class=\"wp-image-1156 size-full\" srcset=\"https:\/\/inspire-sport.com\/wp-content\/uploads\/2025\/01\/Accompagnement-de-Carriere-1-1.png 1012w, https:\/\/inspire-sport.com\/wp-content\/uploads\/2025\/01\/Accompagnement-de-Carriere-1-1-300x201.png 300w, https:\/\/inspire-sport.com\/wp-content\/uploads\/2025\/01\/Accompagnement-de-Carriere-1-1-768x514.png 768w\" sizes=\"auto, (max-width: 1012px) 100vw, 1012px\" \/><\/figure><\/div>\n\n\n\n<div class=\"wp-block-media-text is-stacked-on-mobile\"><figure class=\"wp-block-media-text__media\"><img loading=\"lazy\" decoding=\"async\" width=\"1019\" height=\"678\" src=\"https:\/\/inspire-sport.com\/wp-content\/uploads\/2025\/01\/Apporteur-dOpportunites-1.png\" alt=\"\" class=\"wp-image-1157 size-full\" srcset=\"https:\/\/inspire-sport.com\/wp-content\/uploads\/2025\/01\/Apporteur-dOpportunites-1.png 1019w, https:\/\/inspire-sport.com\/wp-content\/uploads\/2025\/01\/Apporteur-dOpportunites-1-300x200.png 300w, https:\/\/inspire-sport.com\/wp-content\/uploads\/2025\/01\/Apporteur-dOpportunites-1-768x511.png 768w, https:\/\/inspire-sport.com\/wp-content\/uploads\/2025\/01\/Apporteur-dOpportunites-1-930x620.png 930w\" sizes=\"auto, (max-width: 1019px) 100vw, 1019px\" \/><\/figure><div class=\"wp-block-media-text__content\">\n<p class=\"has-nv-dark-bg-color has-text-color has-link-color wp-elements-f89be7d2400f9b0000e867803268b37f\"><strong>Fornecedor de oportunidades (redes empresariais)<\/strong><\/p>\n\n\n\n<p class=\"has-nv-dark-bg-color has-text-color has-link-color wp-elements-b352486e46a9e222ed3c93431b5609c2\">Como intermedi\u00e1rio comercial, ligamos clubes, federa\u00e7\u00f5es e talentos desportivos a potenciais empresas e patrocinadores. Identificamos e facilitamos oportunidades de parcerias estrat\u00e9gicas que podem fornecer apoio financeiro e log\u00edstico, criando simultaneamente novos fluxos de receitas.<\/p>\n\n\n\n<p class=\"has-nv-dark-bg-color has-text-color has-link-color wp-elements-2702b52ed57fd4a0fd71d2071e51fa64\"><strong>Objectivos:<\/strong><\/p>\n\n\n\n<ul class=\"wp-block-list\">\n<li class=\"has-nv-dark-bg-color has-text-color has-link-color wp-elements-b9d21bab00e45075f01dc4adf11f670a\">Desenvolver uma forte rede de parceiros empresariais para apoiar projectos desportivos.<\/li>\n\n\n\n<li class=\"has-nv-dark-bg-color has-text-color has-link-color wp-elements-b497f19fd2ba6677b4f273f2a21a295e\">Criar oportunidades de crescimento m\u00fatuo para talentos desportivos e empresas.<\/li>\n\n\n\n<li>Negociar parcerias vantajosas e sustent\u00e1veis.<\/li>\n<\/ul>\n<\/div><\/div>\n\n\n\n<div class=\"wp-block-media-text has-media-on-the-right is-stacked-on-mobile\"><div class=\"wp-block-media-text__content\">\n<p class=\"has-text-align-center has-nv-dark-bg-color has-text-color has-link-color has-medium-font-size wp-elements-19648619fcb3deb5ce7f370e832b8371\"><strong><strong>Marketing de eventos (organiza\u00e7\u00e3o de jogos, torneios, cursos de forma\u00e7\u00e3o e dete\u00e7\u00f5es)<\/strong><\/strong><\/p>\n\n\n\n<p class=\"has-text-align-left has-nv-dark-bg-color has-text-color has-link-color wp-elements-b613916ace178591ebd1871a676c8546\"><br>Organizamos eventos desportivos, tais como jogos de exibi\u00e7\u00e3o, torneios, cursos de forma\u00e7\u00e3o e dias de prospe\u00e7\u00e3o para destacar talentos emergentes. Estes eventos s\u00e3o concebidos para dar a m\u00e1xima exposi\u00e7\u00e3o aos jovens talentos e atrair a aten\u00e7\u00e3o dos recrutadores.<\/p>\n\n\n\n<p class=\"has-nv-dark-bg-color has-text-color has-link-color wp-elements-2702b52ed57fd4a0fd71d2071e51fa64\"><strong>Objectivos:<\/strong><\/p>\n\n\n\n<ul class=\"wp-block-list\">\n<li class=\"has-nv-dark-bg-color has-text-color has-link-color wp-elements-0963efa0b4411ab9d629fc716a1be1ad\">Oferecer aos jovens talentos plataformas para demonstrarem as suas capacidades.<\/li>\n\n\n\n<li class=\"has-nv-dark-bg-color has-text-color has-link-color wp-elements-9ee6c69351480ab19f0deada2939a2bc\">Atrair recrutadores e clubes \u00e0 procura de novos jogadores promissores.<\/li>\n\n\n\n<li class=\"has-nv-dark-bg-color has-text-color has-link-color wp-elements-af30340e89e54a756ff156db55ddc4c0\">Criar experi\u00eancias memor\u00e1veis e gratificantes para os participantes.<\/li>\n\n\n\n<li><\/li>\n<\/ul>\n<\/div><figure class=\"wp-block-media-text__media\"><img loading=\"lazy\" decoding=\"async\" width=\"874\" height=\"846\" src=\"https:\/\/inspire-sport.com\/wp-content\/uploads\/2025\/01\/Marketing-Evenementiel-1.png\" alt=\"\" class=\"wp-image-1158 size-full\" srcset=\"https:\/\/inspire-sport.com\/wp-content\/uploads\/2025\/01\/Marketing-Evenementiel-1.png 874w, https:\/\/inspire-sport.com\/wp-content\/uploads\/2025\/01\/Marketing-Evenementiel-1-300x290.png 300w, https:\/\/inspire-sport.com\/wp-content\/uploads\/2025\/01\/Marketing-Evenementiel-1-768x743.png 768w\" sizes=\"auto, (max-width: 874px) 100vw, 874px\" \/><\/figure><\/div>\n\n\n\n<div class=\"wp-block-media-text is-stacked-on-mobile\"><figure class=\"wp-block-media-text__media\"><img loading=\"lazy\" decoding=\"async\" width=\"1011\" height=\"665\" src=\"https:\/\/inspire-sport.com\/wp-content\/uploads\/2025\/01\/scouting-lcub-pro-1.png\" alt=\"\" class=\"wp-image-1159 size-full\" srcset=\"https:\/\/inspire-sport.com\/wp-content\/uploads\/2025\/01\/scouting-lcub-pro-1.png 1011w, https:\/\/inspire-sport.com\/wp-content\/uploads\/2025\/01\/scouting-lcub-pro-1-300x197.png 300w, https:\/\/inspire-sport.com\/wp-content\/uploads\/2025\/01\/scouting-lcub-pro-1-768x505.png 768w\" sizes=\"auto, (max-width: 1011px) 100vw, 1011px\" \/><\/figure><div class=\"wp-block-media-text__content\">\n<p class=\"has-nv-dark-bg-color has-text-color has-link-color wp-elements-ef5ade79935e8e2b2517ada730f4b36d\"><strong>Consultoria de Scouting para Clubes Profissionais<\/strong><\/p>\n\n\n\n<p class=\"has-nv-dark-bg-color has-text-color has-link-color wp-elements-c694ab762668fae488a10e79caa22b3e\">Prestamos servi\u00e7os de consultoria de scouting para clubes profissionais, com acesso exclusivo a uma base de dados detalhada de perfis de jogadores. A nossa experi\u00eancia ajuda os clubes a identificar e recrutar os talentos que correspondem perfeitamente \u00e0s suas necessidades estrat\u00e9gicas, estabelecendo parcerias com clubes amadores e profissionais.<\/p>\n\n\n\n<p class=\"has-nv-dark-bg-color has-text-color has-link-color wp-elements-2702b52ed57fd4a0fd71d2071e51fa64\"><strong>Objectivos:<\/strong><\/p>\n\n\n\n<ul class=\"wp-block-list\">\n<li class=\"has-nv-dark-bg-color has-text-color has-link-color wp-elements-c306d1cc3e911633071f34bac7cb6884\">Otimizar os esfor\u00e7os de recrutamento atrav\u00e9s de dados precisos e de uma an\u00e1lise aprofundada.<\/li>\n\n\n\n<li class=\"has-nv-dark-bg-color has-text-color has-link-color wp-elements-e3014608c2fbce1244e7ee34a3cb5526\">Facilitar parcerias entre clubes amadores e profissionais para um interc\u00e2mbio eficiente de talentos.<\/li>\n\n\n\n<li class=\"has-nv-dark-bg-color has-text-color has-link-color wp-elements-deeef7988f90a4a63547bb1470e21ef3\">Ajudar os clubes a implementar estrat\u00e9gias de prospe\u00e7\u00e3o bem sucedidas.<\/li>\n<\/ul>\n\n\n\n<ul class=\"wp-block-list\">\n<li><\/li>\n\n\n\n<li><\/li>\n<\/ul>\n<\/div><\/div>\n<\/div><\/div>\n\n\n\n<div class=\"wp-block-group alignfull has-nv-site-bg-color has-nv-dark-bg-background-color has-text-color has-background is-vertical is-content-justification-center is-layout-flex wp-container-core-group-is-layout-f1198d31 wp-block-group-is-layout-flex\" style=\"min-height:40vh;margin-top:0;margin-bottom:0;padding-top:var(--wp--preset--spacing--60);padding-right:var(--wp--preset--spacing--50);padding-bottom:var(--wp--preset--spacing--60);padding-left:var(--wp--preset--spacing--50)\"><div style=\"margin-bottom:6px;\" class=\"is-default-size aligncenter wp-block-site-logo\"><a href=\"https:\/\/inspire-sport.com\/\" class=\"custom-logo-link\" rel=\"home\"><img loading=\"lazy\" decoding=\"async\" width=\"168\" height=\"168\" src=\"https:\/\/inspire-sport.com\/wp-content\/uploads\/2024\/04\/Sujet.png\" class=\"custom-logo\" alt=\"INSPIRE SPORT CONSULTING\" srcset=\"https:\/\/inspire-sport.com\/wp-content\/uploads\/2024\/04\/Sujet.png 168w, https:\/\/inspire-sport.com\/wp-content\/uploads\/2024\/04\/Sujet-150x150.png 150w\" sizes=\"auto, (max-width: 168px) 100vw, 168px\" \/><\/a><\/div>\n\n\n<p class=\"has-text-align-center has-text-color has-link-color has-medium-font-size wp-elements-a36faf683bba8da9e9ffdf809690f0dd\" style=\"color:#eee53a\"><strong>Win together on your<br>next project<\/strong><\/p>\n<\/div>\n","protected":false},"excerpt":{"rendered":"<p>Win together on yournext project<\/p>\n","protected":false},"author":1,"featured_media":0,"parent":0,"menu_order":0,"comment_status":"closed","ping_status":"closed","template":"","meta":{"neve_meta_sidebar":"full-width","neve_meta_container":"","neve_meta_enable_content_width":"on","neve_meta_content_width":100,"neve_meta_title_alignment":"","neve_meta_author_avatar":"","neve_post_elements_order":"","neve_meta_disable_header":"","neve_meta_disable_footer":"","neve_meta_disable_title":"on","_themeisle_gutenberg_block_has_review":false,"_ti_tpc_template_sync":false,"_ti_tpc_template_id":"","footnotes":""},"folder":[36],"class_list":["post-1275","page","type-page","status-publish","hentry"],"_links":{"self":[{"href":"https:\/\/inspire-sport.com\/index.php\/wp-json\/wp\/v2\/pages\/1275","targetHints":{"allow":["GET"]}}],"collection":[{"href":"https:\/\/inspire-sport.com\/index.php\/wp-json\/wp\/v2\/pages"}],"about":[{"href":"https:\/\/inspire-sport.com\/index.php\/wp-json\/wp\/v2\/types\/page"}],"author":[{"embeddable":true,"href":"https:\/\/inspire-sport.com\/index.php\/wp-json\/wp\/v2\/users\/1"}],"replies":[{"embeddable":true,"href":"https:\/\/inspire-sport.com\/index.php\/wp-json\/wp\/v2\/comments?post=1275"}],"version-history":[{"count":4,"href":"https:\/\/inspire-sport.com\/index.php\/wp-json\/wp\/v2\/pages\/1275\/revisions"}],"predecessor-version":[{"id":1301,"href":"https:\/\/inspire-sport.com\/index.php\/wp-json\/wp\/v2\/pages\/1275\/revisions\/1301"}],"wp:attachment":[{"href":"https:\/\/inspire-sport.com\/index.php\/wp-json\/wp\/v2\/media?parent=1275"}],"wp:term":[{"taxonomy":"folder","embeddable":true,"href":"https:\/\/inspire-sport.com\/index.php\/wp-json\/wp\/v2\/folder?post=1275"}],"curies":[{"name":"wp","href":"https:\/\/api.w.org\/{rel}","templated":true}]}}