{"id":1273,"date":"2025-01-29T16:42:09","date_gmt":"2025-01-29T15:42:09","guid":{"rendered":"https:\/\/inspire-sport.com\/?page_id=1273"},"modified":"2025-01-29T16:55:06","modified_gmt":"2025-01-29T15:55:06","slug":"doacao","status":"publish","type":"page","link":"https:\/\/inspire-sport.com\/index.php\/pt\/doacao\/","title":{"rendered":"Doa\u00e7\u00e3o"},"content":{"rendered":"\n<figure class=\"wp-block-image size-full is-resized\"><img loading=\"lazy\" decoding=\"async\" width=\"1006\" height=\"663\" src=\"https:\/\/inspire-sport.com\/wp-content\/uploads\/2025\/01\/don-1.png\" alt=\"\" class=\"wp-image-1194\" style=\"width:485px;height:auto\" srcset=\"https:\/\/inspire-sport.com\/wp-content\/uploads\/2025\/01\/don-1.png 1006w, https:\/\/inspire-sport.com\/wp-content\/uploads\/2025\/01\/don-1-300x198.png 300w, https:\/\/inspire-sport.com\/wp-content\/uploads\/2025\/01\/don-1-768x506.png 768w\" sizes=\"auto, (max-width: 1006px) 100vw, 1006px\" \/><\/figure>\n\n\n\n<p class=\"has-medium-font-size\"><strong>Um forte compromisso atrav\u00e9s do futebol e do desporto<\/strong><\/p>\n\n\n\n<p class=\"has-medium-font-size\">Atrav\u00e9s do futebol, a nossa empresa est\u00e1 empenhada em apoiar as crian\u00e7as e os adolescentes (raparigas e rapazes) e as suas fam\u00edlias que se encontram em situa\u00e7\u00f5es prec\u00e1rias ou s\u00e3o v\u00edtimas de discrimina\u00e7\u00e3o em todo o mundo.<\/p>\n\n\n\n<p class=\"has-medium-font-size\"><strong>Um projeto social global<\/strong><\/p>\n\n\n\n<p class=\"has-medium-font-size\">Sob o lema \u201cOther People&#8217;s Lives Matter Too\u201d, realizamos iniciativas de marketing e eventos que integram aspectos sociais, de sa\u00fade, desportivos e culturais. Estas iniciativas incluem a organiza\u00e7\u00e3o de torneios e cursos culturais \u00e0 escala nacional e internacional, oferecendo aos jovens oportunidades de viagens educativas e enriquecedoras.<\/p>\n\n\n\n<p class=\"has-medium-font-size\"><strong>Porqu\u00ea ajudar-nos?<\/strong><\/p>\n\n\n\n<p class=\"has-medium-font-size\">Enfrentamos grandes desafios econ\u00f3micos no financiamento :<\/p>\n\n\n\n<ul class=\"wp-block-list\">\n<li class=\"has-medium-font-size\">Procedimentos administrativos e taxas de visto.<\/li>\n\n\n\n<li class=\"has-medium-font-size\">Cuidados m\u00e9dicos devido a epidemias que afectam mulheres e crian\u00e7as.<\/li>\n\n\n\n<li class=\"has-medium-font-size\">Acesso \u00e0 alimenta\u00e7\u00e3o e ao material escolar.<\/li>\n\n\n\n<li class=\"has-medium-font-size\">Acesso \u00e0 \u00e1gua pot\u00e1vel e apoio aos \u00f3rf\u00e3os.<\/li>\n\n\n\n<li class=\"has-medium-font-size\">Reduzir os obst\u00e1culos geogr\u00e1ficos que privam muitas crian\u00e7as de um futuro melhor.<\/li>\n<\/ul>\n\n\n\n<h3 class=\"wp-block-heading has-medium-font-size\">A nossa vis\u00e3o<\/h3>\n\n\n\n<p class=\"has-medium-font-size\">Acreditamos num mundo mais humano, rico em diversidade mas marcado por desigualdades que podemos reduzir. Atrav\u00e9s do futebol, estamos a trabalhar para um futuro melhor, levando esperan\u00e7a e transforma\u00e7\u00e3o a comunidades vulner\u00e1veis.<\/p>\n\n\n\n<p class=\"has-medium-font-size\">O seu apoio \u00e9 essencial. Juntos, vamos criar um modelo de solidariedade e exemplaridade e ajudar a mudar vidas..<\/p>\n\n\n\n<div class=\"wp-block-file\"><a id=\"wp-block-file--media-ef70913f-a56c-4bd6-a997-c0baafb1ea12\" href=\"https:\/\/inspire-sport.com\/wp-content\/uploads\/2025\/01\/FORMULAIRE-DEPOT-DONS-MECENAT-SPONSORING-ANGLAIS-2-1.pdf\">FORM-DEPOT-DONS-MECENAT-SPONSORING<\/a><a href=\"https:\/\/inspire-sport.com\/wp-content\/uploads\/2025\/01\/FORMULAIRE-DEPOT-DONS-MECENAT-SPONSORING-ANGLAIS-2-1.pdf\" class=\"wp-block-file__button wp-element-button\" download aria-describedby=\"wp-block-file--media-ef70913f-a56c-4bd6-a997-c0baafb1ea12\">Descarregar<\/a><\/div>\n\n\n\n<p><\/p>\n","protected":false},"excerpt":{"rendered":"<p>Um forte compromisso atrav\u00e9s do futebol e do desporto Atrav\u00e9s do futebol, a nossa empresa est\u00e1 empenhada em apoiar as crian\u00e7as e os adolescentes (raparigas e rapazes) e as suas fam\u00edlias que se encontram em situa\u00e7\u00f5es prec\u00e1rias ou s\u00e3o v\u00edtimas de discrimina\u00e7\u00e3o em todo o mundo. Um projeto social global Sob o lema \u201cOther People&#8217;s&hellip;&nbsp;<a href=\"https:\/\/inspire-sport.com\/index.php\/pt\/doacao\/\" class=\"\" rel=\"bookmark\">Lire la suite &raquo;<span class=\"screen-reader-text\">Doa\u00e7\u00e3o<\/span><\/a><\/p>\n","protected":false},"author":1,"featured_media":0,"parent":0,"menu_order":0,"comment_status":"closed","ping_status":"closed","template":"","meta":{"neve_meta_sidebar":"","neve_meta_container":"","neve_meta_enable_content_width":"","neve_meta_content_width":0,"neve_meta_title_alignment":"","neve_meta_author_avatar":"","neve_post_elements_order":"","neve_meta_disable_header":"","neve_meta_disable_footer":"","neve_meta_disable_title":"","_themeisle_gutenberg_block_has_review":false,"_ti_tpc_template_sync":false,"_ti_tpc_template_id":"","footnotes":""},"folder":[36],"class_list":["post-1273","page","type-page","status-publish","hentry"],"_links":{"self":[{"href":"https:\/\/inspire-sport.com\/index.php\/wp-json\/wp\/v2\/pages\/1273","targetHints":{"allow":["GET"]}}],"collection":[{"href":"https:\/\/inspire-sport.com\/index.php\/wp-json\/wp\/v2\/pages"}],"about":[{"href":"https:\/\/inspire-sport.com\/index.php\/wp-json\/wp\/v2\/types\/page"}],"author":[{"embeddable":true,"href":"https:\/\/inspire-sport.com\/index.php\/wp-json\/wp\/v2\/users\/1"}],"replies":[{"embeddable":true,"href":"https:\/\/inspire-sport.com\/index.php\/wp-json\/wp\/v2\/comments?post=1273"}],"version-history":[{"count":2,"href":"https:\/\/inspire-sport.com\/index.php\/wp-json\/wp\/v2\/pages\/1273\/revisions"}],"predecessor-version":[{"id":1303,"href":"https:\/\/inspire-sport.com\/index.php\/wp-json\/wp\/v2\/pages\/1273\/revisions\/1303"}],"wp:attachment":[{"href":"https:\/\/inspire-sport.com\/index.php\/wp-json\/wp\/v2\/media?parent=1273"}],"wp:term":[{"taxonomy":"folder","embeddable":true,"href":"https:\/\/inspire-sport.com\/index.php\/wp-json\/wp\/v2\/folder?post=1273"}],"curies":[{"name":"wp","href":"https:\/\/api.w.org\/{rel}","templated":true}]}}